{"id":1660,"date":"2023-10-10T11:08:06","date_gmt":"2023-10-10T09:08:06","guid":{"rendered":"https:\/\/classysassybutik.pl\/?page_id=1660"},"modified":"2025-09-29T15:18:41","modified_gmt":"2025-09-29T13:18:41","slug":"regulamin","status":"publish","type":"page","link":"https:\/\/classysassybutik.pl\/en\/regulamin\/","title":{"rendered":"Term and conditions"},"content":{"rendered":"<div data-elementor-type=\"wp-page\" data-elementor-id=\"1660\" class=\"elementor elementor-1660\" data-elementor-post-type=\"page\">\n\t\t\t\t<div class=\"elementor-element elementor-element-1a5cc75 e-flex e-con-boxed e-con e-parent\" data-id=\"1a5cc75\" data-element_type=\"container\" data-e-type=\"container\">\n\t\t\t\t\t<div class=\"e-con-inner\">\n\t\t\t\t<div class=\"elementor-element elementor-element-bd5a4f2 elementor-widget elementor-widget-text-editor\" data-id=\"bd5a4f2\" data-element_type=\"widget\" data-e-type=\"widget\" data-widget_type=\"text-editor.default\">\n\t\t\t\t<div class=\"elementor-widget-container\">\n\t\t\t\t\t\t\t\t\t<h2 style=\"text-align: center;\">WEBSHOP REGULATIONS<\/h2><p style=\"text-align: center;\"><strong>www.classysassybutik.pl<\/strong><\/p><p><strong>\u00a7 1<\/strong><\/p><p><strong>GENERAL PROVISIONS<\/strong><\/p><p>1.Online shop <strong>Classy Sassy<\/strong>, available at <span style=\"color: #000000;\"><strong><a style=\"color: #000000;\" href=\"https:\/\/classysassybutik.pl\/en\/\" target=\"_new\" rel=\"noopener\">www.classysassybutik.pl<\/a><\/strong>,<\/span> is led by:<br \/><strong>Agencja Protektor S\u0142awomir Galik<\/strong><br \/>Address: ul. Hryniewickiego 6a\/195 81-340 Gdynia<br \/>NIP: 5861405540| REGON: 191481340<\/p><p>2.The Regulations set out:<br \/>a) the terms and conditions for the conclusion and termination of contracts for the sale of Products through the Shop,<br \/>(b) the principles and procedures of the complaints procedure,<br \/>c) the principles for ensuring that the Products comply with the safety requirements of Regulation (EU) 2023\/988 on General Product Safety (GPSR).\u00a0\u00a0\u00a0\u00a0\u00a0\u00a0\u00a0<\/p><p>3.The shop operates in accordance with Polish and EU law, in particular with:<\/p><p>Regulation (EU) 2023\/988 of the European Parliament and of the Council on General Product Safety (GPSR).<\/p><p>The Consumer Rights Act of 30 May 2014.<\/p><p>Act of 18 July 2002 on the provision of electronic services.<\/p><p>Civil Code of 23 April 1964.\u00a0\u00a0\u00a0\u00a0\u00a0\u00a0\u00a0\u00a0\u00a0\u00a0\u00a0\u00a0\u00a0\u00a0\u00a0\u00a0\u00a0\u00a0<\/p><p>4.Use of the shop implies acceptance of these terms and conditions.<\/p><p><strong>\u00a7 2<\/strong><\/p><p><strong>DEFINITIONS CONTAINED IN THE RULES OF PROCEDURE<\/strong><\/p><ol><li><p><strong>ORDER FORM<\/strong>\u00a0- the form available on the website www.classysassybutik.pl to place an Order.<\/p><\/li><li><p><strong>CUSTOMER<\/strong>\u00a0- Customer who intends to conclude or has concluded a Sales Contract with the Seller.<\/p><\/li><li><p><strong>CONSUMER<\/strong>\u00a0- a natural person who makes a legal transaction with a trader which is not directly connected with the trader's commercial or professional activity.<\/p><\/li><li><p><strong>ENTREPRENEUR\u00a0<\/strong>- a natural person, a legal person and an organisational entity which is not a legal person but to which the law confers legal capacity, conducting a commercial or professional activity in its own name.<\/p><\/li><li><p><strong>PRODUCT<\/strong>\u00a0- a movable item available in the Shop which is the subject of a Sales Contract between the Customer and the Seller.<\/p><\/li><li><p><strong>REGULATIONS<\/strong>\u00a0- these Shop Rules.<\/p><\/li><li><p><strong>SHOP<\/strong>\u00a0- Provider's online shop operating at www.classysassybutik.pl.<\/p><\/li><li><p><strong>SALESMAN<\/strong>,\u00a0<strong>SERVICE PROVIDER<\/strong> \u2013 Agencja Protektor S\u0142awomir Galik, ul. Hryniewickiego 6a\/195 81-340 Gdynia, NIP: 5861405540<span style=\"background-color: transparent; font-family: var( --e-global-typography-text-font-family ), Sans-serif; font-weight: var( --e-global-typography-text-font-weight ); text-align: var(--text-align);\"> | REGON: 191481340<\/span><span style=\"background-color: transparent; font-family: var( --e-global-typography-text-font-family ), Sans-serif; font-weight: var( --e-global-typography-text-font-weight ); text-align: var(--text-align);\">\u00a0<\/span><span style=\"background-color: transparent; font-family: var( --e-global-typography-text-font-family ), Sans-serif; font-weight: var( --e-global-typography-text-font-weight ); text-align: var(--text-align);\">www.classysassybutik.pl<\/span><\/p><\/li><li><p><strong>SALES CONTRACT<\/strong>\u00a0- Contract of Sale of a Product concluded between the Customer and the Seller via the Shop.<\/p><\/li><li><p><strong>ORDER<\/strong>\u00a0- the Customer's declaration of intent constituting an offer to conclude a Product Sales Agreement with the Seller.<\/p><\/li><li><p><strong>PRICE\u00a0<\/strong>- the value expressed in monetary units that the Customer is obliged to pay to the Seller for the Product.<\/p><\/li><\/ol><p><strong>\u00a7 3<\/strong><\/p><p><strong>INFORMATION ON PRODUCTS AND THEIR ORDERING<\/strong><\/p><ol><li><p>The shop www.classysassybutik.pl sells Products via the Internet.<\/p><\/li><li><p>The products offered in the Shop are new, in conformity with the contract and have been legally introduced into the Polish market.<\/p><\/li><li><p>The information on the Shop's website does not constitute an offer within the meaning of the law. When placing an Order, the Customer makes an offer to purchase a specific Product under the conditions specified in its description.<\/p><\/li><li><p>The price of the Product shown on the Shop's website is given in Polish zloty (PLN) and includes all components. The price does not include delivery costs.<\/p><\/li><li><p>Orders can be placed via the website using the Order Form (Shop www.classysassybutik.pl) - 24 hours a day, all year round.<\/p><\/li><li><p>It is a condition of placing an Order in the Shop that the Customer reads the Terms and Conditions and accepts them at the time of placing the Order.<\/p><\/li><\/ol><p><strong>\u00a7 4<\/strong><\/p><p><strong>CONCLUSION OF THE SALES CONTRACT<\/strong><\/p><ol><li><p>In order to conclude a Sales Agreement, it is necessary for the Customer to place an Order via the method made available by the Seller, in accordance with \u00a7 3 items 5 and 6 of the Terms and Conditions.<\/p><\/li><li><p>Once the Order has been placed, the Seller shall immediately acknowledge its receipt.<\/p><\/li><li><p>The confirmation of receipt of the Order referred to in point 2 of this paragraph binds the Customer to his Order. Confirmation of receipt of the Order is made by sending an e-mail message.<\/p><\/li><li><p>Confirmation of receipt of the Order includes:<\/p><ol><li><p>confirmation of all essential elements of the Order,<\/p><\/li><li><p>withdrawal form,<\/p><\/li><li><p>these Terms and Conditions, including instructions on the right of withdrawal.<\/p><\/li><\/ol><\/li><li><p>As soon as the Customer receives the e-mail message referred to in point 4 of this paragraph, a Sales Contract is concluded between the Customer and the Seller.<\/p><\/li><li><p>Each Sales Contract will be confirmed by a proof of purchase, which will be enclosed with the Product.<\/p><\/li><\/ol><p><strong>\u00a7 5<\/strong><\/p><p><strong>METHODS OF PAYMENT<\/strong><\/p><ol><li><p>The seller provides the following payment methods:<\/p><ol><li><p>payment by traditional bank transfer to the Seller's bank account,<\/p><\/li><li><p>payment via the electronic payment system Przelewy24.o Transactions with electronic payments and payment cards are processed according to the customer's choice via the Przelewy24.pl service Electronic payments and payment cards are processed by: The administrator of the Payer's personal data is the company <strong>PayPro Joint Stock Company<\/strong> with registered office in Pozna\u0144, ul. Pastelowa 8, 60-198 Pozna\u0144, entered in the Register of Entrepreneurs of the National Court Register kept by the District Court Pozna\u0144 Nowe Miasto and Wilda, VIII Economic Division of the National Court Register under KRS number 0000347935, NIP number 7792369887, with share capital of PLN 4,737,100.00, fully paid up.<\/p><\/li><li>P\u0142atno\u015b\u0107 odroczona \u2013 us\u0142uga polegaj\u0105ca na odroczeniu terminu p\u0142atno\u015bci do 30 dni od dnia zawarcia Umowy Sprzeda\u017cy. Obs\u0142ug\u0119 p\u0142atno\u015bci odroczonych prowadzi sp\u00f3\u0142ka PayPo sp\u00f3\u0142ka PAYPO Z OGRANICZON\u0104 ODPOWIEDZIALNO\u015aCI\u0104 z siedzib\u0105 w Warszawie (adres siedziby: ul. Domaniewska 39, 02-672 Warszawa), zarejestrowana w rejestrze przedsi\u0119biorc\u00f3w Krajowego Rejestru S\u0105dowego pod numerem 0000575158, akta rejestrowe przechowywane przez S\u0105d Rejonowy dla m.st. Warszawy w Warszawie XIII Wydzia\u0142 Gospodarczy Krajowego Rejestru S\u0105dowego, kapita\u0142 zak\u0142adowy w wysoko\u015bci 1.075.650,00 z\u0142, NIP: 5213705997, REGON: 362485126. Sp\u00f3\u0142ka wpisana do Rejestru Instytucji Po\u017cyczkowych pod numerem RIP000135 oraz Rejestru Ma\u0142ych Instytucji P\u0142atniczych pod numerem MIP43\/2019 prowadzonych przez Komisj\u0119 Nadzoru Finansowego.\u00a0\u00a0\u00a0\u00a0\u00a0 4.W przypadku p\u0142atno\u015bci przelewem tradycyjnym, wp\u0142aty nale\u017cy dokona\u0107 na rachunek bankowy numer: 93109011020000000144072044\u00a0 \u00a0 (Santander Bank Polska) W tytule przelewu nale\u017cy wpisa\u0107 \u201eZam\u00f3wienie nr \u2026\u201d.<\/li><li>In the case of payment via an electronic payment system, the Customer shall pay before the Order is processed. The electronic payment system makes it possible to pay by credit card or fast transfer from selected Polish banks.<\/li><li>The Customer shall be obliged to pay the price for the Sales Agreement within 3 business days from the date of its conclusion, unless the Sales Agreement provides otherwise. If the Customer chooses deferred payment within the PayPo service, the Customer shall be obliged to make the payment to PayPo Sp. z o.o. within 30 days from the conclusion of the Sales Contract or, if the Customer chooses installment payment, to repay the amount due in accordance with the repayment schedule agreed upon with PayPo Sp. z o.o..<\/li><li>The product will only be dispatched once it has been paid for.<\/li><\/ol><\/li><\/ol><p><strong>\u00a7 6<\/strong><\/p><p><strong>COST, TIMING AND MEANS OF DELIVERY OF THE PRODUCT<\/strong><\/p><ol><li><p>The delivery costs of the Product, which are paid by the Customer, are determined during the Ordering process.<\/p><\/li><li><p>The delivery time for the Product consists of the time taken to complete the Product and the time taken for the delivery of the Product by the carrier:<\/p><ol><li><p>The completion time for the Products is up to 3 working days,<\/p><\/li><li>The deadline for delivery of the Product to the Customer ranges from 5 to 7 working days, unless a shorter deadline is specified in the description of the Product in question or when placing the Order. In the case of Products with different delivery times, the delivery period shall be the longest period stated, which however shall not exceed 7 working days. The start of the period for delivery of the Product to the Customer is calculated as follows: If the Customer chooses electronic payment or payment card payment - from the date of crediting the Seller's bank account or checking account\u00a0<\/li><li>Products purchased from the Shop are shipped exclusively within the territory of Poland via a courier company.<\/li><\/ol><\/li><\/ol><p><strong>\u00a7 7<\/strong><\/p><p><strong>PRODUCT COMPLAINT<\/strong><\/p><ol><li><p lang=\"en-US\"><strong>Complaint\u00a0<\/strong><strong>for non-conformity of the Product with the contract.<\/strong><\/p><ol><li><p lang=\"en-US\">The basis and scope of the Seller's liability towards the Customer who is a Consumer for the Product's non-conformity with the contract are set out in the Consumer Rights Act of 30 May 2014,<\/p><\/li><li><p lang=\"en-US\">The basis and scope of the Seller's liability towards the Customer, who is an Entrepreneur, under warranty are defined in the Civil Code Act of 23 April 1964,<\/p><\/li><li><p lang=\"en-US\">The Seller shall be liable to the Customer who is a Consumer for any lack of conformity of the Product with the contract existing at the time of delivery of the Product and disclosed within 2 years from that time, unless the expiry date of the Product specified by the Seller or persons acting on behalf of the Seller is longer,<\/p><\/li><li><p lang=\"en-US\">Notification of the lack of conformity of the Product with the contract and the corresponding request can be made by e-mail to the following address:\u00a0<strong>biuro@classysassybutik.pl .<\/strong> lub pisemnie na adres: Agencja Protektor S\u0142awomir Galik ul. Hryniewickiego 6A\/195 81-340 Gdynia<\/p><\/li><li><p lang=\"en-US\">In the above-mentioned written or electronic message, please provide as much information and circumstances concerning the subject of the complaint as possible, in particular the type and date of the irregularity and your contact details. The information provided will significantly facilitate and speed up the processing of the complaint by the Seller,<\/p><\/li><li><p lang=\"en-US\">for the assessment of irregularities and non-compliance of the Product with the contract, the Consumer is obliged to make the Product available to the Seller and the Seller is obliged to collect it at his own expense,<\/p><\/li><li><p lang=\"en-US\">The Seller shall respond to the Customer's request immediately, but no later than within 14 days of the complaint,<\/p><\/li><li><p lang=\"en-US\">in the case of a complaint from a Customer who is a Consumer, failure to deal with the complaint within 14 days of its notification is tantamount to accepting it,<\/p><\/li><li><p lang=\"en-US\">in connection with a justified complaint from a Customer who is a Consumer, the Seller accordingly:<\/p><\/li><\/ol><\/li><\/ol><ol type=\"a\"><li><p lang=\"en-US\">covers the costs of repair or replacement and of redelivery of the Product to the Customer,<\/p><\/li><li><p lang=\"en-US\">shall reduce the price of the Product (the reduced price must be in the ratio of the price of the goods in conformity to the goods not in conformity) and shall reimburse the Consumer the value of the reduced price at the latest within 14 days of receipt of the reduction declaration from the Consumer,<\/p><\/li><li><p lang=\"en-US\">in the case of withdrawal from the contract by the Consumer - the Seller shall return the price of the Product to the Consumer no later than within 14 days from the date of receipt of the returned goods or proof of their return. In the event of withdrawal from the contract, the Consumer is obliged to immediately return the goods to the Seller at the Seller's expense,<\/p><\/li><\/ol><ol><li style=\"list-style-type: none;\"><ol start=\"10\"><li><p lang=\"en-US\">the response to the complaint shall be given on paper or on another durable medium, e.g. by e-mail or SMS.<\/p><\/li><\/ol><\/li><\/ol><p><strong>\u00a7 8<\/strong><\/p><p><strong>RIGHT OF WITHDRAWAL<\/strong><\/p><ol><li><p>Subject to point 10 of this paragraph, a Customer who is also a Consumer who has concluded a distance contract may withdraw from the contract without stating reasons by submitting an appropriate declaration within 14 days.<\/p><\/li><li><p>In the event of withdrawal from the agreement, the Sales Agreement shall be considered unconcluded and the Consumer shall be obliged to return the Product to the Seller or hand it over to a person authorised by the Seller to collect it immediately, but no later than 14 days from the date on which he or she has withdrawn from the agreement, unless the Seller has offered to collect the Product himself. To meet the deadline it is sufficient to send back the Product before its expiry.<\/p><\/li><li><p>W przypadku odst\u0105pienia od Umowy Sprzeda\u017cy nale\u017cy dokona\u0107 zwrotu Produktu na adres: Agencja Protektor S\u0142awomir Galik ul. Hryniewickiego 6A\/195 81-340 Gdynia<\/p><\/li><li><p>The Consumer shall be liable for any diminution in the value of the Product resulting from the use of the Product beyond what is necessary to ascertain the nature, characteristics and functioning of the Product, unless the Seller has failed to inform the Consumer or the entity referred to in \u00a7 10 about the manner and timing of exercising the right of withdrawal and has not provided the Consumer with a model withdrawal form. In order to ascertain the nature, characteristics and functioning of the Products, the Consumer should only handle and inspect the Products in the same manner as he would be able to do so in a stationary shop.<\/p><\/li><li><p>Subject to points 6 and 8 of this paragraph, the Seller shall reimburse the value of the Product together with its delivery costs using the same method of payment as the Consumer used, unless the Consumer has expressly agreed to a different method of reimbursement which does not involve any costs for the Consumer. Subject to point 7 of this paragraph, the refund shall be made immediately, and at the latest within 14 days of receipt by the Seller of the notice of withdrawal from the Sales Agreement.<\/p><\/li><li><p>If the Consumer has chosen a delivery method for the Product other than the cheapest ordinary delivery method offered by the Shop, the Seller shall not be obliged to reimburse the Consumer the additional costs incurred by the Consumer.<\/p><\/li><li><p>If the Seller has not offered to collect the Product from the Consumer itself, the Seller may withhold reimbursement of the payment received from the Consumer until it has received the item back or provided proof of return, whichever event occurs first.<\/p><\/li><li><p>A Consumer withdrawing from a Sales Contract, in accordance with point 1 of this paragraph, shall only bear the costs of returning the Product to the Seller.<\/p><\/li><li><p>The fourteen-day period within which the Consumer may withdraw from the contract shall be counted for the contract in the performance of which the Seller issues the Product being obliged to transfer its ownership - from the day on which the Consumer (or a third person indicated by him\/her other than the carrier) took possession of the Product.<\/p><\/li><li><p>The right of withdrawal from a distance contract does not apply to the Consumer in the case of a Sales Contract, inter alia, in which the subject of the performance is a non-refabricated product, produced to the Consumer's specifications or serving to meet his\/her individual needs.<\/p><\/li><li><p>Both the Seller and the Customer have the right to withdraw from the Sales Contract if the other party to the contract fails to perform its obligation within a strictly defined period of time.<\/p><\/li><\/ol><p><strong>\u00a7 9<\/strong><\/p><p><strong>TYPE AND SCOPE OF ELECTRONIC SERVICES<\/strong><\/p><ol><li><p>The Service Provider makes it possible through the Shop to use an Electronic Service such as concluding Product Sales Contracts.<\/p><\/li><li><p>The provision of the Electronic Service to Service Recipients in the Store shall take place under the terms and conditions set out in the Terms and Conditions.<\/p><\/li><li><p>The Service Provider has the right to place advertising content on the Shop's website. Such content is an integral part of the Shop and the materials presented therein.<\/p><\/li><\/ol><p><strong>\u00a7 10<\/strong><\/p><p><strong>TERMS AND CONDITIONS FOR THE PROVISION AND CONCLUSION OF CONTRACTS FOR ELECTRONIC SERVICES<\/strong><\/p><ol><li><p>Provision of the Electronic Service specified in \u00a7 9.1 of the Regulations by the Service Provider is free of charge.<\/p><\/li><li><p>The contract for the provision of Electronic Services consisting of the possibility of placing an Order in the Shop is concluded for a definite period of time and is terminated as soon as the Order is placed or the Customer ceases to place it.<\/p><\/li><li><p>Technical requirements necessary to work with the ICT system used by the Service Provider:<\/p><ol><li><p>a computer (or mobile device) with Internet access,<\/p><\/li><li><p>access to e-mail,<\/p><\/li><li><p>web browser,<\/p><\/li><li><p>enable Cookies and Javascript in your web browser.<\/p><\/li><\/ol><\/li><li><p>The Customer is obliged to use the Shop in a manner consistent with the law and good manners, with due regard for the personal rights and intellectual property rights of third parties.<\/p><\/li><li><p>The customer is obliged to enter factually correct data.<\/p><\/li><\/ol><ol><li><p>The recipient is prohibited from providing unlawful content.<\/p><\/li><\/ol><p><strong>\u00a7 11<\/strong><\/p><p><strong>COMPLAINTS RELATING TO THE PROVISION OF ELECTRONIC SERVICES<\/strong><\/p><ol><li><p>Complaints relating to the provision of Electronic Services through the Shop may be made by the Customer via e-mail to the following address: biuro@classysassybutik.pl.<\/p><\/li><li><p>In the aforementioned e-mail message, please provide as much information and circumstances as possible about the subject of the complaint, in particular the type and date of the irregularity and your contact details. The information provided will greatly facilitate and expedite the handling of the complaint by the Service Provider.<\/p><\/li><li><p>The Service Provider shall deal with the complaint immediately, no later than within 14 days of the complaint.<\/p><\/li><li><p>The Service Provider's response to a complaint shall be sent to the Client's e-mail address specified in the complaint notification or in any other way specified by the Client<\/p><\/li><\/ol><p><strong>\u00a7 12<\/strong><\/p><p><strong>FINAL PROVISIONS<\/strong><\/p><ol><li><p>Contracts concluded through the Shop are concluded in accordance with Polish law.<\/p><\/li><li><p>If any part of these Terms and Conditions is inconsistent with applicable law, the relevant provisions of Polish law shall apply in place of the challenged provision.<\/p><\/li><li><p>Any disputes arising from Sales Agreements between the Shop and Consumers will be resolved in the first instance by negotiation, with the intention of settling the dispute amicably, taking into account the Act on out-of-court settlement of consumer disputes. However, if this would not be possible, or would be unsatisfactory to either party, disputes will be resolved by the competent common court, in accordance with point 4 of this paragraph.<\/p><\/li><li><p>Any disputes arising between the Service Provider and the Customer (Client) who is also a Consumer shall be submitted to the competent courts in accordance with the provisions of the Code of Civil Procedure of 17 November 1964.<\/p><\/li><li><p>A customer who is a Consumer also has the right to make use of out-of-court dispute resolution methods, in particular by submitting, after the conclusion of the complaint procedure, a request for mediation or a request for the case to be reviewed by an arbitration court (the request can be downloaded at\u00a0<a href=\"http:\/\/www.uokik.gov.pl\/download.php?plik=6223)\" target=\"_blank\" rel=\"noopener\">http:\/\/www.uokik.gov.pl\/download.php?plik=6223)<\/a>. The list of Permanent Consumer Arbitration Courts operating at Voivodship Inspectorates of Trade Inspection is available at: http:\/\/www.uokik.gov.pl\/wazne_adresy.php#faq596. A consumer may also use the free assistance of a county (municipal) consumer ombudsman or a social organisation whose statutory tasks include consumer protection. Out-of-court settlement of claims after the complaint procedure is free of charge.<\/p><\/li><\/ol>\t\t\t\t\t\t\t\t<\/div>\n\t\t\t\t<\/div>\n\t\t\t\t\t<\/div>\n\t\t\t\t<\/div>\n\t\t\t\t<\/div>","protected":false},"excerpt":{"rendered":"<p>REGULAMIN SKLEPU INTERNETOWEGO www.classysassybutik.pl \u00a7 1 POSTANOWIENIA OG\u00d3LNE 1.Sklep internetowy Classy Sassy, dost\u0119pny pod adresem www.classysassybutik.pl, prowadzony jest przez:Agencja Protektor S\u0142awomir GalikAdres: ul. Hryniewickiego 6a\/195 81-340 GdyniaNIP: 5861405540| REGON: 191481340 2.Regulamin okre\u015bla:a) warunki i zasady zawierania oraz rozwi\u0105zywania um\u00f3w sprzeda\u017cy Produkt\u00f3w za po\u015brednictwem Sklepu,b) zasady i tryb post\u0119powania reklamacyjnego,c) zasady zapewnienia zgodno\u015bci Produkt\u00f3w z wymaganiami [&hellip;]<\/p>","protected":false},"author":1,"featured_media":0,"parent":0,"menu_order":0,"comment_status":"closed","ping_status":"closed","template":"elementor_header_footer","meta":{"footnotes":""},"class_list":["post-1660","page","type-page","status-publish","hentry"],"_links":{"self":[{"href":"https:\/\/classysassybutik.pl\/en\/wp-json\/wp\/v2\/pages\/1660","targetHints":{"allow":["GET"]}}],"collection":[{"href":"https:\/\/classysassybutik.pl\/en\/wp-json\/wp\/v2\/pages"}],"about":[{"href":"https:\/\/classysassybutik.pl\/en\/wp-json\/wp\/v2\/types\/page"}],"author":[{"embeddable":true,"href":"https:\/\/classysassybutik.pl\/en\/wp-json\/wp\/v2\/users\/1"}],"replies":[{"embeddable":true,"href":"https:\/\/classysassybutik.pl\/en\/wp-json\/wp\/v2\/comments?post=1660"}],"version-history":[{"count":34,"href":"https:\/\/classysassybutik.pl\/en\/wp-json\/wp\/v2\/pages\/1660\/revisions"}],"predecessor-version":[{"id":10683,"href":"https:\/\/classysassybutik.pl\/en\/wp-json\/wp\/v2\/pages\/1660\/revisions\/10683"}],"wp:attachment":[{"href":"https:\/\/classysassybutik.pl\/en\/wp-json\/wp\/v2\/media?parent=1660"}],"curies":[{"name":"wp","href":"https:\/\/api.w.org\/{rel}","templated":true}]}}