{"id":1801,"date":"2023-10-10T21:48:24","date_gmt":"2023-10-10T19:48:24","guid":{"rendered":"https:\/\/classysassybutik.pl\/?page_id=1801"},"modified":"2025-09-02T12:33:37","modified_gmt":"2025-09-02T10:33:37","slug":"o-nas","status":"publish","type":"page","link":"https:\/\/classysassybutik.pl\/en\/o-nas\/","title":{"rendered":"O nas"},"content":{"rendered":"<div data-elementor-type=\"wp-page\" data-elementor-id=\"1801\" class=\"elementor elementor-1801\" data-elementor-post-type=\"page\">\n\t\t\t\t<div class=\"elementor-element elementor-element-8a3d7a8 e-flex e-con-boxed e-con e-parent\" data-id=\"8a3d7a8\" data-element_type=\"container\" data-e-type=\"container\">\n\t\t\t\t\t<div class=\"e-con-inner\">\n\t\t\t\t<div class=\"elementor-element elementor-element-3ec33ee elementor-widget elementor-widget-heading\" data-id=\"3ec33ee\" data-element_type=\"widget\" data-e-type=\"widget\" data-widget_type=\"heading.default\">\n\t\t\t\t<div class=\"elementor-widget-container\">\n\t\t\t\t\t<h2 class=\"elementor-heading-title elementor-size-default\">What does ClassySassyBUTIK actually offer?<\/h2>\t\t\t\t<\/div>\n\t\t\t\t<\/div>\n\t\t\t\t\t<\/div>\n\t\t\t\t<\/div>\n\t\t<div class=\"elementor-element elementor-element-c9a4b04 e-flex e-con-boxed e-con e-parent\" data-id=\"c9a4b04\" data-element_type=\"container\" data-e-type=\"container\">\n\t\t\t\t\t<div class=\"e-con-inner\">\n\t\t\t\t<div class=\"elementor-element elementor-element-5624be5 elementor-widget elementor-widget-text-editor\" data-id=\"5624be5\" data-element_type=\"widget\" data-e-type=\"widget\" data-widget_type=\"text-editor.default\">\n\t\t\t\t<div class=\"elementor-widget-container\">\n\t\t\t\t\t\t\t\t\t<p data-start=\"131\" data-end=\"334\">Welcome to <strong data-start=\"139\" data-end=\"161\">Classy Sassy Boutique<\/strong> - the place where style meets elegance! We are an online boutique created for women who love fashion and want to look special every day.<\/p><p data-start=\"336\" data-end=\"593\">In our offer you will find carefully selected <strong data-start=\"391\" data-end=\"442\">dresses, elegant ensembles and fashionable accessories<\/strong>to enhance your style and personality. Our mission is to provide the latest trends at affordable prices - without you having to leave your home.<\/p><p data-start=\"595\" data-end=\"864\">Although our <strong data-start=\"605\" data-end=\"621\">Boutique Gdynia<\/strong> operates exclusively online, we are inspired by global trends and ensure that every customer feels special in our products. W <strong data-start=\"759\" data-end=\"781\">Classy Sassy Boutique<\/strong> we focus on <strong data-start=\"794\" data-end=\"861\">high quality, unique cuts and femininity at its best<\/strong>.<\/p><p data-start=\"866\" data-end=\"944\">Discover our collection and find your dream <strong data-start=\"913\" data-end=\"932\">dress Gdynia<\/strong> today!<\/p><hr data-start=\"946\" data-end=\"951\" \/>\t\t\t\t\t\t\t\t<\/div>\n\t\t\t\t<\/div>\n\t\t\t\t\t<\/div>\n\t\t\t\t<\/div>\n\t\t<div class=\"elementor-element elementor-element-7d5812a e-flex e-con-boxed e-con e-parent\" data-id=\"7d5812a\" data-element_type=\"container\" data-e-type=\"container\">\n\t\t\t\t\t<div class=\"e-con-inner\">\n\t\t\t\t<div class=\"elementor-element elementor-element-4436a6b elementor-widget elementor-widget-image\" data-id=\"4436a6b\" data-element_type=\"widget\" data-e-type=\"widget\" data-widget_type=\"image.default\">\n\t\t\t\t<div class=\"elementor-widget-container\">\n\t\t\t\t\t\t\t\t\t\t\t\t\t\t\t<img fetchpriority=\"high\" decoding=\"async\" width=\"800\" height=\"1000\" src=\"https:\/\/classysassybutik.pl\/wp-content\/uploads\/2025\/09\/IMG-20250826-WA0009-819x1024.jpg\" class=\"attachment-large size-large wp-image-9814\" alt=\"\" srcset=\"https:\/\/classysassybutik.pl\/wp-content\/uploads\/2025\/09\/IMG-20250826-WA0009-819x1024.jpg 819w, https:\/\/classysassybutik.pl\/wp-content\/uploads\/2025\/09\/IMG-20250826-WA0009-240x300.jpg 240w, https:\/\/classysassybutik.pl\/wp-content\/uploads\/2025\/09\/IMG-20250826-WA0009-768x960.jpg 768w, https:\/\/classysassybutik.pl\/wp-content\/uploads\/2025\/09\/IMG-20250826-WA0009-1229x1536.jpg 1229w, https:\/\/classysassybutik.pl\/wp-content\/uploads\/2025\/09\/IMG-20250826-WA0009-10x12.jpg 10w, https:\/\/classysassybutik.pl\/wp-content\/uploads\/2025\/09\/IMG-20250826-WA0009-600x750.jpg 600w, https:\/\/classysassybutik.pl\/wp-content\/uploads\/2025\/09\/IMG-20250826-WA0009.jpg 1638w\" sizes=\"(max-width: 800px) 100vw, 800px\" title=\"\">\t\t\t\t\t\t\t\t\t\t\t\t\t\t\t<\/div>\n\t\t\t\t<\/div>\n\t\t\t\t\t<\/div>\n\t\t\t\t<\/div>\n\t\t\t\t<\/div>","protected":false},"excerpt":{"rendered":"<p>Co tak naprawd\u0119 oferuje ClassySassyBUTIK ? Witaj w Classy Sassy Butik \u2013 miejscu, gdzie styl spotyka si\u0119 z elegancj\u0105! Jeste\u015bmy internetowym butikiem stworzonym z my\u015bl\u0105 o kobietach, kt\u00f3re kochaj\u0105 mod\u0119 i pragn\u0105 wygl\u0105da\u0107 wyj\u0105tkowo ka\u017cdego dnia. W naszej ofercie znajdziesz starannie wyselekcjonowane sukienki, eleganckie zestawy oraz modne dodatki, kt\u00f3re podkre\u015bl\u0105 Tw\u00f3j styl i osobowo\u015b\u0107. Nasza [&hellip;]<\/p>","protected":false},"author":1,"featured_media":0,"parent":0,"menu_order":0,"comment_status":"closed","ping_status":"closed","template":"elementor_header_footer","meta":{"footnotes":""},"class_list":["post-1801","page","type-page","status-publish","hentry"],"_links":{"self":[{"href":"https:\/\/classysassybutik.pl\/en\/wp-json\/wp\/v2\/pages\/1801","targetHints":{"allow":["GET"]}}],"collection":[{"href":"https:\/\/classysassybutik.pl\/en\/wp-json\/wp\/v2\/pages"}],"about":[{"href":"https:\/\/classysassybutik.pl\/en\/wp-json\/wp\/v2\/types\/page"}],"author":[{"embeddable":true,"href":"https:\/\/classysassybutik.pl\/en\/wp-json\/wp\/v2\/users\/1"}],"replies":[{"embeddable":true,"href":"https:\/\/classysassybutik.pl\/en\/wp-json\/wp\/v2\/comments?post=1801"}],"version-history":[{"count":19,"href":"https:\/\/classysassybutik.pl\/en\/wp-json\/wp\/v2\/pages\/1801\/revisions"}],"predecessor-version":[{"id":9826,"href":"https:\/\/classysassybutik.pl\/en\/wp-json\/wp\/v2\/pages\/1801\/revisions\/9826"}],"wp:attachment":[{"href":"https:\/\/classysassybutik.pl\/en\/wp-json\/wp\/v2\/media?parent=1801"}],"curies":[{"name":"wp","href":"https:\/\/api.w.org\/{rel}","templated":true}]}}