{"id":2350,"date":"2023-10-24T10:56:44","date_gmt":"2023-10-24T08:56:44","guid":{"rendered":"https:\/\/classysassybutik.pl\/?page_id=2350"},"modified":"2025-04-29T17:49:06","modified_gmt":"2025-04-29T15:49:06","slug":"wyprzedaz","status":"publish","type":"page","link":"https:\/\/classysassybutik.pl\/en\/wyprzedaz\/","title":{"rendered":"wyprzedaz"},"content":{"rendered":"<div data-elementor-type=\"wp-page\" data-elementor-id=\"2350\" class=\"elementor elementor-2350\" data-elementor-post-type=\"page\">\n\t\t\t\t<div class=\"elementor-element elementor-element-54ac0f2 e-flex e-con-boxed e-con e-parent\" data-id=\"54ac0f2\" data-element_type=\"container\" data-e-type=\"container\">\n\t\t\t\t\t<div class=\"e-con-inner\">\n\t\t\t\t<div class=\"elementor-element elementor-element-352cb38 elementor-align-center elementor-widget elementor-widget-shopengine-product-list\" data-id=\"352cb38\" data-element_type=\"widget\" data-e-type=\"widget\" data-settings=\"{&quot;show_product_hover_overlay&quot;:&quot;yes&quot;,&quot;product_hover_overlay_position&quot;:&quot;bottom&quot;}\" data-widget_type=\"shopengine-product-list.default\">\n\t\t\t\t<div class=\"elementor-widget-container\">\n\t\t\t\t\t<div class=\"shopengine shopengine-widget\"><\/div>\t\t\t\t<\/div>\n\t\t\t\t<\/div>\n\t\t\t\t\t<\/div>\n\t\t\t\t<\/div>\n\t\t\t\t<\/div>","protected":false},"excerpt":{"rendered":"<p>Dodaj do koszyka -13% Promocja! marynarki Marynarka Na Jedno Rami\u0119 R\u00f3\u017cowa Oceniono 0 na 5(0) 319.00&nbsp;&#122;&#322; Pierwotna cena wynosi\u0142a: 319.00&nbsp;&#122;&#322;.279.00&nbsp;&#122;&#322;Aktualna cena wynosi: 279.00&nbsp;&#122;&#322;. Dodaj do koszyka -6% Promocja! marynarki Marynarka Glory z Wi\u0105zaniem w Pasie Ecru Oceniono 0 na 5(0) 309.00&nbsp;&#122;&#322; Pierwotna cena wynosi\u0142a: 309.00&nbsp;&#122;&#322;.289.00&nbsp;&#122;&#322;Aktualna cena wynosi: 289.00&nbsp;&#122;&#322;. Wybierz opcje Ten produkt ma wiele wariant\u00f3w. [&hellip;]<\/p>","protected":false},"author":1,"featured_media":0,"parent":0,"menu_order":0,"comment_status":"closed","ping_status":"closed","template":"elementor_header_footer","meta":{"footnotes":""},"class_list":["post-2350","page","type-page","status-publish","hentry"],"_links":{"self":[{"href":"https:\/\/classysassybutik.pl\/en\/wp-json\/wp\/v2\/pages\/2350","targetHints":{"allow":["GET"]}}],"collection":[{"href":"https:\/\/classysassybutik.pl\/en\/wp-json\/wp\/v2\/pages"}],"about":[{"href":"https:\/\/classysassybutik.pl\/en\/wp-json\/wp\/v2\/types\/page"}],"author":[{"embeddable":true,"href":"https:\/\/classysassybutik.pl\/en\/wp-json\/wp\/v2\/users\/1"}],"replies":[{"embeddable":true,"href":"https:\/\/classysassybutik.pl\/en\/wp-json\/wp\/v2\/comments?post=2350"}],"version-history":[{"count":22,"href":"https:\/\/classysassybutik.pl\/en\/wp-json\/wp\/v2\/pages\/2350\/revisions"}],"predecessor-version":[{"id":7718,"href":"https:\/\/classysassybutik.pl\/en\/wp-json\/wp\/v2\/pages\/2350\/revisions\/7718"}],"wp:attachment":[{"href":"https:\/\/classysassybutik.pl\/en\/wp-json\/wp\/v2\/media?parent=2350"}],"curies":[{"name":"wp","href":"https:\/\/api.w.org\/{rel}","templated":true}]}}