{"id":10066,"date":"2025-09-12T15:38:42","date_gmt":"2025-09-12T13:38:42","guid":{"rendered":"https:\/\/classysassybutik.pl\/?post_type=product&#038;p=10066"},"modified":"2025-09-12T15:38:43","modified_gmt":"2025-09-12T13:38:43","slug":"spodnico-spodenki-koronka-la-milla-czarne","status":"publish","type":"product","link":"https:\/\/classysassybutik.pl\/en\/product\/spodnico-spodenki-koronka-la-milla-czarne\/","title":{"rendered":"Sp\u00f3dnico-Spodenki Koronka La Milla Czarne"},"content":{"rendered":"<p>Sk\u0142ad: 95%bawe\u0142na, 5%elastan<\/p>\n<p>&nbsp;<\/p>\n<p>Dimensions<\/p>\n<p>Size XS\/S<\/p>\n<p>Szeroko\u015b\u0107 w pasie 30-46cm x2<\/p>\n<p>D\u0142ugo\u015b\u0107 34\/45 cm<\/p>\n<p>&nbsp;<\/p>\n<p>Size M\/L<\/p>\n<p>Szeroko\u015b\u0107 w pasie 34-54cm x2<\/p>\n<p>D\u0142ugo\u015b\u0107 35\/46cm<\/p>\n<p>&nbsp;<\/p>\n<p>The measurements given are the outer measurements of the garment measured flat without stretching.<\/p>","protected":false},"excerpt":{"rendered":"<p>Sk\u0142ad: 95%bawe\u0142na, 5%elastan &nbsp; Wymiary Rozmiar XS\/S Szeroko\u015b\u0107 w pasie 30-46cm x2 D\u0142ugo\u015b\u0107 34\/45 cm &nbsp; Rozmiar M\/L Szeroko\u015b\u0107 w pasie 34-54cm x2 D\u0142ugo\u015b\u0107 35\/46cm &nbsp; Podane wymiary to zewn\u0119trzne wymiary odzie\u017cy mierzone na p\u0142asko bez rozci\u0105gania.<\/p>","protected":false},"featured_media":10067,"comment_status":"open","ping_status":"closed","template":"","meta":[],"product_brand":[],"product_cat":[94,110,31],"product_tag":[],"class_list":{"0":"post-10066","1":"product","2":"type-product","3":"status-publish","4":"has-post-thumbnail","6":"product_cat-nowosci","7":"product_cat-spodenki","8":"product_cat-spodnice","10":"first","11":"instock","12":"shipping-taxable","13":"purchasable","14":"product-type-variable"},"_links":{"self":[{"href":"https:\/\/classysassybutik.pl\/en\/wp-json\/wp\/v2\/product\/10066","targetHints":{"allow":["GET"]}}],"collection":[{"href":"https:\/\/classysassybutik.pl\/en\/wp-json\/wp\/v2\/product"}],"about":[{"href":"https:\/\/classysassybutik.pl\/en\/wp-json\/wp\/v2\/types\/product"}],"replies":[{"embeddable":true,"href":"https:\/\/classysassybutik.pl\/en\/wp-json\/wp\/v2\/comments?post=10066"}],"wp:featuredmedia":[{"embeddable":true,"href":"https:\/\/classysassybutik.pl\/en\/wp-json\/wp\/v2\/media\/10067"}],"wp:attachment":[{"href":"https:\/\/classysassybutik.pl\/en\/wp-json\/wp\/v2\/media?parent=10066"}],"wp:term":[{"taxonomy":"product_brand","embeddable":true,"href":"https:\/\/classysassybutik.pl\/en\/wp-json\/wp\/v2\/product_brand?post=10066"},{"taxonomy":"product_cat","embeddable":true,"href":"https:\/\/classysassybutik.pl\/en\/wp-json\/wp\/v2\/product_cat?post=10066"},{"taxonomy":"product_tag","embeddable":true,"href":"https:\/\/classysassybutik.pl\/en\/wp-json\/wp\/v2\/product_tag?post=10066"}],"curies":[{"name":"wp","href":"https:\/\/api.w.org\/{rel}","templated":true}]}}