{"id":10616,"date":"2025-09-26T09:24:05","date_gmt":"2025-09-26T07:24:05","guid":{"rendered":"https:\/\/classysassybutik.pl\/?post_type=product&#038;p=10616"},"modified":"2025-09-30T14:25:28","modified_gmt":"2025-09-30T12:25:28","slug":"tshirt-kowbojka-la-milla-bialy","status":"publish","type":"product","link":"https:\/\/classysassybutik.pl\/en\/product\/tshirt-kowbojka-la-milla-bialy\/","title":{"rendered":"Tshirt Kowbojka La Milla Bia\u0142y"},"content":{"rendered":"<p>Composition: 95% viscose, 5% elastane<\/p>\n<p>Kr\u00f3j oversize, modny nadruk. Poduszki na ramionach.<\/p>\n<p>Dimensions:<\/p>\n<p>Overall length: 60 cm<br \/>\nBust circumference: 110 cm<br \/>\nD\u0142ugo\u015b\u0107 r\u0119kawa od pachy: 11 cm<\/p>\n<p>Clothes measured flat! Individual measurements may vary +\/- 2 cm.<\/p>\n<p style=\"text-align: left;\">Polish product.<\/p>","protected":false},"excerpt":{"rendered":"<p>Sk\u0142ad: 95% wiskoza, 5% elastan Kr\u00f3j oversize, modny nadruk. Poduszki na ramionach. Wymiary: D\u0142ugo\u015b\u0107 ca\u0142kowita: 60 cm Obw\u00f3d w biu\u015bcie: 110 cm D\u0142ugo\u015b\u0107 r\u0119kawa od pachy: 11 cm Ubrania mierzone na p\u0142asko! Poszczeg\u00f3lne wymiary mog\u0105 r\u00f3\u017cni\u0107 si\u0119 +\/- 2 cm. Produkt polski.<\/p>","protected":false},"featured_media":10691,"comment_status":"open","ping_status":"closed","template":"","meta":[],"product_brand":[],"product_cat":[22,94],"product_tag":[],"class_list":{"0":"post-10616","1":"product","2":"type-product","3":"status-publish","4":"has-post-thumbnail","6":"product_cat-tshirty","7":"product_cat-nowosci","9":"first","10":"instock","11":"shipping-taxable","12":"purchasable","13":"product-type-simple"},"_links":{"self":[{"href":"https:\/\/classysassybutik.pl\/en\/wp-json\/wp\/v2\/product\/10616","targetHints":{"allow":["GET"]}}],"collection":[{"href":"https:\/\/classysassybutik.pl\/en\/wp-json\/wp\/v2\/product"}],"about":[{"href":"https:\/\/classysassybutik.pl\/en\/wp-json\/wp\/v2\/types\/product"}],"replies":[{"embeddable":true,"href":"https:\/\/classysassybutik.pl\/en\/wp-json\/wp\/v2\/comments?post=10616"}],"wp:featuredmedia":[{"embeddable":true,"href":"https:\/\/classysassybutik.pl\/en\/wp-json\/wp\/v2\/media\/10691"}],"wp:attachment":[{"href":"https:\/\/classysassybutik.pl\/en\/wp-json\/wp\/v2\/media?parent=10616"}],"wp:term":[{"taxonomy":"product_brand","embeddable":true,"href":"https:\/\/classysassybutik.pl\/en\/wp-json\/wp\/v2\/product_brand?post=10616"},{"taxonomy":"product_cat","embeddable":true,"href":"https:\/\/classysassybutik.pl\/en\/wp-json\/wp\/v2\/product_cat?post=10616"},{"taxonomy":"product_tag","embeddable":true,"href":"https:\/\/classysassybutik.pl\/en\/wp-json\/wp\/v2\/product_tag?post=10616"}],"curies":[{"name":"wp","href":"https:\/\/api.w.org\/{rel}","templated":true}]}}