{"id":10625,"date":"2025-10-20T15:00:50","date_gmt":"2025-10-20T13:00:50","guid":{"rendered":"https:\/\/classysassybutik.pl\/?post_type=product&#038;p=10625"},"modified":"2025-10-20T15:00:51","modified_gmt":"2025-10-20T13:00:51","slug":"choker-roza-czarna-na-szyje","status":"publish","type":"product","link":"https:\/\/classysassybutik.pl\/en\/product\/choker-roza-czarna-na-szyje\/","title":{"rendered":"Choker R\u00f3\u017ca Czarna na Szyj\u0119"},"content":{"rendered":"<p>Idealny dodatek choker r\u00f3\u017c\u0105 na szyj\u0119, podkr\u0119ci ka\u017cd\u0105 stylizacj\u0119.<\/p>","protected":false},"excerpt":{"rendered":"<p>Idealny dodatek choker r\u00f3\u017c\u0105 na szyj\u0119, podkr\u0119ci ka\u017cd\u0105 stylizacj\u0119.<\/p>","protected":false},"featured_media":11755,"comment_status":"open","ping_status":"closed","template":"","meta":[],"product_brand":[],"product_cat":[16],"product_tag":[],"class_list":{"0":"post-10625","1":"product","2":"type-product","3":"status-publish","4":"has-post-thumbnail","6":"product_cat-swetry","8":"first","9":"instock","10":"shipping-taxable","11":"purchasable","12":"product-type-simple"},"_links":{"self":[{"href":"https:\/\/classysassybutik.pl\/en\/wp-json\/wp\/v2\/product\/10625","targetHints":{"allow":["GET"]}}],"collection":[{"href":"https:\/\/classysassybutik.pl\/en\/wp-json\/wp\/v2\/product"}],"about":[{"href":"https:\/\/classysassybutik.pl\/en\/wp-json\/wp\/v2\/types\/product"}],"replies":[{"embeddable":true,"href":"https:\/\/classysassybutik.pl\/en\/wp-json\/wp\/v2\/comments?post=10625"}],"wp:featuredmedia":[{"embeddable":true,"href":"https:\/\/classysassybutik.pl\/en\/wp-json\/wp\/v2\/media\/11755"}],"wp:attachment":[{"href":"https:\/\/classysassybutik.pl\/en\/wp-json\/wp\/v2\/media?parent=10625"}],"wp:term":[{"taxonomy":"product_brand","embeddable":true,"href":"https:\/\/classysassybutik.pl\/en\/wp-json\/wp\/v2\/product_brand?post=10625"},{"taxonomy":"product_cat","embeddable":true,"href":"https:\/\/classysassybutik.pl\/en\/wp-json\/wp\/v2\/product_cat?post=10625"},{"taxonomy":"product_tag","embeddable":true,"href":"https:\/\/classysassybutik.pl\/en\/wp-json\/wp\/v2\/product_tag?post=10625"}],"curies":[{"name":"wp","href":"https:\/\/api.w.org\/{rel}","templated":true}]}}