{"id":11002,"date":"2025-10-09T14:53:39","date_gmt":"2025-10-09T12:53:39","guid":{"rendered":"https:\/\/classysassybutik.pl\/?post_type=product&#038;p=11002"},"modified":"2026-01-08T14:41:14","modified_gmt":"2026-01-08T13:41:14","slug":"komplet-wiskoza-bluzka-i-dlugie-spodnie-latte","status":"publish","type":"product","link":"https:\/\/classysassybutik.pl\/en\/product\/komplet-wiskoza-bluzka-i-dlugie-spodnie-latte\/","title":{"rendered":"Komplet Wiskoza Bluzka i D\u0142ugie Spodnie Latte"},"content":{"rendered":"<p>Nasz dwucz\u0119\u015bciowy komplet z mi\u0119kkiej wiskozy<\/p>\n<p>to idealne po\u0142\u0105czenie komfortu i elegancji.<\/p>\n<p>Dopasowana g\u00f3ra pi\u0119knie podkre\u015bla sylwetk\u0119,<\/p>\n<p>a szerokie, lej\u0105ce spodnie nadaj\u0105 ca\u0142o\u015bci lekko\u015bci<\/p>\n<p>i swobody.<\/p>\n<p>&nbsp;<\/p>\n<p>To look, kt\u00f3ry sprawdzi si\u0119 zar\u00f3wno na co dzie\u0144,<\/p>\n<p>jak i w bardziej stylowych ods\u0142onach.<\/p>\n<p>&nbsp;<\/p>\n<p>\u2714\ufe0f przewiewna wiskoza<\/p>\n<p>\u2714\ufe0f idealne dopasowanie<\/p>\n<p>\u2714\ufe0f ponadczasowa elegancja<\/p>","protected":false},"excerpt":{"rendered":"<p>Nasz dwucz\u0119\u015bciowy komplet z mi\u0119kkiej wiskozy to idealne po\u0142\u0105czenie komfortu i elegancji. Dopasowana g\u00f3ra pi\u0119knie podkre\u015bla sylwetk\u0119, a szerokie, lej\u0105ce spodnie nadaj\u0105 ca\u0142o\u015bci lekko\u015bci i swobody. &nbsp; To look, kt\u00f3ry sprawdzi si\u0119 zar\u00f3wno na co dzie\u0144, jak i w bardziej stylowych ods\u0142onach. &nbsp; \u2714\ufe0f przewiewna wiskoza \u2714\ufe0f idealne dopasowanie \u2714\ufe0f ponadczasowa elegancja<\/p>","protected":false},"featured_media":11003,"comment_status":"open","ping_status":"closed","template":"","meta":[],"product_brand":[],"product_cat":[21,94],"product_tag":[],"class_list":{"0":"post-11002","1":"product","2":"type-product","3":"status-publish","4":"has-post-thumbnail","6":"product_cat-komplety","7":"product_cat-nowosci","9":"first","10":"instock","11":"sale","12":"shipping-taxable","13":"purchasable","14":"product-type-simple"},"_links":{"self":[{"href":"https:\/\/classysassybutik.pl\/en\/wp-json\/wp\/v2\/product\/11002","targetHints":{"allow":["GET"]}}],"collection":[{"href":"https:\/\/classysassybutik.pl\/en\/wp-json\/wp\/v2\/product"}],"about":[{"href":"https:\/\/classysassybutik.pl\/en\/wp-json\/wp\/v2\/types\/product"}],"replies":[{"embeddable":true,"href":"https:\/\/classysassybutik.pl\/en\/wp-json\/wp\/v2\/comments?post=11002"}],"wp:featuredmedia":[{"embeddable":true,"href":"https:\/\/classysassybutik.pl\/en\/wp-json\/wp\/v2\/media\/11003"}],"wp:attachment":[{"href":"https:\/\/classysassybutik.pl\/en\/wp-json\/wp\/v2\/media?parent=11002"}],"wp:term":[{"taxonomy":"product_brand","embeddable":true,"href":"https:\/\/classysassybutik.pl\/en\/wp-json\/wp\/v2\/product_brand?post=11002"},{"taxonomy":"product_cat","embeddable":true,"href":"https:\/\/classysassybutik.pl\/en\/wp-json\/wp\/v2\/product_cat?post=11002"},{"taxonomy":"product_tag","embeddable":true,"href":"https:\/\/classysassybutik.pl\/en\/wp-json\/wp\/v2\/product_tag?post=11002"}],"curies":[{"name":"wp","href":"https:\/\/api.w.org\/{rel}","templated":true}]}}