{"id":11459,"date":"2025-10-13T11:43:00","date_gmt":"2025-10-13T09:43:00","guid":{"rendered":"https:\/\/classysassybutik.pl\/?post_type=product&#038;p=11459"},"modified":"2025-10-13T11:43:01","modified_gmt":"2025-10-13T09:43:01","slug":"spodnie-dresowe-la-milla-czarne","status":"publish","type":"product","link":"https:\/\/classysassybutik.pl\/en\/product\/spodnie-dresowe-la-milla-czarne\/","title":{"rendered":"Spodnie Dresowe La Milla Czarne"},"content":{"rendered":"<p>Dzianinowe spodnie firmy LaMilla uszyte z elastycznego materia\u0142u bawe\u0142nianego. W pasie wszyta szeroka guma z logo firmy. Nogawki zako\u0144czone \u015bci\u0105gaczem gumowym.<\/p>\n<p>&nbsp;<\/p>\n<p>Materia\u0142: Bawe\u0142na 95%,\u00a0 5%Elastan<\/p>\n<p>Size S:<\/p>\n<p>Waist width 32-50cm x2<\/p>\n<p>Hip width 54cm x2<\/p>\n<p>Szeroko\u015b\u0107 w udzie 28 cm x2<\/p>\n<p>D\u0142ugo\u015b\u0107 spodni 102cm<\/p>\n<p>D\u0142ugo\u015b\u0107 nogawki od kroku 74cm<\/p>\n<p>State 32cm<\/p>\n<p>&nbsp;<\/p>\n<p>Size M:<\/p>\n<p>Szeroko\u015b\u0107 w pasie 33-52cm x2<\/p>\n<p>Szeroko\u015b\u0107 w biodrach 58cm x2<\/p>\n<p>Thigh width 30cm x2<\/p>\n<p>Trouser length 106cm<\/p>\n<p>Leg length from crotch 78cm<\/p>\n<p>State 32cm<\/p>\n<p>&nbsp;<\/p>\n<p>The measurements given are the outer measurements of the garment measured flat without stretching.<\/p>","protected":false},"excerpt":{"rendered":"<p>Dzianinowe spodnie firmy LaMilla uszyte z elastycznego materia\u0142u bawe\u0142nianego. W pasie wszyta szeroka guma z logo firmy. Nogawki zako\u0144czone \u015bci\u0105gaczem gumowym. &nbsp; Materia\u0142: Bawe\u0142na 95%,\u00a0 5%Elastan Rozmiar S: Szeroko\u015b\u0107 w pasie 32-50cm x2 Szeroko\u015b\u0107 w biodrach 54cm x2 Szeroko\u015b\u0107 w udzie 28 cm x2 D\u0142ugo\u015b\u0107 spodni 102cm D\u0142ugo\u015b\u0107 nogawki od kroku 74cm Stan 32cm &nbsp; [&hellip;]<\/p>","protected":false},"featured_media":11463,"comment_status":"open","ping_status":"closed","template":"","meta":[],"product_brand":[],"product_cat":[94,123,30],"product_tag":[],"class_list":{"0":"post-11459","1":"product","2":"type-product","3":"status-publish","4":"has-post-thumbnail","6":"product_cat-nowosci","7":"product_cat-dresy","8":"product_cat-spodnie","10":"first","11":"instock","12":"shipping-taxable","13":"purchasable","14":"product-type-variable"},"_links":{"self":[{"href":"https:\/\/classysassybutik.pl\/en\/wp-json\/wp\/v2\/product\/11459","targetHints":{"allow":["GET"]}}],"collection":[{"href":"https:\/\/classysassybutik.pl\/en\/wp-json\/wp\/v2\/product"}],"about":[{"href":"https:\/\/classysassybutik.pl\/en\/wp-json\/wp\/v2\/types\/product"}],"replies":[{"embeddable":true,"href":"https:\/\/classysassybutik.pl\/en\/wp-json\/wp\/v2\/comments?post=11459"}],"wp:featuredmedia":[{"embeddable":true,"href":"https:\/\/classysassybutik.pl\/en\/wp-json\/wp\/v2\/media\/11463"}],"wp:attachment":[{"href":"https:\/\/classysassybutik.pl\/en\/wp-json\/wp\/v2\/media?parent=11459"}],"wp:term":[{"taxonomy":"product_brand","embeddable":true,"href":"https:\/\/classysassybutik.pl\/en\/wp-json\/wp\/v2\/product_brand?post=11459"},{"taxonomy":"product_cat","embeddable":true,"href":"https:\/\/classysassybutik.pl\/en\/wp-json\/wp\/v2\/product_cat?post=11459"},{"taxonomy":"product_tag","embeddable":true,"href":"https:\/\/classysassybutik.pl\/en\/wp-json\/wp\/v2\/product_tag?post=11459"}],"curies":[{"name":"wp","href":"https:\/\/api.w.org\/{rel}","templated":true}]}}