{"id":11516,"date":"2025-10-13T13:23:32","date_gmt":"2025-10-13T11:23:32","guid":{"rendered":"https:\/\/classysassybutik.pl\/?post_type=product&#038;p=11516"},"modified":"2026-01-26T10:17:04","modified_gmt":"2026-01-26T09:17:04","slug":"tshirt-dlugi-rekaw-koronka-czarny-la-milla","status":"publish","type":"product","link":"https:\/\/classysassybutik.pl\/en\/product\/tshirt-dlugi-rekaw-koronka-czarny-la-milla\/","title":{"rendered":"Tshirt D\u0142ugi R\u0119kaw Koronka Czarny La Milla"},"content":{"rendered":"<p>Material composition:<\/p>\n<p>95% Wiskoza 5% Elastan<\/p>\n<p>&nbsp;<\/p>\n<p>Dimensions:<\/p>\n<p>&nbsp;<\/p>\n<p>Overall length - 73 cm<\/p>\n<p>Width from armpit to armpit - 57 cm<\/p>\n<p>D\u0142. r\u0119kawa od ramienia \u2013 47 cm<\/p>\n<p>D\u0142. r\u0119kawa od pachy \u2013 42 cm<\/p>\n<p>&nbsp;<\/p>\n<p>Clothes measured flat! Individual measurements may vary +\/- 2 cm.<\/p>\n<p>&nbsp;<\/p>\n<p>Polish product.<\/p>","protected":false},"excerpt":{"rendered":"<p>Sk\u0142ad materia\u0142u: 95% Wiskoza 5% Elastan &nbsp; Wymiary: &nbsp; D\u0142. ca\u0142kowita \u2013 73 cm Szer. od pachy do pachy \u2013 57 cm D\u0142. r\u0119kawa od ramienia \u2013 47 cm D\u0142. r\u0119kawa od pachy \u2013 42 cm &nbsp; Ubrania mierzone na p\u0142asko! Poszczeg\u00f3lne wymiary mog\u0105 r\u00f3\u017cni\u0107 si\u0119 +\/- 2 cm. &nbsp; Produkt polski.<\/p>","protected":false},"featured_media":11517,"comment_status":"open","ping_status":"closed","template":"","meta":[],"product_brand":[],"product_cat":[94,28,22],"product_tag":[],"class_list":{"0":"post-11516","1":"product","2":"type-product","3":"status-publish","4":"has-post-thumbnail","6":"product_cat-nowosci","7":"product_cat-bluzki","8":"product_cat-tshirty","10":"first","11":"instock","12":"sale","13":"shipping-taxable","14":"purchasable","15":"product-type-simple"},"_links":{"self":[{"href":"https:\/\/classysassybutik.pl\/en\/wp-json\/wp\/v2\/product\/11516","targetHints":{"allow":["GET"]}}],"collection":[{"href":"https:\/\/classysassybutik.pl\/en\/wp-json\/wp\/v2\/product"}],"about":[{"href":"https:\/\/classysassybutik.pl\/en\/wp-json\/wp\/v2\/types\/product"}],"replies":[{"embeddable":true,"href":"https:\/\/classysassybutik.pl\/en\/wp-json\/wp\/v2\/comments?post=11516"}],"wp:featuredmedia":[{"embeddable":true,"href":"https:\/\/classysassybutik.pl\/en\/wp-json\/wp\/v2\/media\/11517"}],"wp:attachment":[{"href":"https:\/\/classysassybutik.pl\/en\/wp-json\/wp\/v2\/media?parent=11516"}],"wp:term":[{"taxonomy":"product_brand","embeddable":true,"href":"https:\/\/classysassybutik.pl\/en\/wp-json\/wp\/v2\/product_brand?post=11516"},{"taxonomy":"product_cat","embeddable":true,"href":"https:\/\/classysassybutik.pl\/en\/wp-json\/wp\/v2\/product_cat?post=11516"},{"taxonomy":"product_tag","embeddable":true,"href":"https:\/\/classysassybutik.pl\/en\/wp-json\/wp\/v2\/product_tag?post=11516"}],"curies":[{"name":"wp","href":"https:\/\/api.w.org\/{rel}","templated":true}]}}