{"id":11609,"date":"2025-10-14T18:28:14","date_gmt":"2025-10-14T16:28:14","guid":{"rendered":"https:\/\/classysassybutik.pl\/?post_type=product&#038;p=11609"},"modified":"2025-12-11T13:04:29","modified_gmt":"2025-12-11T12:04:29","slug":"komplet-dresowy-oversize-mindy-brazowy","status":"publish","type":"product","link":"https:\/\/classysassybutik.pl\/en\/product\/komplet-dresowy-oversize-mindy-brazowy\/","title":{"rendered":"Komplet Dresowy Oversize Mindy Br\u0105zowy"},"content":{"rendered":"<p>Bluza o lu\u017anym kroju z mi\u0119kkiego materia\u0142u otula cia\u0142o, nie kr\u0119puj\u0105c ruch\u00f3w, a szerokie spodnie z elastycznym pasem zapewniaj\u0105 swobod\u0119 i wygod\u0119 przez ca\u0142y dzie\u0144. Ca\u0142o\u015b\u0107 dope\u0142niaj\u0105 klasyczne bia\u0142e sneakersy, kt\u00f3re \u015bwietnie kontrastuj\u0105 z czerni\u0105 zestawu.<\/p>\n<p>&nbsp;<\/p>\n<p>Ten komplet to kwintesencja nowoczesnej mody ulicznej \u2013 prosto, wygodnie i z klas\u0105.<\/p>\n<p>Universal size.<\/p>\n<p>Polish product<\/p>","protected":false},"excerpt":{"rendered":"<p>Bluza o lu\u017anym kroju z mi\u0119kkiego materia\u0142u otula cia\u0142o, nie kr\u0119puj\u0105c ruch\u00f3w, a szerokie spodnie z elastycznym pasem zapewniaj\u0105 swobod\u0119 i wygod\u0119 przez ca\u0142y dzie\u0144. Ca\u0142o\u015b\u0107 dope\u0142niaj\u0105 klasyczne bia\u0142e sneakersy, kt\u00f3re \u015bwietnie kontrastuj\u0105 z czerni\u0105 zestawu. &nbsp; Ten komplet to kwintesencja nowoczesnej mody ulicznej \u2013 prosto, wygodnie i z klas\u0105. Rozmiar uniwersalny. Produkt Polski<\/p>","protected":false},"featured_media":11611,"comment_status":"open","ping_status":"closed","template":"","meta":[],"product_brand":[],"product_cat":[21,33],"product_tag":[],"class_list":{"0":"post-11609","1":"product","2":"type-product","3":"status-publish","4":"has-post-thumbnail","6":"product_cat-komplety","7":"product_cat-wyprzedaz","9":"first","10":"instock","11":"sale","12":"sold-individually","13":"shipping-taxable","14":"purchasable","15":"product-type-simple"},"_links":{"self":[{"href":"https:\/\/classysassybutik.pl\/en\/wp-json\/wp\/v2\/product\/11609","targetHints":{"allow":["GET"]}}],"collection":[{"href":"https:\/\/classysassybutik.pl\/en\/wp-json\/wp\/v2\/product"}],"about":[{"href":"https:\/\/classysassybutik.pl\/en\/wp-json\/wp\/v2\/types\/product"}],"replies":[{"embeddable":true,"href":"https:\/\/classysassybutik.pl\/en\/wp-json\/wp\/v2\/comments?post=11609"}],"wp:featuredmedia":[{"embeddable":true,"href":"https:\/\/classysassybutik.pl\/en\/wp-json\/wp\/v2\/media\/11611"}],"wp:attachment":[{"href":"https:\/\/classysassybutik.pl\/en\/wp-json\/wp\/v2\/media?parent=11609"}],"wp:term":[{"taxonomy":"product_brand","embeddable":true,"href":"https:\/\/classysassybutik.pl\/en\/wp-json\/wp\/v2\/product_brand?post=11609"},{"taxonomy":"product_cat","embeddable":true,"href":"https:\/\/classysassybutik.pl\/en\/wp-json\/wp\/v2\/product_cat?post=11609"},{"taxonomy":"product_tag","embeddable":true,"href":"https:\/\/classysassybutik.pl\/en\/wp-json\/wp\/v2\/product_tag?post=11609"}],"curies":[{"name":"wp","href":"https:\/\/api.w.org\/{rel}","templated":true}]}}