{"id":11636,"date":"2025-10-15T12:33:04","date_gmt":"2025-10-15T10:33:04","guid":{"rendered":"https:\/\/classysassybutik.pl\/?post_type=product&#038;p=11636"},"modified":"2025-11-01T11:52:35","modified_gmt":"2025-11-01T10:52:35","slug":"koszula-w-krate-wiazana-na-plecach-la-milla","status":"publish","type":"product","link":"https:\/\/classysassybutik.pl\/en\/product\/koszula-w-krate-wiazana-na-plecach-la-milla\/","title":{"rendered":"Koszula w Krat\u0119 Wi\u0105zana na Plecach La Milla"},"content":{"rendered":"<p>Koszula La Milla w krat\u0119 wi\u0105zana na plecach. Koszula z bawe\u0142ny szara w czerwono-czarn\u0105 krat\u0119. Klasyczny kr\u00f3j z ko\u0142nierzykiem i guzikami z przodu, a z ty\u0142u efektowne wi\u0105zanie na plecach, kt\u00f3re nadaje ca\u0142o\u015bci wyj\u0105tkowego charakteru. Stylowa, wygodna i idealna zar\u00f3wno do jeans\u00f3w, jak i eleganckich spodni.<\/p>\n<p>&nbsp;<\/p>\n<p>Sk\u0142ad: 100% bawe\u0142na<\/p>\n<p>Dimensions:<\/p>\n<p>d\u0142ugo\u015b\u0107 ca\u0142kowita: 48 cm (74 cm po bokach)<\/p>\n<p>biust: 2x: 57 cm<\/p>","protected":false},"excerpt":{"rendered":"<blockquote><p>&nbsp;<\/p><\/blockquote>","protected":false},"featured_media":11749,"comment_status":"open","ping_status":"closed","template":"","meta":[],"product_brand":[],"product_cat":[114,94],"product_tag":[],"class_list":{"0":"post-11636","1":"product","2":"type-product","3":"status-publish","4":"has-post-thumbnail","6":"product_cat-koszula","7":"product_cat-nowosci","9":"first","10":"instock","11":"sale","12":"shipping-taxable","13":"purchasable","14":"product-type-simple"},"_links":{"self":[{"href":"https:\/\/classysassybutik.pl\/en\/wp-json\/wp\/v2\/product\/11636","targetHints":{"allow":["GET"]}}],"collection":[{"href":"https:\/\/classysassybutik.pl\/en\/wp-json\/wp\/v2\/product"}],"about":[{"href":"https:\/\/classysassybutik.pl\/en\/wp-json\/wp\/v2\/types\/product"}],"replies":[{"embeddable":true,"href":"https:\/\/classysassybutik.pl\/en\/wp-json\/wp\/v2\/comments?post=11636"}],"wp:featuredmedia":[{"embeddable":true,"href":"https:\/\/classysassybutik.pl\/en\/wp-json\/wp\/v2\/media\/11749"}],"wp:attachment":[{"href":"https:\/\/classysassybutik.pl\/en\/wp-json\/wp\/v2\/media?parent=11636"}],"wp:term":[{"taxonomy":"product_brand","embeddable":true,"href":"https:\/\/classysassybutik.pl\/en\/wp-json\/wp\/v2\/product_brand?post=11636"},{"taxonomy":"product_cat","embeddable":true,"href":"https:\/\/classysassybutik.pl\/en\/wp-json\/wp\/v2\/product_cat?post=11636"},{"taxonomy":"product_tag","embeddable":true,"href":"https:\/\/classysassybutik.pl\/en\/wp-json\/wp\/v2\/product_tag?post=11636"}],"curies":[{"name":"wp","href":"https:\/\/api.w.org\/{rel}","templated":true}]}}