{"id":11670,"date":"2025-10-17T16:42:39","date_gmt":"2025-10-17T14:42:39","guid":{"rendered":"https:\/\/classysassybutik.pl\/?post_type=product&#038;p=11670"},"modified":"2026-01-08T14:39:09","modified_gmt":"2026-01-08T13:39:09","slug":"kardigan-sweter-krotki-z-kapturem-la-milla-czekoladowy","status":"publish","type":"product","link":"https:\/\/classysassybutik.pl\/en\/product\/kardigan-sweter-krotki-z-kapturem-la-milla-czekoladowy\/","title":{"rendered":"Kardigan Sweter Kr\u00f3tki z Kapturem La Milla Czekoladowy"},"content":{"rendered":"<p>Oryginalny polski produkt marki LaMilla<\/p>\n<p>Sk\u0142ad:65% akryl, 20% we\u0142na, 15% poliamid<\/p>\n<p>Universal size<\/p>\n<p>Width between armpits 70cm x2<\/p>\n<p>Szeroko\u015b\u0107 na dole 50cm x2<\/p>\n<p>Sleeve length from neckline 78cm<\/p>\n<p>D\u0142ugo\u015b\u0107 r\u0119kawa od pachy 54 cm<\/p>\n<p>D\u0142ugo\u015b\u0107 60 cm<\/p>","protected":false},"excerpt":{"rendered":"<p>Oryginalny polski produkt marki LaMilla Sk\u0142ad:65% akryl, 20% we\u0142na, 15% poliamid Rozmiar uniwersalny Szeroko\u015b\u0107 mi\u0119dzy pachami 70cm x2 Szeroko\u015b\u0107 na dole 50cm x2 D\u0142ugo\u015b\u0107 r\u0119kawa od dekoltu 78cm D\u0142ugo\u015b\u0107 r\u0119kawa od pachy 54 cm D\u0142ugo\u015b\u0107 60 cm<\/p>","protected":false},"featured_media":11671,"comment_status":"open","ping_status":"closed","template":"","meta":[],"product_brand":[],"product_cat":[94,16],"product_tag":[],"class_list":{"0":"post-11670","1":"product","2":"type-product","3":"status-publish","4":"has-post-thumbnail","6":"product_cat-nowosci","7":"product_cat-swetry","9":"first","10":"instock","11":"sale","12":"shipping-taxable","13":"purchasable","14":"product-type-simple"},"_links":{"self":[{"href":"https:\/\/classysassybutik.pl\/en\/wp-json\/wp\/v2\/product\/11670","targetHints":{"allow":["GET"]}}],"collection":[{"href":"https:\/\/classysassybutik.pl\/en\/wp-json\/wp\/v2\/product"}],"about":[{"href":"https:\/\/classysassybutik.pl\/en\/wp-json\/wp\/v2\/types\/product"}],"replies":[{"embeddable":true,"href":"https:\/\/classysassybutik.pl\/en\/wp-json\/wp\/v2\/comments?post=11670"}],"wp:featuredmedia":[{"embeddable":true,"href":"https:\/\/classysassybutik.pl\/en\/wp-json\/wp\/v2\/media\/11671"}],"wp:attachment":[{"href":"https:\/\/classysassybutik.pl\/en\/wp-json\/wp\/v2\/media?parent=11670"}],"wp:term":[{"taxonomy":"product_brand","embeddable":true,"href":"https:\/\/classysassybutik.pl\/en\/wp-json\/wp\/v2\/product_brand?post=11670"},{"taxonomy":"product_cat","embeddable":true,"href":"https:\/\/classysassybutik.pl\/en\/wp-json\/wp\/v2\/product_cat?post=11670"},{"taxonomy":"product_tag","embeddable":true,"href":"https:\/\/classysassybutik.pl\/en\/wp-json\/wp\/v2\/product_tag?post=11670"}],"curies":[{"name":"wp","href":"https:\/\/api.w.org\/{rel}","templated":true}]}}