{"id":11735,"date":"2025-10-20T10:38:18","date_gmt":"2025-10-20T08:38:18","guid":{"rendered":"https:\/\/classysassybutik.pl\/?post_type=product&#038;p=11735"},"modified":"2025-10-20T10:38:19","modified_gmt":"2025-10-20T08:38:19","slug":"koszula-w-krate-brazowa-w-czerwone-paski-la-milla","status":"publish","type":"product","link":"https:\/\/classysassybutik.pl\/en\/product\/koszula-w-krate-brazowa-w-czerwone-paski-la-milla\/","title":{"rendered":"Koszula w Krat\u0119 Br\u0105zowa w Czerwone Paski La Milla"},"content":{"rendered":"<p>Sk\u0142ad: 100%bawe\u0142na<\/p>\n<p>Universal size<\/p>\n<p>D\u0142ugo\u015b\u0107 r\u0119kawa od ko\u0142nierza 80cm<\/p>\n<p>Sleeve length from armpit 50cm<\/p>\n<p>Width between armpits 70cm x2<\/p>\n<p>Szeroko\u015b\u0107 na dole 66cm<\/p>\n<p>Length 76cm<\/p>\n<p>&nbsp;<\/p>\n<p>Clothes measured flat! Individual measurements may vary +\/- 2 cm.<\/p>\n<p>Polish product.<\/p>","protected":false},"excerpt":{"rendered":"<blockquote><p>&nbsp;<\/p><\/blockquote>","protected":false},"featured_media":11738,"comment_status":"open","ping_status":"closed","template":"","meta":[],"product_brand":[],"product_cat":[114,94],"product_tag":[],"class_list":{"0":"post-11735","1":"product","2":"type-product","3":"status-publish","4":"has-post-thumbnail","6":"product_cat-koszula","7":"product_cat-nowosci","9":"first","10":"instock","11":"shipping-taxable","12":"purchasable","13":"product-type-simple"},"_links":{"self":[{"href":"https:\/\/classysassybutik.pl\/en\/wp-json\/wp\/v2\/product\/11735","targetHints":{"allow":["GET"]}}],"collection":[{"href":"https:\/\/classysassybutik.pl\/en\/wp-json\/wp\/v2\/product"}],"about":[{"href":"https:\/\/classysassybutik.pl\/en\/wp-json\/wp\/v2\/types\/product"}],"replies":[{"embeddable":true,"href":"https:\/\/classysassybutik.pl\/en\/wp-json\/wp\/v2\/comments?post=11735"}],"wp:featuredmedia":[{"embeddable":true,"href":"https:\/\/classysassybutik.pl\/en\/wp-json\/wp\/v2\/media\/11738"}],"wp:attachment":[{"href":"https:\/\/classysassybutik.pl\/en\/wp-json\/wp\/v2\/media?parent=11735"}],"wp:term":[{"taxonomy":"product_brand","embeddable":true,"href":"https:\/\/classysassybutik.pl\/en\/wp-json\/wp\/v2\/product_brand?post=11735"},{"taxonomy":"product_cat","embeddable":true,"href":"https:\/\/classysassybutik.pl\/en\/wp-json\/wp\/v2\/product_cat?post=11735"},{"taxonomy":"product_tag","embeddable":true,"href":"https:\/\/classysassybutik.pl\/en\/wp-json\/wp\/v2\/product_tag?post=11735"}],"curies":[{"name":"wp","href":"https:\/\/api.w.org\/{rel}","templated":true}]}}