{"id":11820,"date":"2025-10-21T15:12:12","date_gmt":"2025-10-21T13:12:12","guid":{"rendered":"https:\/\/classysassybutik.pl\/?post_type=product&#038;p=11820"},"modified":"2025-11-07T13:34:41","modified_gmt":"2025-11-07T12:34:41","slug":"czapka-z-daszkiem-baranek-bezowa","status":"publish","type":"product","link":"https:\/\/classysassybutik.pl\/en\/product\/czapka-z-daszkiem-baranek-bezowa\/","title":{"rendered":"Czapka z Daszkiem Baranek Be\u017cowa"},"content":{"rendered":"<p>Czapka damska\u00a0 to idealny wyb\u00f3r dla wszystkich, kt\u00f3rzy pragn\u0105 doda\u0107 swojej jesiennej i zimowej stylizacji niepowtarzalnego charakteru. Wykonana z wysokiej jako\u015bci imitacji baranka, czapka z daszkiem zapewnia nie tylko ochron\u0119 przed ch\u0142odem, ale tak\u017ce niesamowity wygl\u0105d.<\/p>\n<p>Imported product<\/p>\n<p><b>Composition:<\/b><\/p>\n<p>100% Akryl<\/p>\n<p><b>Dimensions:<\/b><\/p>\n<p><b>Universal size<\/b><\/p>\n<p>D\u0142ugo\u015b\u0107 daszka: 8 cm<\/p>\n<p>Obw\u00f3d: 54cm<\/p>\n<p>Szeroko\u015b\u0107 daszka: 19cm<\/p>","protected":false},"excerpt":{"rendered":"<p>Czapka damska\u00a0 to idealny wyb\u00f3r dla wszystkich, kt\u00f3rzy pragn\u0105 doda\u0107 swojej jesiennej i zimowej stylizacji niepowtarzalnego charakteru. Wykonana z wysokiej jako\u015bci imitacji baranka, czapka z daszkiem zapewnia nie tylko ochron\u0119 przed ch\u0142odem, ale tak\u017ce niesamowity wygl\u0105d. Produkt importowany Sk\u0142ad: 100% Akryl Wymiary: Rozmiar uniwersalny D\u0142ugo\u015b\u0107 daszka: 8 cm Obw\u00f3d: 54cm Szeroko\u015b\u0107 daszka: 19cm<\/p>","protected":false},"featured_media":11821,"comment_status":"open","ping_status":"closed","template":"","meta":[],"product_brand":[],"product_cat":[116,94],"product_tag":[],"class_list":{"0":"post-11820","1":"product","2":"type-product","3":"status-publish","4":"has-post-thumbnail","6":"product_cat-czapki","7":"product_cat-nowosci","9":"first","10":"instock","11":"sale","12":"shipping-taxable","13":"purchasable","14":"product-type-simple"},"_links":{"self":[{"href":"https:\/\/classysassybutik.pl\/en\/wp-json\/wp\/v2\/product\/11820","targetHints":{"allow":["GET"]}}],"collection":[{"href":"https:\/\/classysassybutik.pl\/en\/wp-json\/wp\/v2\/product"}],"about":[{"href":"https:\/\/classysassybutik.pl\/en\/wp-json\/wp\/v2\/types\/product"}],"replies":[{"embeddable":true,"href":"https:\/\/classysassybutik.pl\/en\/wp-json\/wp\/v2\/comments?post=11820"}],"wp:featuredmedia":[{"embeddable":true,"href":"https:\/\/classysassybutik.pl\/en\/wp-json\/wp\/v2\/media\/11821"}],"wp:attachment":[{"href":"https:\/\/classysassybutik.pl\/en\/wp-json\/wp\/v2\/media?parent=11820"}],"wp:term":[{"taxonomy":"product_brand","embeddable":true,"href":"https:\/\/classysassybutik.pl\/en\/wp-json\/wp\/v2\/product_brand?post=11820"},{"taxonomy":"product_cat","embeddable":true,"href":"https:\/\/classysassybutik.pl\/en\/wp-json\/wp\/v2\/product_cat?post=11820"},{"taxonomy":"product_tag","embeddable":true,"href":"https:\/\/classysassybutik.pl\/en\/wp-json\/wp\/v2\/product_tag?post=11820"}],"curies":[{"name":"wp","href":"https:\/\/api.w.org\/{rel}","templated":true}]}}