{"id":11825,"date":"2025-10-21T15:20:23","date_gmt":"2025-10-21T13:20:23","guid":{"rendered":"https:\/\/classysassybutik.pl\/?post_type=product&#038;p=11825"},"modified":"2025-10-21T15:20:24","modified_gmt":"2025-10-21T13:20:24","slug":"choker-tasiemka-na-szyje-czarny","status":"publish","type":"product","link":"https:\/\/classysassybutik.pl\/en\/product\/choker-tasiemka-na-szyje-czarny\/","title":{"rendered":"Choker Tasiemka na Szyj\u0119 Czarny"},"content":{"rendered":"<p>Podkre\u015bl sw\u00f3j wyj\u0105tkowy styl za pomoc\u0105 eleganckiego chokera na tasiemce. To minimalistyczny, ale efektowny dodatek, kt\u00f3ry idealnie wpisuje si\u0119 w aktualne trendy. Subtelny, a jednocze\u015bnie pe\u0142en wdzi\u0119ku \u2013 doskona\u0142y zar\u00f3wno na co dzie\u0144, jak i na wyj\u0105tkowe okazje.<\/p>","protected":false},"excerpt":{"rendered":"<p>Podkre\u015bl sw\u00f3j wyj\u0105tkowy styl za pomoc\u0105 eleganckiego chokera na tasiemce. To minimalistyczny, ale efektowny dodatek, kt\u00f3ry idealnie wpisuje si\u0119 w aktualne trendy. Subtelny, a jednocze\u015bnie pe\u0142en wdzi\u0119ku \u2013 doskona\u0142y zar\u00f3wno na co dzie\u0144, jak i na wyj\u0105tkowe okazje.<\/p>","protected":false},"featured_media":11826,"comment_status":"open","ping_status":"closed","template":"","meta":[],"product_brand":[],"product_cat":[103],"product_tag":[],"class_list":{"0":"post-11825","1":"product","2":"type-product","3":"status-publish","4":"has-post-thumbnail","6":"product_cat-bizuteria","8":"first","9":"instock","10":"shipping-taxable","11":"purchasable","12":"product-type-simple"},"_links":{"self":[{"href":"https:\/\/classysassybutik.pl\/en\/wp-json\/wp\/v2\/product\/11825","targetHints":{"allow":["GET"]}}],"collection":[{"href":"https:\/\/classysassybutik.pl\/en\/wp-json\/wp\/v2\/product"}],"about":[{"href":"https:\/\/classysassybutik.pl\/en\/wp-json\/wp\/v2\/types\/product"}],"replies":[{"embeddable":true,"href":"https:\/\/classysassybutik.pl\/en\/wp-json\/wp\/v2\/comments?post=11825"}],"wp:featuredmedia":[{"embeddable":true,"href":"https:\/\/classysassybutik.pl\/en\/wp-json\/wp\/v2\/media\/11826"}],"wp:attachment":[{"href":"https:\/\/classysassybutik.pl\/en\/wp-json\/wp\/v2\/media?parent=11825"}],"wp:term":[{"taxonomy":"product_brand","embeddable":true,"href":"https:\/\/classysassybutik.pl\/en\/wp-json\/wp\/v2\/product_brand?post=11825"},{"taxonomy":"product_cat","embeddable":true,"href":"https:\/\/classysassybutik.pl\/en\/wp-json\/wp\/v2\/product_cat?post=11825"},{"taxonomy":"product_tag","embeddable":true,"href":"https:\/\/classysassybutik.pl\/en\/wp-json\/wp\/v2\/product_tag?post=11825"}],"curies":[{"name":"wp","href":"https:\/\/api.w.org\/{rel}","templated":true}]}}