{"id":11829,"date":"2025-10-21T15:24:02","date_gmt":"2025-10-21T13:24:02","guid":{"rendered":"https:\/\/classysassybutik.pl\/?post_type=product&#038;p=11829"},"modified":"2025-12-01T11:21:58","modified_gmt":"2025-12-01T10:21:58","slug":"rekawiczki-damskie-bezowe","status":"publish","type":"product","link":"https:\/\/classysassybutik.pl\/en\/product\/rekawiczki-damskie-bezowe\/","title":{"rendered":"R\u0119kawiczki Damskie Be\u017cowe"},"content":{"rendered":"<p>R\u0119kawiczki damskie ciep\u0142e, mi\u0119ciutki materia\u0142, bardzo wygodne z modn\u0105 klamerk\u0105.<\/p>\n<p>Imported product<\/p>\n<p>Universal size<\/p>","protected":false},"excerpt":{"rendered":"<p>R\u0119kawiczki damskie ciep\u0142e, mi\u0119ciutki materia\u0142, bardzo wygodne z modn\u0105 klamerk\u0105. Produkt importowany Rozmiar uniwersalny<\/p>","protected":false},"featured_media":11834,"comment_status":"open","ping_status":"closed","template":"","meta":[],"product_brand":[],"product_cat":[116],"product_tag":[],"class_list":{"0":"post-11829","1":"product","2":"type-product","3":"status-publish","4":"has-post-thumbnail","6":"product_cat-czapki","8":"first","9":"instock","10":"sale","11":"shipping-taxable","12":"purchasable","13":"product-type-simple"},"_links":{"self":[{"href":"https:\/\/classysassybutik.pl\/en\/wp-json\/wp\/v2\/product\/11829","targetHints":{"allow":["GET"]}}],"collection":[{"href":"https:\/\/classysassybutik.pl\/en\/wp-json\/wp\/v2\/product"}],"about":[{"href":"https:\/\/classysassybutik.pl\/en\/wp-json\/wp\/v2\/types\/product"}],"replies":[{"embeddable":true,"href":"https:\/\/classysassybutik.pl\/en\/wp-json\/wp\/v2\/comments?post=11829"}],"wp:featuredmedia":[{"embeddable":true,"href":"https:\/\/classysassybutik.pl\/en\/wp-json\/wp\/v2\/media\/11834"}],"wp:attachment":[{"href":"https:\/\/classysassybutik.pl\/en\/wp-json\/wp\/v2\/media?parent=11829"}],"wp:term":[{"taxonomy":"product_brand","embeddable":true,"href":"https:\/\/classysassybutik.pl\/en\/wp-json\/wp\/v2\/product_brand?post=11829"},{"taxonomy":"product_cat","embeddable":true,"href":"https:\/\/classysassybutik.pl\/en\/wp-json\/wp\/v2\/product_cat?post=11829"},{"taxonomy":"product_tag","embeddable":true,"href":"https:\/\/classysassybutik.pl\/en\/wp-json\/wp\/v2\/product_tag?post=11829"}],"curies":[{"name":"wp","href":"https:\/\/api.w.org\/{rel}","templated":true}]}}