{"id":11836,"date":"2025-10-21T15:28:09","date_gmt":"2025-10-21T13:28:09","guid":{"rendered":"https:\/\/classysassybutik.pl\/?post_type=product&#038;p=11836"},"modified":"2025-10-21T15:28:13","modified_gmt":"2025-10-21T13:28:13","slug":"podkolanowki-czarne","status":"publish","type":"product","link":"https:\/\/classysassybutik.pl\/en\/product\/podkolanowki-czarne\/","title":{"rendered":"Podkolanowki Czarne"},"content":{"rendered":"<p><strong>Podkolan\u00f3wki bezuciskowe<\/strong>\u00a0to\u00a0klasyczne podkolan\u00f3wki damskie, kt\u00f3re spodobaj\u0105 si\u0119 fankom ponadczasowej klasyki, idealnie wsp\u00f3\u0142graj\u0105c z\u00a0codziennymi i\u00a0eleganckimi stylizacjami.<\/p>","protected":false},"excerpt":{"rendered":"<p>Podkolan\u00f3wki bezuciskowe\u00a0to\u00a0klasyczne podkolan\u00f3wki damskie, kt\u00f3re spodobaj\u0105 si\u0119 fankom ponadczasowej klasyki, idealnie wsp\u00f3\u0142graj\u0105c z\u00a0codziennymi i\u00a0eleganckimi stylizacjami.<\/p>","protected":false},"featured_media":11838,"comment_status":"open","ping_status":"closed","template":"","meta":[],"product_brand":[],"product_cat":[131],"product_tag":[],"class_list":{"0":"post-11836","1":"product","2":"type-product","3":"status-publish","4":"has-post-thumbnail","6":"product_cat-rajstopy","8":"first","9":"instock","10":"shipping-taxable","11":"purchasable","12":"product-type-simple"},"_links":{"self":[{"href":"https:\/\/classysassybutik.pl\/en\/wp-json\/wp\/v2\/product\/11836","targetHints":{"allow":["GET"]}}],"collection":[{"href":"https:\/\/classysassybutik.pl\/en\/wp-json\/wp\/v2\/product"}],"about":[{"href":"https:\/\/classysassybutik.pl\/en\/wp-json\/wp\/v2\/types\/product"}],"replies":[{"embeddable":true,"href":"https:\/\/classysassybutik.pl\/en\/wp-json\/wp\/v2\/comments?post=11836"}],"wp:featuredmedia":[{"embeddable":true,"href":"https:\/\/classysassybutik.pl\/en\/wp-json\/wp\/v2\/media\/11838"}],"wp:attachment":[{"href":"https:\/\/classysassybutik.pl\/en\/wp-json\/wp\/v2\/media?parent=11836"}],"wp:term":[{"taxonomy":"product_brand","embeddable":true,"href":"https:\/\/classysassybutik.pl\/en\/wp-json\/wp\/v2\/product_brand?post=11836"},{"taxonomy":"product_cat","embeddable":true,"href":"https:\/\/classysassybutik.pl\/en\/wp-json\/wp\/v2\/product_cat?post=11836"},{"taxonomy":"product_tag","embeddable":true,"href":"https:\/\/classysassybutik.pl\/en\/wp-json\/wp\/v2\/product_tag?post=11836"}],"curies":[{"name":"wp","href":"https:\/\/api.w.org\/{rel}","templated":true}]}}