{"id":12045,"date":"2025-10-31T15:04:03","date_gmt":"2025-10-31T14:04:03","guid":{"rendered":"https:\/\/classysassybutik.pl\/?post_type=product&#038;p=12045"},"modified":"2026-01-26T10:10:28","modified_gmt":"2026-01-26T09:10:28","slug":"kurtka-z-futrzanym-kolnierzem-bezowa","status":"publish","type":"product","link":"https:\/\/classysassybutik.pl\/en\/product\/kurtka-z-futrzanym-kolnierzem-bezowa\/","title":{"rendered":"Kurtka z Futrzanym Ko\u0142nierzem Be\u017cowa"},"content":{"rendered":"<p>Stylowa kurtka o kobiecym fasonie.<\/p>\n<p>Posiada odpinany ko\u0142nierz obszyty pi\u0119knym, futerkiem imituj\u0105cym futro naturalne.<\/p>\n<p>Zapinana na suwak oraz napy.<\/p>\n<p>Z przodzu posiada kieszonki.<\/p>\n<p>Pikowana w ciekawy spos\u00f3b.<\/p>\n<p>Posiada ocieplenie.<\/p>\n<p>Idealna na jesie\u0144 oraz zim\u0119.<\/p>\n<p>Jako\u015b\u0107 premium.<\/p>\n<p>&nbsp;<\/p>\n<p>Wymiary: S ( z metki M)<\/p>\n<p>Szeroko\u015b\u0107 od pachy do pachy: 55 cmx2<\/p>\n<p>D\u0142ugo\u015b\u0107 r\u0119kawa : 72 cm<\/p>\n<p>D\u0142ugo\u015b\u0107 ca\u0142kowita: 60cm<\/p>\n<p>Szeroko\u015b\u0107 d\u00f3\u0142: 55 cmx2<\/p>\n<p>&nbsp;<\/p>\n<p>Wymiary: M (z metki L)<\/p>\n<p>Szeroko\u015b\u0107 od pachy do pachy: 57 cmx2<\/p>\n<p>D\u0142ugo\u015b\u0107 r\u0119kawa: 73 cm<\/p>\n<p>D\u0142ugo\u015b\u0107 ca\u0142kowita: 61 cm<\/p>\n<p>Szeroko\u015b\u0107 d\u00f3\u0142: 57 cmx2<\/p>\n<p>&nbsp;<\/p>\n<p>&nbsp;<\/p>\n<p>Wymiary: L ( z metki XL)<\/p>\n<p>Szeroko\u015b\u0107 od pachy do pachy: 59 cmx2<\/p>\n<p>D\u0142ugo\u015b\u0107 r\u0119kawa: 74 cm<\/p>\n<p>D\u0142ugo\u015b\u0107 ca\u0142kowita: 62 cm<\/p>\n<p>Szeroko\u015b\u0107 d\u00f3\u0142: 59 cmx2<\/p>\n<p>&nbsp;<\/p>\n<p>Wymiary: XL (z metki XXL)<\/p>\n<p>Szeroko\u015b\u0107 od pachy do pachy: 61 cmx2<\/p>\n<p>D\u0142ugo\u015b\u0107 r\u0119kawa: 75 cm<\/p>\n<p>D\u0142ugo\u015b\u0107 ca\u0142kowita: 63 cm<\/p>\n<p>Szeroko\u015b\u0107 d\u00f3\u0142: 61 cmx2<\/p>\n<p>&nbsp;<\/p>\n<p>Wymiary: XXL (z metki XXXL)<\/p>\n<p>Szeroko\u015b\u0107 od pachy do pachy: 63 cmx2<\/p>\n<p>D\u0142ugo\u015b\u0107 r\u0119kawa: 76 cm<\/p>\n<p>D\u0142ugo\u015b\u0107 ca\u0142kowita: 64 cm<\/p>\n<p>Szeroko\u015b\u0107 d\u00f3\u0142: 63 cmx2<\/p>\n<p>&nbsp;<\/p>\n<p>&nbsp;<\/p>\n<p>Composition: 100% polyester<\/p>\n<p>Podszewka: 100% poliester<\/p>\n<p>Produkcja: Import.<\/p>","protected":false},"excerpt":{"rendered":"<blockquote><p>&nbsp;<\/p><\/blockquote>","protected":false},"featured_media":12047,"comment_status":"open","ping_status":"closed","template":"","meta":[],"product_brand":[],"product_cat":[94,32],"product_tag":[],"class_list":{"0":"post-12045","1":"product","2":"type-product","3":"status-publish","4":"has-post-thumbnail","6":"product_cat-nowosci","7":"product_cat-okrycia-wierzchnie","9":"first","10":"instock","11":"sale","12":"shipping-taxable","13":"purchasable","14":"product-type-variable"},"_links":{"self":[{"href":"https:\/\/classysassybutik.pl\/en\/wp-json\/wp\/v2\/product\/12045","targetHints":{"allow":["GET"]}}],"collection":[{"href":"https:\/\/classysassybutik.pl\/en\/wp-json\/wp\/v2\/product"}],"about":[{"href":"https:\/\/classysassybutik.pl\/en\/wp-json\/wp\/v2\/types\/product"}],"replies":[{"embeddable":true,"href":"https:\/\/classysassybutik.pl\/en\/wp-json\/wp\/v2\/comments?post=12045"}],"wp:featuredmedia":[{"embeddable":true,"href":"https:\/\/classysassybutik.pl\/en\/wp-json\/wp\/v2\/media\/12047"}],"wp:attachment":[{"href":"https:\/\/classysassybutik.pl\/en\/wp-json\/wp\/v2\/media?parent=12045"}],"wp:term":[{"taxonomy":"product_brand","embeddable":true,"href":"https:\/\/classysassybutik.pl\/en\/wp-json\/wp\/v2\/product_brand?post=12045"},{"taxonomy":"product_cat","embeddable":true,"href":"https:\/\/classysassybutik.pl\/en\/wp-json\/wp\/v2\/product_cat?post=12045"},{"taxonomy":"product_tag","embeddable":true,"href":"https:\/\/classysassybutik.pl\/en\/wp-json\/wp\/v2\/product_tag?post=12045"}],"curies":[{"name":"wp","href":"https:\/\/api.w.org\/{rel}","templated":true}]}}