{"id":12138,"date":"2025-11-04T17:15:32","date_gmt":"2025-11-04T16:15:32","guid":{"rendered":"https:\/\/classysassybutik.pl\/?post_type=product&#038;p=12138"},"modified":"2025-11-04T17:15:33","modified_gmt":"2025-11-04T16:15:33","slug":"marynarko-sukienko-czarna-w-bialy-prazek-la-milla","status":"publish","type":"product","link":"https:\/\/classysassybutik.pl\/en\/product\/marynarko-sukienko-czarna-w-bialy-prazek-la-milla\/","title":{"rendered":"Marynarko-Sukienko Czarna w Bia\u0142y Pr\u0105\u017cek La Milla"},"content":{"rendered":"<p style=\"text-align: left;\">Sukienka-marynarka posiada pasek wi\u0105zany z ty\u0142u, dzi\u0119ki czemu mo\u017cesz dowolnie dopasowa\u0107 j\u0105 do swojej sylwetki \u2013 podkre\u015bli\u0107 tali\u0119 lub pozostawi\u0107 lu\u017aniejszy, oversize\u2019owy kr\u00f3j. Wykonana z wysokiej jako\u015bci tkaniny, zapewnia wygod\u0119 i styl w jednym.<\/p>\n<p>Idealna zar\u00f3wno do biura, jak i na wieczorne wyj\u015bcia. Wystarczy doda\u0107 szpilki lub kozaki, by stworzy\u0107 pe\u0142n\u0105 pewno\u015bci siebie stylizacj\u0119.<\/p>\n<p>&nbsp;<\/p>\n<p>&nbsp;<\/p>\n<p>Polish manufacturer<\/p>\n<p>Dimensions:<\/p>\n<p>(mierzone na p\u0142asko)<\/p>\n<p>Szeroko\u015b\u0107 w biu\u015bcie: 114 cm<\/p>\n<p>Szeroko\u015b\u0107 w talii: 112 cm<\/p>\n<p>D\u0142ugo\u015b\u0107 ca\u0142kowita: 84 cm<\/p>\n<p>&nbsp;<\/p>\n<p>Composition:<\/p>\n<p>95% viscose, 5% elastane<\/p>","protected":false},"excerpt":{"rendered":"<p>Sukienka-marynarka posiada pasek wi\u0105zany z ty\u0142u, dzi\u0119ki czemu mo\u017cesz dowolnie dopasowa\u0107 j\u0105 do swojej sylwetki \u2013 podkre\u015bli\u0107 tali\u0119 lub pozostawi\u0107 lu\u017aniejszy, oversize\u2019owy kr\u00f3j. Wykonana z wysokiej jako\u015bci tkaniny, zapewnia wygod\u0119 i styl w jednym. Idealna zar\u00f3wno do biura, jak i na wieczorne wyj\u015bcia. Wystarczy doda\u0107 szpilki lub kozaki, by stworzy\u0107 pe\u0142n\u0105 pewno\u015bci siebie stylizacj\u0119. &nbsp; [&hellip;]<\/p>","protected":false},"featured_media":12143,"comment_status":"open","ping_status":"closed","template":"","meta":[],"product_brand":[],"product_cat":[29,94,20],"product_tag":[],"class_list":{"0":"post-12138","1":"product","2":"type-product","3":"status-publish","4":"has-post-thumbnail","6":"product_cat-marynarki","7":"product_cat-nowosci","8":"product_cat-sukienki","10":"first","11":"instock","12":"shipping-taxable","13":"purchasable","14":"product-type-simple"},"_links":{"self":[{"href":"https:\/\/classysassybutik.pl\/en\/wp-json\/wp\/v2\/product\/12138","targetHints":{"allow":["GET"]}}],"collection":[{"href":"https:\/\/classysassybutik.pl\/en\/wp-json\/wp\/v2\/product"}],"about":[{"href":"https:\/\/classysassybutik.pl\/en\/wp-json\/wp\/v2\/types\/product"}],"replies":[{"embeddable":true,"href":"https:\/\/classysassybutik.pl\/en\/wp-json\/wp\/v2\/comments?post=12138"}],"wp:featuredmedia":[{"embeddable":true,"href":"https:\/\/classysassybutik.pl\/en\/wp-json\/wp\/v2\/media\/12143"}],"wp:attachment":[{"href":"https:\/\/classysassybutik.pl\/en\/wp-json\/wp\/v2\/media?parent=12138"}],"wp:term":[{"taxonomy":"product_brand","embeddable":true,"href":"https:\/\/classysassybutik.pl\/en\/wp-json\/wp\/v2\/product_brand?post=12138"},{"taxonomy":"product_cat","embeddable":true,"href":"https:\/\/classysassybutik.pl\/en\/wp-json\/wp\/v2\/product_cat?post=12138"},{"taxonomy":"product_tag","embeddable":true,"href":"https:\/\/classysassybutik.pl\/en\/wp-json\/wp\/v2\/product_tag?post=12138"}],"curies":[{"name":"wp","href":"https:\/\/api.w.org\/{rel}","templated":true}]}}