{"id":12166,"date":"2025-11-06T13:19:53","date_gmt":"2025-11-06T12:19:53","guid":{"rendered":"https:\/\/classysassybutik.pl\/?post_type=product&#038;p=12166"},"modified":"2025-11-06T13:19:54","modified_gmt":"2025-11-06T12:19:54","slug":"koszula-z-sciagaczem-na-dole-krotka-la-milla-khaki","status":"publish","type":"product","link":"https:\/\/classysassybutik.pl\/en\/product\/koszula-z-sciagaczem-na-dole-krotka-la-milla-khaki\/","title":{"rendered":"Koszula z \u015aci\u0105gaczem na Dole Kr\u00f3tka La Milla Khaki"},"content":{"rendered":"<p>Kr\u00f3tka koszula bawe\u0142niana<\/p>\n<p>Zapinana na guziki<\/p>\n<p>D\u0142ugi r\u0119kaw zako\u0144czony mankietem<\/p>\n<p>Dekolt z ko\u0142nierzykiem<\/p>\n<p>D\u00f3\u0142 koszuli wyko\u0144czony \u015bci\u0105gaczem<\/p>\n<p>Idealnie sprawdzi si\u0119 do casualowych i eleganckich stylizacji.<\/p>\n<p>&nbsp;<\/p>\n<p>Materia\u0142: 95% bawe\u0142na, 5% elastan<\/p>\n<p>&nbsp;<\/p>\n<p>Rozmiary XS\/S, M\/L<\/p>\n<p>&nbsp;<\/p>\n<p>&nbsp;<\/p>","protected":false},"excerpt":{"rendered":"<p>Kr\u00f3tka koszula bawe\u0142niana Zapinana na guziki D\u0142ugi r\u0119kaw zako\u0144czony mankietem Dekolt z ko\u0142nierzykiem D\u00f3\u0142 koszuli wyko\u0144czony \u015bci\u0105gaczem Idealnie sprawdzi si\u0119 do casualowych i eleganckich stylizacji. &nbsp; Materia\u0142: 95% bawe\u0142na, 5% elastan &nbsp; Rozmiary XS\/S, M\/L &nbsp; &nbsp;<\/p>","protected":false},"featured_media":12168,"comment_status":"open","ping_status":"closed","template":"","meta":[],"product_brand":[],"product_cat":[28,114],"product_tag":[],"class_list":{"0":"post-12166","1":"product","2":"type-product","3":"status-publish","4":"has-post-thumbnail","6":"product_cat-bluzki","7":"product_cat-koszula","9":"first","10":"instock","11":"shipping-taxable","12":"purchasable","13":"product-type-variable"},"_links":{"self":[{"href":"https:\/\/classysassybutik.pl\/en\/wp-json\/wp\/v2\/product\/12166","targetHints":{"allow":["GET"]}}],"collection":[{"href":"https:\/\/classysassybutik.pl\/en\/wp-json\/wp\/v2\/product"}],"about":[{"href":"https:\/\/classysassybutik.pl\/en\/wp-json\/wp\/v2\/types\/product"}],"replies":[{"embeddable":true,"href":"https:\/\/classysassybutik.pl\/en\/wp-json\/wp\/v2\/comments?post=12166"}],"wp:featuredmedia":[{"embeddable":true,"href":"https:\/\/classysassybutik.pl\/en\/wp-json\/wp\/v2\/media\/12168"}],"wp:attachment":[{"href":"https:\/\/classysassybutik.pl\/en\/wp-json\/wp\/v2\/media?parent=12166"}],"wp:term":[{"taxonomy":"product_brand","embeddable":true,"href":"https:\/\/classysassybutik.pl\/en\/wp-json\/wp\/v2\/product_brand?post=12166"},{"taxonomy":"product_cat","embeddable":true,"href":"https:\/\/classysassybutik.pl\/en\/wp-json\/wp\/v2\/product_cat?post=12166"},{"taxonomy":"product_tag","embeddable":true,"href":"https:\/\/classysassybutik.pl\/en\/wp-json\/wp\/v2\/product_tag?post=12166"}],"curies":[{"name":"wp","href":"https:\/\/api.w.org\/{rel}","templated":true}]}}