{"id":12341,"date":"2025-11-16T18:55:39","date_gmt":"2025-11-16T17:55:39","guid":{"rendered":"https:\/\/classysassybutik.pl\/?post_type=product&#038;p=12341"},"modified":"2025-12-22T13:50:55","modified_gmt":"2025-12-22T12:50:55","slug":"sukienka-polgolf-z-rozciecie-czarna","status":"publish","type":"product","link":"https:\/\/classysassybutik.pl\/en\/product\/sukienka-polgolf-z-rozciecie-czarna\/","title":{"rendered":"Sukienka P\u00f3\u0142golf z  Rozci\u0119cie Czarna"},"content":{"rendered":"<p>Elegancka sukienka maxi z marszczeniem to po\u0142\u0105czenie kobieco\u015bci i nowoczesnego stylu. Wykonana z elastycznego materia\u0142u, doskonale dopasowuje si\u0119 do sylwetki, podkre\u015blaj\u0105c jej atuty. D\u0142ugo\u015b\u0107 maxi oraz efektowne marszczenie z przodu dodaj\u0105 ca\u0142o\u015bci wyj\u0105tkowego charakteru. Idealna propozycja na wieczorne wyj\u015bcia, uroczysto\u015bci lub eleganckie spotkania.<\/p>\n<p>&nbsp;<\/p>\n<p>&#8211; sukienka maxi o dopasowanym kroju<\/p>\n<p>&#8211; efektowne marszczenie z przodu wysmuklaj\u0105ce sylwetk\u0119<\/p>\n<p>&#8211; d\u0142ugie r\u0119kawy i p\u00f3\u0142golf zapewniaj\u0105 elegancki wygl\u0105d<\/p>\n<p>&#8211; poduszki na ramionach<\/p>\n<p>&#8211; wykonana z elastycznego, przyjemnego w dotyku materia\u0142u<\/p>\n<p>&#8211; idealna na wyj\u0105tkowe okazje, kolacje i przyj\u0119cia<\/p>\n<p>&#8211; wysokiej jako\u015bci tkanina gwarantuj\u0105ca komfort noszenia<\/p>\n<p>&#8211; zaprojektowana z my\u015bl\u0105 o kobiecych kszta\u0142tach i wygodzie<\/p>\n<p>&nbsp;<\/p>\n<p>S dimensions:<\/p>\n<p>D\u0142ugo\u015b\u0107 ca\u0142kowita: 131 cm<\/p>\n<p>Obw\u00f3d w biu\u015bcie: od 80 cm do 108 cm po rozci\u0105gni\u0119ciu<\/p>\n<p>Obw\u00f3d w pasie: od 60 cm do 84 cm po rozci\u0105gni\u0119ciu<\/p>\n<p>Obw\u00f3d w biodrach: od 72 cm do 102 cm po rozci\u0105gni\u0119ciu<\/p>\n<p>Sleeve length from armpit: 47 cm<\/p>\n<p>&nbsp;<\/p>\n<p>Dimensions M:<\/p>\n<p>Overall length: 132 cm<\/p>\n<p>Obw\u00f3d w biu\u015bcie: od 84 cm do 112 cm po rozci\u0105gni\u0119ciu<\/p>\n<p>Obw\u00f3d w pasie: od 64 cm do 88 cm po rozci\u0105gni\u0119ciu<\/p>\n<p>Obw\u00f3d w biodrach: od 76 cm do 106 cm po rozci\u0105gni\u0119ciu<\/p>\n<p>Sleeve length from armpit: 47 cm<\/p>\n<p>&nbsp;<\/p>\n<p>L dimensions:<\/p>\n<p>Overall length: 133 cm<\/p>\n<p>Obw\u00f3d w biu\u015bcie: od 88 cm do 116 cm po rozci\u0105gni\u0119ciu<\/p>\n<p>Obw\u00f3d w pasie: od 68 cm do 92 cm po rozci\u0105gni\u0119ciu<\/p>\n<p>Obw\u00f3d w biodrach: od 80 cm do 110 cm po rozci\u0105gni\u0119ciu<\/p>\n<p>D\u0142ugo\u015b\u0107 r\u0119kawa od pachy: 48 cm<\/p>\n<p>&nbsp;<\/p>\n<p>Clothes measured flat! Individual measurements may vary +\/- 2 cm.<\/p>\n<p>&nbsp;<\/p>\n<p>Composition<\/p>\n<p>60% poliamid\u00a0 30% wiskoza 10% lycra<\/p>\n<p>Polish product<\/p>\n<p>&nbsp;<\/p>","protected":false},"excerpt":{"rendered":"<p>Elegancka sukienka maxi z marszczeniem to po\u0142\u0105czenie kobieco\u015bci i nowoczesnego stylu. Wykonana z elastycznego materia\u0142u, doskonale dopasowuje si\u0119 do sylwetki, podkre\u015blaj\u0105c jej atuty. D\u0142ugo\u015b\u0107 maxi oraz efektowne marszczenie z przodu dodaj\u0105 ca\u0142o\u015bci wyj\u0105tkowego charakteru. Idealna propozycja na wieczorne wyj\u015bcia, uroczysto\u015bci lub eleganckie spotkania. &nbsp; &#8211; sukienka maxi o dopasowanym kroju &#8211; efektowne marszczenie z przodu [&hellip;]<\/p>","protected":false},"featured_media":12346,"comment_status":"open","ping_status":"closed","template":"","meta":[],"product_brand":[],"product_cat":[94,20],"product_tag":[],"class_list":{"0":"post-12341","1":"product","2":"type-product","3":"status-publish","4":"has-post-thumbnail","6":"product_cat-nowosci","7":"product_cat-sukienki","9":"first","10":"instock","11":"sale","12":"shipping-taxable","13":"purchasable","14":"product-type-variable"},"_links":{"self":[{"href":"https:\/\/classysassybutik.pl\/en\/wp-json\/wp\/v2\/product\/12341","targetHints":{"allow":["GET"]}}],"collection":[{"href":"https:\/\/classysassybutik.pl\/en\/wp-json\/wp\/v2\/product"}],"about":[{"href":"https:\/\/classysassybutik.pl\/en\/wp-json\/wp\/v2\/types\/product"}],"replies":[{"embeddable":true,"href":"https:\/\/classysassybutik.pl\/en\/wp-json\/wp\/v2\/comments?post=12341"}],"wp:featuredmedia":[{"embeddable":true,"href":"https:\/\/classysassybutik.pl\/en\/wp-json\/wp\/v2\/media\/12346"}],"wp:attachment":[{"href":"https:\/\/classysassybutik.pl\/en\/wp-json\/wp\/v2\/media?parent=12341"}],"wp:term":[{"taxonomy":"product_brand","embeddable":true,"href":"https:\/\/classysassybutik.pl\/en\/wp-json\/wp\/v2\/product_brand?post=12341"},{"taxonomy":"product_cat","embeddable":true,"href":"https:\/\/classysassybutik.pl\/en\/wp-json\/wp\/v2\/product_cat?post=12341"},{"taxonomy":"product_tag","embeddable":true,"href":"https:\/\/classysassybutik.pl\/en\/wp-json\/wp\/v2\/product_tag?post=12341"}],"curies":[{"name":"wp","href":"https:\/\/api.w.org\/{rel}","templated":true}]}}