{"id":12405,"date":"2025-11-18T12:30:51","date_gmt":"2025-11-18T11:30:51","guid":{"rendered":"https:\/\/classysassybutik.pl\/?post_type=product&#038;p=12405"},"modified":"2026-01-08T14:32:53","modified_gmt":"2026-01-08T13:32:53","slug":"kardigan-dlugi-plecionka-ecru","status":"publish","type":"product","link":"https:\/\/classysassybutik.pl\/en\/product\/kardigan-dlugi-plecionka-ecru\/","title":{"rendered":"Kardigan D\u0142ugi Plecionka Ecru"},"content":{"rendered":"<p>Size ONE SIZE, fits sizes S, M, L, XL<\/p>\n<p>&nbsp;<\/p>\n<p>Dimensions:<\/p>\n<p>&nbsp;<\/p>\n<p>D\u0142. ca\u0142kowita &#8211; 105cm<\/p>\n<p>Szer. w ramionach &#8211; 63 cm<\/p>\n<p>Width from armpit to armpit - 55 cm<\/p>\n<p>Szer. w talii &#8211; 54 cm<\/p>\n<p>Szer. na dole &#8211; 61 cm<\/p>\n<p>D\u0142. r\u0119kawa od ramienia &#8211; 38 cm<\/p>\n<p>D\u0142. r\u0119kawa od pachy &#8211; 41 cm<\/p>\n<p>Szer. w bicepsie &#8211; 21 cm<\/p>\n<p>&nbsp;<\/p>\n<p>&nbsp;<\/p>\n<p>Material composition:<\/p>\n<p>48% Akryl<\/p>\n<p>30% Poliamid<\/p>\n<p>22% Elastan<\/p>\n<p>Imported product<\/p>","protected":false},"excerpt":{"rendered":"<p>Rozmiar ONE SIZE, pasuje dla rozmiar\u00f3w S, M, L, XL &nbsp; Wymiary: &nbsp; D\u0142. ca\u0142kowita &#8211; 105cm Szer. w ramionach &#8211; 63 cm Szer. od pachy do pachy &#8211; 55 cm Szer. w talii &#8211; 54 cm Szer. na dole &#8211; 61 cm D\u0142. r\u0119kawa od ramienia &#8211; 38 cm D\u0142. r\u0119kawa od pachy &#8211; [&hellip;]<\/p>","protected":false},"featured_media":12408,"comment_status":"open","ping_status":"closed","template":"","meta":[],"product_brand":[],"product_cat":[16,94],"product_tag":[],"class_list":{"0":"post-12405","1":"product","2":"type-product","3":"status-publish","4":"has-post-thumbnail","6":"product_cat-swetry","7":"product_cat-nowosci","9":"first","10":"instock","11":"sale","12":"shipping-taxable","13":"purchasable","14":"product-type-simple"},"_links":{"self":[{"href":"https:\/\/classysassybutik.pl\/en\/wp-json\/wp\/v2\/product\/12405","targetHints":{"allow":["GET"]}}],"collection":[{"href":"https:\/\/classysassybutik.pl\/en\/wp-json\/wp\/v2\/product"}],"about":[{"href":"https:\/\/classysassybutik.pl\/en\/wp-json\/wp\/v2\/types\/product"}],"replies":[{"embeddable":true,"href":"https:\/\/classysassybutik.pl\/en\/wp-json\/wp\/v2\/comments?post=12405"}],"wp:featuredmedia":[{"embeddable":true,"href":"https:\/\/classysassybutik.pl\/en\/wp-json\/wp\/v2\/media\/12408"}],"wp:attachment":[{"href":"https:\/\/classysassybutik.pl\/en\/wp-json\/wp\/v2\/media?parent=12405"}],"wp:term":[{"taxonomy":"product_brand","embeddable":true,"href":"https:\/\/classysassybutik.pl\/en\/wp-json\/wp\/v2\/product_brand?post=12405"},{"taxonomy":"product_cat","embeddable":true,"href":"https:\/\/classysassybutik.pl\/en\/wp-json\/wp\/v2\/product_cat?post=12405"},{"taxonomy":"product_tag","embeddable":true,"href":"https:\/\/classysassybutik.pl\/en\/wp-json\/wp\/v2\/product_tag?post=12405"}],"curies":[{"name":"wp","href":"https:\/\/api.w.org\/{rel}","templated":true}]}}