{"id":12432,"date":"2025-11-19T20:26:56","date_gmt":"2025-11-19T19:26:56","guid":{"rendered":"https:\/\/classysassybutik.pl\/?post_type=product&#038;p=12432"},"modified":"2025-11-19T20:26:58","modified_gmt":"2025-11-19T19:26:58","slug":"marynarka-nina-burgundowa-la-milla","status":"publish","type":"product","link":"https:\/\/classysassybutik.pl\/en\/product\/marynarka-nina-burgundowa-la-milla\/","title":{"rendered":"Marynarka Nina Burgundowa La Milla"},"content":{"rendered":"<blockquote><p>Composition: 95% viscose, 5% elastane<\/p><\/blockquote>\n<p>&nbsp;<\/p>\n<p>Marynarka Nina to idealne dope\u0142nienie stylizacji. Przepi\u0119kny odcie\u0144 sprawdzi si\u0119 doskonale na jesienne dni.<\/p>\n<p>&nbsp;<\/p>\n<p>&#8211; wykonanie z tkaniny wiskozowej<\/p>\n<p>&#8211; g\u0142adkie wyko\u0144czenie<\/p>\n<p>&#8211; zapi\u0119cie regulowane na guziczki<\/p>\n<p>&#8211; kieszonki po bokach<\/p>\n<p>&#8211; poduszki na ramionach<\/p>\n<p>&nbsp;<\/p>\n<p>Wymiary XS\/S:<\/p>\n<p>&nbsp;<\/p>\n<p>Overall length: 76 cm<\/p>\n<p>Obw\u00f3d w biu\u015bcie: 118 cm<\/p>\n<p>Waist circumference: 106 cm<\/p>\n<p>Sleeve length from armpit: 45 cm<\/p>\n<p>&nbsp;<\/p>\n<p>Wymiary M\/L:<\/p>\n<p>&nbsp;<\/p>\n<p>D\u0142ugo\u015b\u0107 ca\u0142kowita: 77 cm<\/p>\n<p>Obw\u00f3d w biu\u015bcie: 120 cm<\/p>\n<p>Obw\u00f3d w pasie: 108 cm<\/p>\n<p>D\u0142ugo\u015b\u0107 r\u0119kawa od pachy: 46 cm<\/p>\n<p>&nbsp;<\/p>\n<p>Clothes measured flat! Individual measurements may vary +\/- 2 cm.<\/p>\n<p>&nbsp;<\/p>\n<p>Produkt La Milla<\/p>","protected":false},"excerpt":{"rendered":"<p>Sk\u0142ad: 95% wiskoza, 5% elastan &nbsp; Marynarka Nina to idealne dope\u0142nienie stylizacji. Przepi\u0119kny odcie\u0144 sprawdzi si\u0119 doskonale na jesienne dni. &nbsp; &#8211; wykonanie z tkaniny wiskozowej &#8211; g\u0142adkie wyko\u0144czenie &#8211; zapi\u0119cie regulowane na guziczki &#8211; kieszonki po bokach &#8211; poduszki na ramionach &nbsp; Wymiary XS\/S: &nbsp; D\u0142ugo\u015b\u0107 ca\u0142kowita: 76 cm Obw\u00f3d w biu\u015bcie: 118 cm [&hellip;]<\/p>","protected":false},"featured_media":12434,"comment_status":"open","ping_status":"closed","template":"","meta":[],"product_brand":[],"product_cat":[29],"product_tag":[],"class_list":{"0":"post-12432","1":"product","2":"type-product","3":"status-publish","4":"has-post-thumbnail","6":"product_cat-marynarki","8":"first","9":"instock","10":"shipping-taxable","11":"purchasable","12":"product-type-variable"},"_links":{"self":[{"href":"https:\/\/classysassybutik.pl\/en\/wp-json\/wp\/v2\/product\/12432","targetHints":{"allow":["GET"]}}],"collection":[{"href":"https:\/\/classysassybutik.pl\/en\/wp-json\/wp\/v2\/product"}],"about":[{"href":"https:\/\/classysassybutik.pl\/en\/wp-json\/wp\/v2\/types\/product"}],"replies":[{"embeddable":true,"href":"https:\/\/classysassybutik.pl\/en\/wp-json\/wp\/v2\/comments?post=12432"}],"wp:featuredmedia":[{"embeddable":true,"href":"https:\/\/classysassybutik.pl\/en\/wp-json\/wp\/v2\/media\/12434"}],"wp:attachment":[{"href":"https:\/\/classysassybutik.pl\/en\/wp-json\/wp\/v2\/media?parent=12432"}],"wp:term":[{"taxonomy":"product_brand","embeddable":true,"href":"https:\/\/classysassybutik.pl\/en\/wp-json\/wp\/v2\/product_brand?post=12432"},{"taxonomy":"product_cat","embeddable":true,"href":"https:\/\/classysassybutik.pl\/en\/wp-json\/wp\/v2\/product_cat?post=12432"},{"taxonomy":"product_tag","embeddable":true,"href":"https:\/\/classysassybutik.pl\/en\/wp-json\/wp\/v2\/product_tag?post=12432"}],"curies":[{"name":"wp","href":"https:\/\/api.w.org\/{rel}","templated":true}]}}