{"id":12507,"date":"2025-11-20T16:25:34","date_gmt":"2025-11-20T15:25:34","guid":{"rendered":"https:\/\/classysassybutik.pl\/?post_type=product&#038;p=12507"},"modified":"2026-01-26T10:07:45","modified_gmt":"2026-01-26T09:07:45","slug":"sweterek-dzwonek-pomaranczowy","status":"publish","type":"product","link":"https:\/\/classysassybutik.pl\/en\/product\/sweterek-dzwonek-pomaranczowy\/","title":{"rendered":"Sweterek Dzwonek Pomara\u0144czowy"},"content":{"rendered":"<p>Universal size.<\/p>\n<p>Sk\u0142ad: 55% poliester, 30% poliamid, 13% we\u0142na, 2% elastan<\/p>\n<p>Dimensions:<\/p>\n<p>D\u0142ugo\u015b\u0107: 65 cm<\/p>\n<p>Szeroko\u015b\u0107 w biu\u015bcie: 60 cm x2<\/p>\n<p>Imported product<\/p>","protected":false},"excerpt":{"rendered":"<p>Rozmiar uniwersalny. Sk\u0142ad: 55% poliester, 30% poliamid, 13% we\u0142na, 2% elastan Wymiary: D\u0142ugo\u015b\u0107: 65 cm Szeroko\u015b\u0107 w biu\u015bcie: 60 cm x2 Produkt importowany<\/p>","protected":false},"featured_media":12508,"comment_status":"open","ping_status":"closed","template":"","meta":[],"product_brand":[],"product_cat":[16,94],"product_tag":[],"class_list":{"0":"post-12507","1":"product","2":"type-product","3":"status-publish","4":"has-post-thumbnail","6":"product_cat-swetry","7":"product_cat-nowosci","9":"first","10":"instock","11":"sale","12":"shipping-taxable","13":"purchasable","14":"product-type-simple"},"_links":{"self":[{"href":"https:\/\/classysassybutik.pl\/en\/wp-json\/wp\/v2\/product\/12507","targetHints":{"allow":["GET"]}}],"collection":[{"href":"https:\/\/classysassybutik.pl\/en\/wp-json\/wp\/v2\/product"}],"about":[{"href":"https:\/\/classysassybutik.pl\/en\/wp-json\/wp\/v2\/types\/product"}],"replies":[{"embeddable":true,"href":"https:\/\/classysassybutik.pl\/en\/wp-json\/wp\/v2\/comments?post=12507"}],"wp:featuredmedia":[{"embeddable":true,"href":"https:\/\/classysassybutik.pl\/en\/wp-json\/wp\/v2\/media\/12508"}],"wp:attachment":[{"href":"https:\/\/classysassybutik.pl\/en\/wp-json\/wp\/v2\/media?parent=12507"}],"wp:term":[{"taxonomy":"product_brand","embeddable":true,"href":"https:\/\/classysassybutik.pl\/en\/wp-json\/wp\/v2\/product_brand?post=12507"},{"taxonomy":"product_cat","embeddable":true,"href":"https:\/\/classysassybutik.pl\/en\/wp-json\/wp\/v2\/product_cat?post=12507"},{"taxonomy":"product_tag","embeddable":true,"href":"https:\/\/classysassybutik.pl\/en\/wp-json\/wp\/v2\/product_tag?post=12507"}],"curies":[{"name":"wp","href":"https:\/\/api.w.org\/{rel}","templated":true}]}}