{"id":12513,"date":"2025-11-20T16:33:14","date_gmt":"2025-11-20T15:33:14","guid":{"rendered":"https:\/\/classysassybutik.pl\/?post_type=product&#038;p=12513"},"modified":"2026-01-26T10:07:24","modified_gmt":"2026-01-26T09:07:24","slug":"sweterek-dzwonek-szary","status":"publish","type":"product","link":"https:\/\/classysassybutik.pl\/en\/product\/sweterek-dzwonek-szary\/","title":{"rendered":"Sweterek Dzwonek Szary"},"content":{"rendered":"<p>Universal size.<\/p>\n<p>Sk\u0142ad: 55% poliester, 30% poliamid, 13% we\u0142na, 2% elastan<\/p>\n<p>&nbsp;<\/p>\n<p>Dimensions:<\/p>\n<p>D\u0142ugo\u015b\u0107: 65 cm<\/p>\n<p>Szeroko\u015b\u0107 w biu\u015bcie: 60 cm x2<\/p>\n<p>Imported product<\/p>","protected":false},"excerpt":{"rendered":"<p>Rozmiar uniwersalny. Sk\u0142ad: 55% poliester, 30% poliamid, 13% we\u0142na, 2% elastan &nbsp; Wymiary: D\u0142ugo\u015b\u0107: 65 cm Szeroko\u015b\u0107 w biu\u015bcie: 60 cm x2 Produkt importowany<\/p>","protected":false},"featured_media":12515,"comment_status":"open","ping_status":"closed","template":"","meta":[],"product_brand":[],"product_cat":[16,94],"product_tag":[],"class_list":{"0":"post-12513","1":"product","2":"type-product","3":"status-publish","4":"has-post-thumbnail","6":"product_cat-swetry","7":"product_cat-nowosci","9":"first","10":"instock","11":"sale","12":"shipping-taxable","13":"purchasable","14":"product-type-simple"},"_links":{"self":[{"href":"https:\/\/classysassybutik.pl\/en\/wp-json\/wp\/v2\/product\/12513","targetHints":{"allow":["GET"]}}],"collection":[{"href":"https:\/\/classysassybutik.pl\/en\/wp-json\/wp\/v2\/product"}],"about":[{"href":"https:\/\/classysassybutik.pl\/en\/wp-json\/wp\/v2\/types\/product"}],"replies":[{"embeddable":true,"href":"https:\/\/classysassybutik.pl\/en\/wp-json\/wp\/v2\/comments?post=12513"}],"wp:featuredmedia":[{"embeddable":true,"href":"https:\/\/classysassybutik.pl\/en\/wp-json\/wp\/v2\/media\/12515"}],"wp:attachment":[{"href":"https:\/\/classysassybutik.pl\/en\/wp-json\/wp\/v2\/media?parent=12513"}],"wp:term":[{"taxonomy":"product_brand","embeddable":true,"href":"https:\/\/classysassybutik.pl\/en\/wp-json\/wp\/v2\/product_brand?post=12513"},{"taxonomy":"product_cat","embeddable":true,"href":"https:\/\/classysassybutik.pl\/en\/wp-json\/wp\/v2\/product_cat?post=12513"},{"taxonomy":"product_tag","embeddable":true,"href":"https:\/\/classysassybutik.pl\/en\/wp-json\/wp\/v2\/product_tag?post=12513"}],"curies":[{"name":"wp","href":"https:\/\/api.w.org\/{rel}","templated":true}]}}