{"id":12545,"date":"2025-11-20T21:36:05","date_gmt":"2025-11-20T20:36:05","guid":{"rendered":"https:\/\/classysassybutik.pl\/?post_type=product&#038;p=12545"},"modified":"2026-01-08T14:31:23","modified_gmt":"2026-01-08T13:31:23","slug":"sweterek-moher-sliwka","status":"publish","type":"product","link":"https:\/\/classysassybutik.pl\/en\/product\/sweterek-moher-sliwka\/","title":{"rendered":"Sweterek Moher \u015aliwka"},"content":{"rendered":"<p>Sweter z delikatnego moheru w eleganckim kolorze \u015bliwkowym. Mi\u0119kki, ciep\u0142y i niezwykle komfortowy w noszeniu. Idealny na ch\u0142odniejsze dni, dodaje stylowego charakteru ka\u017cdej stylizacji.<\/p>\n<p>&nbsp;<\/p>\n<p>Composition:<\/p>\n<p>80% kid moher<\/p>\n<p>18% poliamid<\/p>\n<p>2% elasta<\/p>\n<p>Imported product<\/p>","protected":false},"excerpt":{"rendered":"<p>Sweter z delikatnego moheru w eleganckim kolorze \u015bliwkowym. Mi\u0119kki, ciep\u0142y i niezwykle komfortowy w noszeniu. Idealny na ch\u0142odniejsze dni, dodaje stylowego charakteru ka\u017cdej stylizacji. &nbsp; Sk\u0142ad: 80% kid moher 18% poliamid 2% elasta Produkt importowany<\/p>","protected":false},"featured_media":12549,"comment_status":"open","ping_status":"closed","template":"","meta":[],"product_brand":[],"product_cat":[16,94],"product_tag":[],"class_list":{"0":"post-12545","1":"product","2":"type-product","3":"status-publish","4":"has-post-thumbnail","6":"product_cat-swetry","7":"product_cat-nowosci","9":"first","10":"instock","11":"sale","12":"shipping-taxable","13":"purchasable","14":"product-type-simple"},"_links":{"self":[{"href":"https:\/\/classysassybutik.pl\/en\/wp-json\/wp\/v2\/product\/12545","targetHints":{"allow":["GET"]}}],"collection":[{"href":"https:\/\/classysassybutik.pl\/en\/wp-json\/wp\/v2\/product"}],"about":[{"href":"https:\/\/classysassybutik.pl\/en\/wp-json\/wp\/v2\/types\/product"}],"replies":[{"embeddable":true,"href":"https:\/\/classysassybutik.pl\/en\/wp-json\/wp\/v2\/comments?post=12545"}],"wp:featuredmedia":[{"embeddable":true,"href":"https:\/\/classysassybutik.pl\/en\/wp-json\/wp\/v2\/media\/12549"}],"wp:attachment":[{"href":"https:\/\/classysassybutik.pl\/en\/wp-json\/wp\/v2\/media?parent=12545"}],"wp:term":[{"taxonomy":"product_brand","embeddable":true,"href":"https:\/\/classysassybutik.pl\/en\/wp-json\/wp\/v2\/product_brand?post=12545"},{"taxonomy":"product_cat","embeddable":true,"href":"https:\/\/classysassybutik.pl\/en\/wp-json\/wp\/v2\/product_cat?post=12545"},{"taxonomy":"product_tag","embeddable":true,"href":"https:\/\/classysassybutik.pl\/en\/wp-json\/wp\/v2\/product_tag?post=12545"}],"curies":[{"name":"wp","href":"https:\/\/api.w.org\/{rel}","templated":true}]}}