{"id":12553,"date":"2025-11-21T08:33:48","date_gmt":"2025-11-21T07:33:48","guid":{"rendered":"https:\/\/classysassybutik.pl\/?post_type=product&#038;p=12553"},"modified":"2026-01-16T11:20:34","modified_gmt":"2026-01-16T10:20:34","slug":"marynarka-wigilia-czerwona-la-milla","status":"publish","type":"product","link":"https:\/\/classysassybutik.pl\/en\/product\/marynarka-wigilia-czerwona-la-milla\/","title":{"rendered":"Marynarka Wigilia Czerwona La Milla"},"content":{"rendered":"<p>Marynarka wi\u0105zana La Milla to niezb\u0119dny element garderoby, kt\u00f3ry sprawdzi si\u0119 w ka\u017cdej sytuacji. Jej klasyczna forma z nowoczesnym paskiem w talii doskonale modeluje sylwetk\u0119, dodaj\u0105c jej elegancji i wyrafinowania. Wysokiej jako\u015bci materia\u0142 gwarantuje komfort noszenia i trwa\u0142o\u015b\u0107. Czarna marynarka La Milla to doskona\u0142a baza do wielu stylizacji \u2014 od biurowych po wieczorowe. \u015awietnie prezentuje si\u0119 zar\u00f3wno z jeansami, jak i eleganckimi spodniami czy sp\u00f3dnicami.<\/p>\n<p>&nbsp;<\/p>\n<p>Universal size.<\/p>\n<p>&nbsp;<\/p>\n<p>Dimensions:<\/p>\n<p>&nbsp;<\/p>\n<p>D\u0142ugo\u015b\u0107 ca\u0142kowita: 79 cm<\/p>\n<p>Bust circumference: 104 cm<\/p>\n<p>Obw\u00f3d w pasie: 96 cm<\/p>\n<p>D\u0142ugo\u015b\u0107 r\u0119kawa od ramienia: 71 cm<\/p>\n<p>D\u0142ugo\u015b\u0107 r\u0119kawa od pachy: 53 cm<\/p>\n<p>&nbsp;<\/p>\n<p>Composition: 95% viscose, 5% elastane<\/p>","protected":false},"excerpt":{"rendered":"<p>Marynarka wi\u0105zana La Milla to niezb\u0119dny element garderoby, kt\u00f3ry sprawdzi si\u0119 w ka\u017cdej sytuacji. Jej klasyczna forma z nowoczesnym paskiem w talii doskonale modeluje sylwetk\u0119, dodaj\u0105c jej elegancji i wyrafinowania. Wysokiej jako\u015bci materia\u0142 gwarantuje komfort noszenia i trwa\u0142o\u015b\u0107. Czarna marynarka La Milla to doskona\u0142a baza do wielu stylizacji \u2014 od biurowych po wieczorowe. \u015awietnie prezentuje [&hellip;]<\/p>","protected":false},"featured_media":12558,"comment_status":"open","ping_status":"closed","template":"","meta":[],"product_brand":[],"product_cat":[29,94],"product_tag":[],"class_list":{"0":"post-12553","1":"product","2":"type-product","3":"status-publish","4":"has-post-thumbnail","6":"product_cat-marynarki","7":"product_cat-nowosci","9":"first","10":"instock","11":"shipping-taxable","12":"purchasable","13":"product-type-simple"},"_links":{"self":[{"href":"https:\/\/classysassybutik.pl\/en\/wp-json\/wp\/v2\/product\/12553","targetHints":{"allow":["GET"]}}],"collection":[{"href":"https:\/\/classysassybutik.pl\/en\/wp-json\/wp\/v2\/product"}],"about":[{"href":"https:\/\/classysassybutik.pl\/en\/wp-json\/wp\/v2\/types\/product"}],"replies":[{"embeddable":true,"href":"https:\/\/classysassybutik.pl\/en\/wp-json\/wp\/v2\/comments?post=12553"}],"wp:featuredmedia":[{"embeddable":true,"href":"https:\/\/classysassybutik.pl\/en\/wp-json\/wp\/v2\/media\/12558"}],"wp:attachment":[{"href":"https:\/\/classysassybutik.pl\/en\/wp-json\/wp\/v2\/media?parent=12553"}],"wp:term":[{"taxonomy":"product_brand","embeddable":true,"href":"https:\/\/classysassybutik.pl\/en\/wp-json\/wp\/v2\/product_brand?post=12553"},{"taxonomy":"product_cat","embeddable":true,"href":"https:\/\/classysassybutik.pl\/en\/wp-json\/wp\/v2\/product_cat?post=12553"},{"taxonomy":"product_tag","embeddable":true,"href":"https:\/\/classysassybutik.pl\/en\/wp-json\/wp\/v2\/product_tag?post=12553"}],"curies":[{"name":"wp","href":"https:\/\/api.w.org\/{rel}","templated":true}]}}