{"id":12563,"date":"2025-11-21T13:59:34","date_gmt":"2025-11-21T12:59:34","guid":{"rendered":"https:\/\/classysassybutik.pl\/?post_type=product&#038;p=12563"},"modified":"2026-01-08T14:30:33","modified_gmt":"2026-01-08T13:30:33","slug":"sukienka-manola-z-marszczeniem-czarna","status":"publish","type":"product","link":"https:\/\/classysassybutik.pl\/en\/product\/sukienka-manola-z-marszczeniem-czarna\/","title":{"rendered":"Sukienka Manola z Marszczeniem Czarna"},"content":{"rendered":"<p>Elegancka sukienka maxi z marszczeniem to po\u0142\u0105czenie kobieco\u015bci i nowoczesnego stylu. Wykonana z elastycznego materia\u0142u, doskonale dopasowuje si\u0119 do sylwetki, podkre\u015blaj\u0105c jej atuty. D\u0142ugo\u015b\u0107 maxi oraz efektowne marszczenie z przodu dodaj\u0105 ca\u0142o\u015bci wyj\u0105tkowego charakteru.<\/p>\n<p>S dimensions:<\/p>\n<p>D\u0142ugo\u015b\u0107 ca\u0142kowita: 131 cm<\/p>\n<p>Obw\u00f3d w biu\u015bcie: od 80 cm do 108 cm po rozci\u0105gni\u0119ciu<\/p>\n<p>Obw\u00f3d w pasie: od 60 cm do 84 cm po rozci\u0105gni\u0119ciu<\/p>\n<p>Obw\u00f3d w biodrach: od 72 cm do 102 cm po rozci\u0105gni\u0119ciu<\/p>\n<p>Sleeve length from armpit: 47 cm<\/p>\n<p>&nbsp;<\/p>\n<p>Dimensions M:<\/p>\n<p>Overall length: 132 cm<\/p>\n<p>Obw\u00f3d w biu\u015bcie: od 84 cm do 112 cm po rozci\u0105gni\u0119ciu<\/p>\n<p>Obw\u00f3d w pasie: od 64 cm do 88 cm po rozci\u0105gni\u0119ciu<\/p>\n<p>Obw\u00f3d w biodrach: od 76 cm do 106 cm po rozci\u0105gni\u0119ciu<\/p>\n<p>Sleeve length from armpit: 47 cm<\/p>\n<p>&nbsp;<\/p>\n<p>L dimensions:<\/p>\n<p>Overall length: 133 cm<\/p>\n<p>Obw\u00f3d w biu\u015bcie: od 88 cm do 116 cm po rozci\u0105gni\u0119ciu<\/p>\n<p>Obw\u00f3d w pasie: od 68 cm do 92 cm po rozci\u0105gni\u0119ciu<\/p>\n<p>Obw\u00f3d w biodrach: od 80 cm do 110 cm po rozci\u0105gni\u0119ciu<\/p>\n<p>D\u0142ugo\u015b\u0107 r\u0119kawa od pachy: 48 cm<\/p>\n<p>Sk\u0142ad: 60% poliamid, 30% wiskoza, 10% lycra<\/p>","protected":false},"excerpt":{"rendered":"<p>Elegancka sukienka maxi z marszczeniem to po\u0142\u0105czenie kobieco\u015bci i nowoczesnego stylu. Wykonana z elastycznego materia\u0142u, doskonale dopasowuje si\u0119 do sylwetki, podkre\u015blaj\u0105c jej atuty. D\u0142ugo\u015b\u0107 maxi oraz efektowne marszczenie z przodu dodaj\u0105 ca\u0142o\u015bci wyj\u0105tkowego charakteru. Wymiary S: D\u0142ugo\u015b\u0107 ca\u0142kowita: 131 cm Obw\u00f3d w biu\u015bcie: od 80 cm do 108 cm po rozci\u0105gni\u0119ciu Obw\u00f3d w pasie: od [&hellip;]<\/p>","protected":false},"featured_media":12651,"comment_status":"open","ping_status":"closed","template":"","meta":[],"product_brand":[],"product_cat":[94,20],"product_tag":[],"class_list":{"0":"post-12563","1":"product","2":"type-product","3":"status-publish","4":"has-post-thumbnail","6":"product_cat-nowosci","7":"product_cat-sukienki","9":"first","10":"instock","11":"sale","12":"shipping-taxable","13":"purchasable","14":"product-type-variable"},"_links":{"self":[{"href":"https:\/\/classysassybutik.pl\/en\/wp-json\/wp\/v2\/product\/12563","targetHints":{"allow":["GET"]}}],"collection":[{"href":"https:\/\/classysassybutik.pl\/en\/wp-json\/wp\/v2\/product"}],"about":[{"href":"https:\/\/classysassybutik.pl\/en\/wp-json\/wp\/v2\/types\/product"}],"replies":[{"embeddable":true,"href":"https:\/\/classysassybutik.pl\/en\/wp-json\/wp\/v2\/comments?post=12563"}],"wp:featuredmedia":[{"embeddable":true,"href":"https:\/\/classysassybutik.pl\/en\/wp-json\/wp\/v2\/media\/12651"}],"wp:attachment":[{"href":"https:\/\/classysassybutik.pl\/en\/wp-json\/wp\/v2\/media?parent=12563"}],"wp:term":[{"taxonomy":"product_brand","embeddable":true,"href":"https:\/\/classysassybutik.pl\/en\/wp-json\/wp\/v2\/product_brand?post=12563"},{"taxonomy":"product_cat","embeddable":true,"href":"https:\/\/classysassybutik.pl\/en\/wp-json\/wp\/v2\/product_cat?post=12563"},{"taxonomy":"product_tag","embeddable":true,"href":"https:\/\/classysassybutik.pl\/en\/wp-json\/wp\/v2\/product_tag?post=12563"}],"curies":[{"name":"wp","href":"https:\/\/api.w.org\/{rel}","templated":true}]}}