{"id":12574,"date":"2025-11-21T14:16:22","date_gmt":"2025-11-21T13:16:22","guid":{"rendered":"https:\/\/classysassybutik.pl\/?post_type=product&#038;p=12574"},"modified":"2026-03-25T16:12:45","modified_gmt":"2026-03-25T15:12:45","slug":"komplet-marynarka-i-spodenki-fango","status":"publish","type":"product","link":"https:\/\/classysassybutik.pl\/en\/product\/komplet-marynarka-i-spodenki-fango\/","title":{"rendered":"Komplet Marynarka i Spodenki Fango"},"content":{"rendered":"<p style=\"text-align: left;\">Navy<\/p>\n<p>S dimensions:<\/p>\n<p>D\u0142ugo\u015b\u0107 ca\u0142kowita: 70cm<\/p>\n<p>Obw\u00f3d w biu\u015bcie: 92 cm<\/p>\n<p>D\u0142ugo\u015b\u0107 r\u0119kawa od pachy: 48 cm<\/p>\n<p>&nbsp;<\/p>\n<p>Dimensions M:<\/p>\n<p>D\u0142ugo\u015b\u0107 ca\u0142kowita: 70cm<\/p>\n<p>Obw\u00f3d w biu\u015bcie: 96 cm<\/p>\n<p>D\u0142ugo\u015b\u0107 r\u0119kawa od pachy: 48 cm<\/p>\n<p>&nbsp;<\/p>\n<p>Shorts<\/p>\n<p>Dimensions S<\/p>\n<p>szeroko\u015b\u0107 w pasie 68cm<\/p>\n<p>szeroko\u015b\u0107 w biodrach 108cm<\/p>\n<p>d\u0142ugo\u015b\u0107 ca\u0142kowita 35cm<\/p>\n<p>&nbsp;<\/p>\n<p>Dimensions M<\/p>\n<p>szeroko\u015b\u0107 w pasie\u00a0 72cm<\/p>\n<p>szeroko\u015b\u0107 w biodrach 112cm<\/p>\n<p>d\u0142ugo\u015b\u0107 ca\u0142kowita 37cm<\/p>\n<p>Clothes measured flat! Individual measurements may vary +\/-2 cm.<\/p>\n<p>&nbsp;<\/p>\n<p>Polish product.<\/p>\n<p>&nbsp;<\/p>\n<p style=\"text-align: left;\">","protected":false},"excerpt":{"rendered":"<p>Marynarka Wymiary S: D\u0142ugo\u015b\u0107 ca\u0142kowita: 70cm Obw\u00f3d w biu\u015bcie: 92 cm D\u0142ugo\u015b\u0107 r\u0119kawa od pachy: 48 cm &nbsp; Wymiary M: D\u0142ugo\u015b\u0107 ca\u0142kowita: 70cm Obw\u00f3d w biu\u015bcie: 96 cm D\u0142ugo\u015b\u0107 r\u0119kawa od pachy: 48 cm &nbsp; Spodenki Wymiary S szeroko\u015b\u0107 w pasie 68cm szeroko\u015b\u0107 w biodrach 108cm d\u0142ugo\u015b\u0107 ca\u0142kowita 35cm &nbsp; Wymiary M szeroko\u015b\u0107 w pasie\u00a0 [&hellip;]<\/p>","protected":false},"featured_media":12577,"comment_status":"open","ping_status":"closed","template":"","meta":[],"product_brand":[],"product_cat":[21,94],"product_tag":[],"class_list":{"0":"post-12574","1":"product","2":"type-product","3":"status-publish","4":"has-post-thumbnail","6":"product_cat-komplety","7":"product_cat-nowosci","9":"first","10":"instock","11":"sale","12":"shipping-taxable","13":"purchasable","14":"product-type-variable"},"_links":{"self":[{"href":"https:\/\/classysassybutik.pl\/en\/wp-json\/wp\/v2\/product\/12574","targetHints":{"allow":["GET"]}}],"collection":[{"href":"https:\/\/classysassybutik.pl\/en\/wp-json\/wp\/v2\/product"}],"about":[{"href":"https:\/\/classysassybutik.pl\/en\/wp-json\/wp\/v2\/types\/product"}],"replies":[{"embeddable":true,"href":"https:\/\/classysassybutik.pl\/en\/wp-json\/wp\/v2\/comments?post=12574"}],"wp:featuredmedia":[{"embeddable":true,"href":"https:\/\/classysassybutik.pl\/en\/wp-json\/wp\/v2\/media\/12577"}],"wp:attachment":[{"href":"https:\/\/classysassybutik.pl\/en\/wp-json\/wp\/v2\/media?parent=12574"}],"wp:term":[{"taxonomy":"product_brand","embeddable":true,"href":"https:\/\/classysassybutik.pl\/en\/wp-json\/wp\/v2\/product_brand?post=12574"},{"taxonomy":"product_cat","embeddable":true,"href":"https:\/\/classysassybutik.pl\/en\/wp-json\/wp\/v2\/product_cat?post=12574"},{"taxonomy":"product_tag","embeddable":true,"href":"https:\/\/classysassybutik.pl\/en\/wp-json\/wp\/v2\/product_tag?post=12574"}],"curies":[{"name":"wp","href":"https:\/\/api.w.org\/{rel}","templated":true}]}}