{"id":12589,"date":"2025-11-22T08:48:58","date_gmt":"2025-11-22T07:48:58","guid":{"rendered":"https:\/\/classysassybutik.pl\/?post_type=product&#038;p=12589"},"modified":"2026-01-08T14:28:22","modified_gmt":"2026-01-08T13:28:22","slug":"koszula-z-kwiatem-na-ramieniu-la-milla-czekoladowa","status":"publish","type":"product","link":"https:\/\/classysassybutik.pl\/en\/product\/koszula-z-kwiatem-na-ramieniu-la-milla-czekoladowa\/","title":{"rendered":"Koszula z Kwiatem na Ramieniu La Milla Czekoladowa"},"content":{"rendered":"<p>Koszula La Milla z kwiatem czekoladowa to wyj\u0105tkowy, zmys\u0142owy model z efektown\u0105 aplikacj\u0105 na ramieniu. Elegancka tkanina i g\u0142\u0119boki czekoladowy odcie\u0144 tworz\u0105 szykown\u0105 ca\u0142o\u015b\u0107 idealn\u0105 na wieczorne wyj\u015bcia i stylowe zestawy.<\/p>\n<p>Polish product<\/p>\n<p>Material composition:<\/p>\n<p>&nbsp;<\/p>\n<p>\u2714 95% wiskoza, 5% elastan \u2014 tkanina mi\u0119kka, komfortowa i lekko elastyczna.<\/p>\n<p>&nbsp;<\/p>\n<p>Wymiary (rozmiar uniwersalny):<\/p>\n<p>&nbsp;<\/p>\n<p>Overall length: 60 cm<\/p>\n<p>Szeroko\u015b\u0107 od pachy do pachy: 58 cm \u00d72<\/p>\n<p>Szeroko\u015b\u0107 na dole: 58 cm \u00d72<\/p>\n<p>D\u0142ugo\u015b\u0107 r\u0119kawa od pachy: 56 cm<\/p>\n<p>Wymiary mog\u0105 r\u00f3\u017cni\u0107 si\u0119 o +\/- 2 cm ze wzgl\u0119du na r\u0119czne mierzenie.<\/p>","protected":false},"excerpt":{"rendered":"<p>Koszula La Milla z kwiatem czekoladowa to wyj\u0105tkowy, zmys\u0142owy model z efektown\u0105 aplikacj\u0105 na ramieniu. Elegancka tkanina i g\u0142\u0119boki czekoladowy odcie\u0144 tworz\u0105 szykown\u0105 ca\u0142o\u015b\u0107 idealn\u0105 na wieczorne wyj\u015bcia i stylowe zestawy. Produkt Polski Sk\u0142ad materia\u0142u: &nbsp; \u2714 95% wiskoza, 5% elastan \u2014 tkanina mi\u0119kka, komfortowa i lekko elastyczna. &nbsp; Wymiary (rozmiar uniwersalny): &nbsp; D\u0142ugo\u015b\u0107 ca\u0142kowita: [&hellip;]<\/p>","protected":false},"featured_media":12590,"comment_status":"open","ping_status":"closed","template":"","meta":[],"product_brand":[],"product_cat":[94,114],"product_tag":[],"class_list":{"0":"post-12589","1":"product","2":"type-product","3":"status-publish","4":"has-post-thumbnail","6":"product_cat-nowosci","7":"product_cat-koszula","9":"first","10":"instock","11":"sale","12":"shipping-taxable","13":"purchasable","14":"product-type-simple"},"_links":{"self":[{"href":"https:\/\/classysassybutik.pl\/en\/wp-json\/wp\/v2\/product\/12589","targetHints":{"allow":["GET"]}}],"collection":[{"href":"https:\/\/classysassybutik.pl\/en\/wp-json\/wp\/v2\/product"}],"about":[{"href":"https:\/\/classysassybutik.pl\/en\/wp-json\/wp\/v2\/types\/product"}],"replies":[{"embeddable":true,"href":"https:\/\/classysassybutik.pl\/en\/wp-json\/wp\/v2\/comments?post=12589"}],"wp:featuredmedia":[{"embeddable":true,"href":"https:\/\/classysassybutik.pl\/en\/wp-json\/wp\/v2\/media\/12590"}],"wp:attachment":[{"href":"https:\/\/classysassybutik.pl\/en\/wp-json\/wp\/v2\/media?parent=12589"}],"wp:term":[{"taxonomy":"product_brand","embeddable":true,"href":"https:\/\/classysassybutik.pl\/en\/wp-json\/wp\/v2\/product_brand?post=12589"},{"taxonomy":"product_cat","embeddable":true,"href":"https:\/\/classysassybutik.pl\/en\/wp-json\/wp\/v2\/product_cat?post=12589"},{"taxonomy":"product_tag","embeddable":true,"href":"https:\/\/classysassybutik.pl\/en\/wp-json\/wp\/v2\/product_tag?post=12589"}],"curies":[{"name":"wp","href":"https:\/\/api.w.org\/{rel}","templated":true}]}}