{"id":12629,"date":"2025-11-24T12:23:48","date_gmt":"2025-11-24T11:23:48","guid":{"rendered":"https:\/\/classysassybutik.pl\/?post_type=product&#038;p=12629"},"modified":"2026-01-08T14:28:00","modified_gmt":"2026-01-08T13:28:00","slug":"sweterek-krotki-rekaw-fango","status":"publish","type":"product","link":"https:\/\/classysassybutik.pl\/en\/product\/sweterek-krotki-rekaw-fango\/","title":{"rendered":"Sweterek Kr\u00f3tki Rekaw Fango"},"content":{"rendered":"<p>Dimensions:<\/p>\n<p>Overall length: 60 cm<\/p>\n<p>Obw\u00f3d w biu\u015bcie: 100 &#8211; 120 cm<\/p>\n<p>Obw\u00f3d w talii: 98 &#8211; 116 cm<\/p>\n<p>Obw\u00f3d dolny: 88 &#8211; 112 cm<\/p>\n<p>D\u0142ugo\u015b\u0107 r\u0119kawa od pachy: 16 cm<\/p>\n<p>D\u0142ugo\u015b\u0107 r\u0119kawa od ramienia: 17 cm<\/p>\n<p>Obw\u00f3d w bicepsie: 30 &#8211; 40 cm<\/p>\n<p>Imported product<\/p>\n<p>Composition<\/p>\n<p>38% akryl, 32% poliamid, 30% alpaka<\/p>","protected":false},"excerpt":{"rendered":"<p>Wymiary: D\u0142ugo\u015b\u0107 ca\u0142kowita: 60 cm Obw\u00f3d w biu\u015bcie: 100 &#8211; 120 cm Obw\u00f3d w talii: 98 &#8211; 116 cm Obw\u00f3d dolny: 88 &#8211; 112 cm D\u0142ugo\u015b\u0107 r\u0119kawa od pachy: 16 cm D\u0142ugo\u015b\u0107 r\u0119kawa od ramienia: 17 cm Obw\u00f3d w bicepsie: 30 &#8211; 40 cm Produkt importowany Sk\u0142ad 38% akryl, 32% poliamid, 30% alpaka<\/p>","protected":false},"featured_media":12630,"comment_status":"open","ping_status":"closed","template":"","meta":[],"product_brand":[],"product_cat":[16,94],"product_tag":[],"class_list":{"0":"post-12629","1":"product","2":"type-product","3":"status-publish","4":"has-post-thumbnail","6":"product_cat-swetry","7":"product_cat-nowosci","9":"first","10":"instock","11":"sale","12":"shipping-taxable","13":"purchasable","14":"product-type-simple"},"_links":{"self":[{"href":"https:\/\/classysassybutik.pl\/en\/wp-json\/wp\/v2\/product\/12629","targetHints":{"allow":["GET"]}}],"collection":[{"href":"https:\/\/classysassybutik.pl\/en\/wp-json\/wp\/v2\/product"}],"about":[{"href":"https:\/\/classysassybutik.pl\/en\/wp-json\/wp\/v2\/types\/product"}],"replies":[{"embeddable":true,"href":"https:\/\/classysassybutik.pl\/en\/wp-json\/wp\/v2\/comments?post=12629"}],"wp:featuredmedia":[{"embeddable":true,"href":"https:\/\/classysassybutik.pl\/en\/wp-json\/wp\/v2\/media\/12630"}],"wp:attachment":[{"href":"https:\/\/classysassybutik.pl\/en\/wp-json\/wp\/v2\/media?parent=12629"}],"wp:term":[{"taxonomy":"product_brand","embeddable":true,"href":"https:\/\/classysassybutik.pl\/en\/wp-json\/wp\/v2\/product_brand?post=12629"},{"taxonomy":"product_cat","embeddable":true,"href":"https:\/\/classysassybutik.pl\/en\/wp-json\/wp\/v2\/product_cat?post=12629"},{"taxonomy":"product_tag","embeddable":true,"href":"https:\/\/classysassybutik.pl\/en\/wp-json\/wp\/v2\/product_tag?post=12629"}],"curies":[{"name":"wp","href":"https:\/\/api.w.org\/{rel}","templated":true}]}}