{"id":12672,"date":"2025-11-30T09:34:29","date_gmt":"2025-11-30T08:34:29","guid":{"rendered":"https:\/\/classysassybutik.pl\/?post_type=product&#038;p=12672"},"modified":"2025-12-02T15:54:32","modified_gmt":"2025-12-02T14:54:32","slug":"krotka-marynarka-la-milla-kwiaty","status":"publish","type":"product","link":"https:\/\/classysassybutik.pl\/en\/product\/krotka-marynarka-la-milla-kwiaty\/","title":{"rendered":"Kr\u00f3tka Marynarka La Milla Kwiaty"},"content":{"rendered":"<p>Oryginalna marynarka marki LaMilla to wyraz kobiecego stylu w nowoczesnej ods\u0142onie. Uszyta z przyjemnej w dotyku tkaniny z przewag\u0105 wiskozy, zachwyca oversize\u2019owym fasonem i d\u0142ugo\u015bci\u0105 do pasa, kt\u00f3ra \u015bwietnie podkre\u015bla sylwetk\u0119. Dwurz\u0119dowe zapi\u0119cie na guziki dodaje klasy, a kwiatowy print wprowadza \u015bwie\u017co\u015b\u0107 i lekko romantyczny charakter<\/p>\n<p>Composition: 95% viscose 5% elastane<\/p>\n<p>&nbsp;<\/p>\n<p>Universal size<\/p>\n<p>Biust do 120 cm<\/p>\n<p>Talia do 104 cm<\/p>\n<p>D\u0142ugo\u015b\u0107 r\u0119kawa 64cm<\/p>\n<p>D\u0142ugo\u015b\u0107 ca\u0142kowita 42cm<\/p>","protected":false},"excerpt":{"rendered":"<p>Oryginalna marynarka marki LaMilla to wyraz kobiecego stylu w nowoczesnej ods\u0142onie. Uszyta z przyjemnej w dotyku tkaniny z przewag\u0105 wiskozy, zachwyca oversize\u2019owym fasonem i d\u0142ugo\u015bci\u0105 do pasa, kt\u00f3ra \u015bwietnie podkre\u015bla sylwetk\u0119. Dwurz\u0119dowe zapi\u0119cie na guziki dodaje klasy, a kwiatowy print wprowadza \u015bwie\u017co\u015b\u0107 i lekko romantyczny charakter Sk\u0142ad: 95% wiskoza 5% elastan &nbsp; Rozmiar uniwersalny Biust [&hellip;]<\/p>","protected":false},"featured_media":12673,"comment_status":"open","ping_status":"closed","template":"","meta":[],"product_brand":[],"product_cat":[29],"product_tag":[],"class_list":{"0":"post-12672","1":"product","2":"type-product","3":"status-publish","4":"has-post-thumbnail","6":"product_cat-marynarki","8":"first","9":"instock","10":"sale","11":"shipping-taxable","12":"purchasable","13":"product-type-simple"},"_links":{"self":[{"href":"https:\/\/classysassybutik.pl\/en\/wp-json\/wp\/v2\/product\/12672","targetHints":{"allow":["GET"]}}],"collection":[{"href":"https:\/\/classysassybutik.pl\/en\/wp-json\/wp\/v2\/product"}],"about":[{"href":"https:\/\/classysassybutik.pl\/en\/wp-json\/wp\/v2\/types\/product"}],"replies":[{"embeddable":true,"href":"https:\/\/classysassybutik.pl\/en\/wp-json\/wp\/v2\/comments?post=12672"}],"wp:featuredmedia":[{"embeddable":true,"href":"https:\/\/classysassybutik.pl\/en\/wp-json\/wp\/v2\/media\/12673"}],"wp:attachment":[{"href":"https:\/\/classysassybutik.pl\/en\/wp-json\/wp\/v2\/media?parent=12672"}],"wp:term":[{"taxonomy":"product_brand","embeddable":true,"href":"https:\/\/classysassybutik.pl\/en\/wp-json\/wp\/v2\/product_brand?post=12672"},{"taxonomy":"product_cat","embeddable":true,"href":"https:\/\/classysassybutik.pl\/en\/wp-json\/wp\/v2\/product_cat?post=12672"},{"taxonomy":"product_tag","embeddable":true,"href":"https:\/\/classysassybutik.pl\/en\/wp-json\/wp\/v2\/product_tag?post=12672"}],"curies":[{"name":"wp","href":"https:\/\/api.w.org\/{rel}","templated":true}]}}