{"id":12680,"date":"2025-11-30T09:42:12","date_gmt":"2025-11-30T08:42:12","guid":{"rendered":"https:\/\/classysassybutik.pl\/?post_type=product&#038;p=12680"},"modified":"2025-12-01T11:10:40","modified_gmt":"2025-12-01T10:10:40","slug":"spodnico-spodenki-la-milla-kwiaty","status":"publish","type":"product","link":"https:\/\/classysassybutik.pl\/en\/product\/spodnico-spodenki-la-milla-kwiaty\/","title":{"rendered":"Sp\u00f3dnico-Spodenki La Milla Kwiaty"},"content":{"rendered":"<p class=\"def\"><span class=\"def\">Must have od polskiego producenta La Milla sp\u00f3dnico spodenki. Spodenki, kt\u00f3re krojem stylizowane s\u0105 na sp\u00f3dniczk\u0119 o d\u0142ugo\u015bci mini to genialna opcja dla os\u00f3b pragn\u0105cych czu\u0107 si\u0119 niesamowicie kobieco, a jednocze\u015bnie komfortowo.<\/span><\/p>\n<p class=\"def\"><span class=\"def\">Oryginalny produkt Polski LaMilla<\/span><\/p>\n<p class=\"def\"><span class=\"def\">\u00a0<\/span><\/p>\n<p class=\"def\"><span class=\"def\">Sk\u0142ad: 95%bawe\u0142na, 5% elastan\u00a0<\/span><\/p>\n<p class=\"def\"><span class=\"def\">Size S<\/span><\/p>\n<p class=\"def\"><span class=\"def\">\u00a0Obw\u00f3d w pasie 66 cm,<\/span><\/p>\n<p class=\"def\"><span class=\"def\">\u00a0Obw\u00f3d biodra 90 cm-96 cm,<\/span><\/p>\n<p class=\"def\"><span class=\"def\">\u00a0D\u0142ugo\u015b\u0107 ca\u0142kowita 35 cm<\/span><\/p>","protected":false},"excerpt":{"rendered":"<p>Must have od polskiego producenta La Milla sp\u00f3dnico spodenki. Spodenki, kt\u00f3re krojem stylizowane s\u0105 na sp\u00f3dniczk\u0119 o d\u0142ugo\u015bci mini to genialna opcja dla os\u00f3b pragn\u0105cych czu\u0107 si\u0119 niesamowicie kobieco, a jednocze\u015bnie komfortowo. Oryginalny produkt Polski LaMilla \u00a0 Sk\u0142ad: 95%bawe\u0142na, 5% elastan\u00a0 Rozmiar S \u00a0Obw\u00f3d w pasie 66 cm, \u00a0Obw\u00f3d biodra 90 cm-96 cm, \u00a0D\u0142ugo\u015b\u0107 ca\u0142kowita [&hellip;]<\/p>","protected":false},"featured_media":12674,"comment_status":"open","ping_status":"closed","template":"","meta":[],"product_brand":[],"product_cat":[110,31],"product_tag":[],"class_list":{"0":"post-12680","1":"product","2":"type-product","3":"status-publish","4":"has-post-thumbnail","6":"product_cat-spodenki","7":"product_cat-spodnice","9":"first","10":"instock","11":"sale","12":"shipping-taxable","13":"purchasable","14":"product-type-variable"},"_links":{"self":[{"href":"https:\/\/classysassybutik.pl\/en\/wp-json\/wp\/v2\/product\/12680","targetHints":{"allow":["GET"]}}],"collection":[{"href":"https:\/\/classysassybutik.pl\/en\/wp-json\/wp\/v2\/product"}],"about":[{"href":"https:\/\/classysassybutik.pl\/en\/wp-json\/wp\/v2\/types\/product"}],"replies":[{"embeddable":true,"href":"https:\/\/classysassybutik.pl\/en\/wp-json\/wp\/v2\/comments?post=12680"}],"wp:featuredmedia":[{"embeddable":true,"href":"https:\/\/classysassybutik.pl\/en\/wp-json\/wp\/v2\/media\/12674"}],"wp:attachment":[{"href":"https:\/\/classysassybutik.pl\/en\/wp-json\/wp\/v2\/media?parent=12680"}],"wp:term":[{"taxonomy":"product_brand","embeddable":true,"href":"https:\/\/classysassybutik.pl\/en\/wp-json\/wp\/v2\/product_brand?post=12680"},{"taxonomy":"product_cat","embeddable":true,"href":"https:\/\/classysassybutik.pl\/en\/wp-json\/wp\/v2\/product_cat?post=12680"},{"taxonomy":"product_tag","embeddable":true,"href":"https:\/\/classysassybutik.pl\/en\/wp-json\/wp\/v2\/product_tag?post=12680"}],"curies":[{"name":"wp","href":"https:\/\/api.w.org\/{rel}","templated":true}]}}