{"id":12688,"date":"2025-11-30T09:48:44","date_gmt":"2025-11-30T08:48:44","guid":{"rendered":"https:\/\/classysassybutik.pl\/?post_type=product&#038;p=12688"},"modified":"2025-12-02T15:54:08","modified_gmt":"2025-12-02T14:54:08","slug":"krotka-marynarka-kwiaty-czern-roz-la-milla","status":"publish","type":"product","link":"https:\/\/classysassybutik.pl\/en\/product\/krotka-marynarka-kwiaty-czern-roz-la-milla\/","title":{"rendered":"Kr\u00f3tka Marynarka Kwiaty Czer\u0144 R\u00f3\u017c La Milla"},"content":{"rendered":"<p>Najnowsza propozycja dla kobiet ceni\u0105cych sobie oryginalno\u015b\u0107 i kobieco\u015b\u0107.<\/p>\n<p>Marynarka Short La Milla to model zapinany na dwa guziki,<\/p>\n<p>posiadaj\u0105cy kieszonk\u0119, poduszki na ramionach, oraz podszewk\u0119.<\/p>\n<p>Sk\u0142ad 95% wiskoza 5% elastan<\/p>\n<p>Dimensions:<\/p>\n<p>Overall length: 45 cm<\/p>\n<p>Obw\u00f3d w biu\u015bcie: 120 cm<\/p>\n<p>D\u0142ugo\u015b\u0107 r\u0119kawa od ramienia: 104 cm<\/p>\n<p>Sleeve length from armpit: 43 cm<\/p>\n<p>&nbsp;<\/p>\n<p>Clothes measured flat. Individual measurements may vary +\/-2 cm.<\/p>","protected":false},"excerpt":{"rendered":"<p>Najnowsza propozycja dla kobiet ceni\u0105cych sobie oryginalno\u015b\u0107 i kobieco\u015b\u0107. Marynarka Short La Milla to model zapinany na dwa guziki, posiadaj\u0105cy kieszonk\u0119, poduszki na ramionach, oraz podszewk\u0119. Sk\u0142ad 95% wiskoza 5% elastan Wymiary: D\u0142ugo\u015b\u0107 ca\u0142kowita: 45 cm Obw\u00f3d w biu\u015bcie: 120 cm D\u0142ugo\u015b\u0107 r\u0119kawa od ramienia: 104 cm D\u0142ugo\u015b\u0107 r\u0119kawa od pachy: 43 cm &nbsp; Ubrania [&hellip;]<\/p>","protected":false},"featured_media":12763,"comment_status":"open","ping_status":"closed","template":"","meta":[],"product_brand":[],"product_cat":[29],"product_tag":[],"class_list":{"0":"post-12688","1":"product","2":"type-product","3":"status-publish","4":"has-post-thumbnail","6":"product_cat-marynarki","8":"first","9":"instock","10":"sale","11":"shipping-taxable","12":"purchasable","13":"product-type-simple"},"_links":{"self":[{"href":"https:\/\/classysassybutik.pl\/en\/wp-json\/wp\/v2\/product\/12688","targetHints":{"allow":["GET"]}}],"collection":[{"href":"https:\/\/classysassybutik.pl\/en\/wp-json\/wp\/v2\/product"}],"about":[{"href":"https:\/\/classysassybutik.pl\/en\/wp-json\/wp\/v2\/types\/product"}],"replies":[{"embeddable":true,"href":"https:\/\/classysassybutik.pl\/en\/wp-json\/wp\/v2\/comments?post=12688"}],"wp:featuredmedia":[{"embeddable":true,"href":"https:\/\/classysassybutik.pl\/en\/wp-json\/wp\/v2\/media\/12763"}],"wp:attachment":[{"href":"https:\/\/classysassybutik.pl\/en\/wp-json\/wp\/v2\/media?parent=12688"}],"wp:term":[{"taxonomy":"product_brand","embeddable":true,"href":"https:\/\/classysassybutik.pl\/en\/wp-json\/wp\/v2\/product_brand?post=12688"},{"taxonomy":"product_cat","embeddable":true,"href":"https:\/\/classysassybutik.pl\/en\/wp-json\/wp\/v2\/product_cat?post=12688"},{"taxonomy":"product_tag","embeddable":true,"href":"https:\/\/classysassybutik.pl\/en\/wp-json\/wp\/v2\/product_tag?post=12688"}],"curies":[{"name":"wp","href":"https:\/\/api.w.org\/{rel}","templated":true}]}}