{"id":12869,"date":"2025-12-05T19:35:18","date_gmt":"2025-12-05T18:35:18","guid":{"rendered":"https:\/\/classysassybutik.pl\/?post_type=product&#038;p=12869"},"modified":"2025-12-14T16:13:27","modified_gmt":"2025-12-14T15:13:27","slug":"marynarka-srednia-la-milla-sliwka","status":"publish","type":"product","link":"https:\/\/classysassybutik.pl\/en\/product\/marynarka-srednia-la-milla-sliwka\/","title":{"rendered":"Marynarka \u015arednia La Milla \u015aliwka"},"content":{"rendered":"<p>Oversize\u2019owa marynarka dwurz\u0119dowa to nowoczesne podej\u015bcie do klasyki, kt\u00f3re \u0142\u0105czy wyrazisty fason z eleganckim wyko\u0144czeniem. Model wyr\u00f3\u017cnia si\u0119 szerokimi ramionami, kt\u00f3re nadaj\u0105 sylwetce struktury i charakteru, oraz d\u0142u\u017cszym krojem, idealnym do noszenia zar\u00f3wno jako okrycie, jak i samodzielny element stylizacji \u2013 np. jako sukienka.<\/p>\n<p>&nbsp;<\/p>\n<p>Composition: 95% viscose, 5% elastane<\/p>","protected":false},"excerpt":{"rendered":"<p>Oversize\u2019owa marynarka dwurz\u0119dowa to nowoczesne podej\u015bcie do klasyki, kt\u00f3re \u0142\u0105czy wyrazisty fason z eleganckim wyko\u0144czeniem. Model wyr\u00f3\u017cnia si\u0119 szerokimi ramionami, kt\u00f3re nadaj\u0105 sylwetce struktury i charakteru, oraz d\u0142u\u017cszym krojem, idealnym do noszenia zar\u00f3wno jako okrycie, jak i samodzielny element stylizacji \u2013 np. jako sukienka. &nbsp; Sk\u0142ad: 95% wiskoza, 5% elastan<\/p>","protected":false},"featured_media":12873,"comment_status":"open","ping_status":"closed","template":"","meta":[],"product_brand":[],"product_cat":[29,33],"product_tag":[],"class_list":{"0":"post-12869","1":"product","2":"type-product","3":"status-publish","4":"has-post-thumbnail","6":"product_cat-marynarki","7":"product_cat-wyprzedaz","9":"first","10":"instock","11":"sale","12":"shipping-taxable","13":"purchasable","14":"product-type-simple"},"_links":{"self":[{"href":"https:\/\/classysassybutik.pl\/en\/wp-json\/wp\/v2\/product\/12869","targetHints":{"allow":["GET"]}}],"collection":[{"href":"https:\/\/classysassybutik.pl\/en\/wp-json\/wp\/v2\/product"}],"about":[{"href":"https:\/\/classysassybutik.pl\/en\/wp-json\/wp\/v2\/types\/product"}],"replies":[{"embeddable":true,"href":"https:\/\/classysassybutik.pl\/en\/wp-json\/wp\/v2\/comments?post=12869"}],"wp:featuredmedia":[{"embeddable":true,"href":"https:\/\/classysassybutik.pl\/en\/wp-json\/wp\/v2\/media\/12873"}],"wp:attachment":[{"href":"https:\/\/classysassybutik.pl\/en\/wp-json\/wp\/v2\/media?parent=12869"}],"wp:term":[{"taxonomy":"product_brand","embeddable":true,"href":"https:\/\/classysassybutik.pl\/en\/wp-json\/wp\/v2\/product_brand?post=12869"},{"taxonomy":"product_cat","embeddable":true,"href":"https:\/\/classysassybutik.pl\/en\/wp-json\/wp\/v2\/product_cat?post=12869"},{"taxonomy":"product_tag","embeddable":true,"href":"https:\/\/classysassybutik.pl\/en\/wp-json\/wp\/v2\/product_tag?post=12869"}],"curies":[{"name":"wp","href":"https:\/\/api.w.org\/{rel}","templated":true}]}}