{"id":12881,"date":"2025-12-05T19:49:59","date_gmt":"2025-12-05T18:49:59","guid":{"rendered":"https:\/\/classysassybutik.pl\/?post_type=product&#038;p=12881"},"modified":"2026-01-26T10:05:23","modified_gmt":"2026-01-26T09:05:23","slug":"spodnico-spodenki-la-milla-szare","status":"publish","type":"product","link":"https:\/\/classysassybutik.pl\/en\/product\/spodnico-spodenki-la-milla-szare\/","title":{"rendered":"Sp\u00f3dnico-Spodenki La Milla Szare"},"content":{"rendered":"<p>SP\u00d3DNICO-SPODENKI, kt\u00f3re krojem stylizowane s\u0105 na sp\u00f3dniczk\u0119 o d\u0142ugo\u015bci mini to genialna opcja dla os\u00f3b pragn\u0105cych czu\u0107 si\u0119 niesamowicie kobieco, a jednocze\u015bnie komfortowo. Idealny modowy print w mniejsz\u0105 panterk\u0119 doda pazura stylizacji.<\/p>\n<p>&nbsp;<\/p>\n<p>Sk\u0142ad: 95% wiskoza 5%elastan<\/p>\n<p>&nbsp;<\/p>\n<p>Producent Polski- Marka La Milla<\/p>\n<p>&nbsp;<\/p>\n<p>XS dimensions<\/p>\n<p>Szeroko\u015b\u0107 w pasie 34 cmx2<\/p>\n<p>Szeroko\u015b\u0107 w biodrach 53 cm x2<\/p>\n<p>D\u0142ugo\u015b\u0107 36 cm<\/p>\n<p>&nbsp;<\/p>\n<p>Dimensions S<\/p>\n<p>Szeroko\u015b\u0107 w pasie 35 cmx2<\/p>\n<p>Hip width 53cm x2<\/p>\n<p>D\u0142ugo\u015b\u0107 36 cm<\/p>\n<p>&nbsp;<\/p>\n<p>Dimensions M<\/p>\n<p>Szeroko\u015b\u0107 w pasie 36 cmx2<\/p>\n<p>Szeroko\u015b\u0107 w biodrach 55 cm x2<\/p>\n<p>D\u0142ugo\u015b\u0107 36 cm<\/p>","protected":false},"excerpt":{"rendered":"<p>SP\u00d3DNICO-SPODENKI, kt\u00f3re krojem stylizowane s\u0105 na sp\u00f3dniczk\u0119 o d\u0142ugo\u015bci mini to genialna opcja dla os\u00f3b pragn\u0105cych czu\u0107 si\u0119 niesamowicie kobieco, a jednocze\u015bnie komfortowo. Idealny modowy print w mniejsz\u0105 panterk\u0119 doda pazura stylizacji. &nbsp; Sk\u0142ad: 95% wiskoza 5%elastan &nbsp; Producent Polski- Marka La Milla &nbsp; Wymiary XS Szeroko\u015b\u0107 w pasie 34 cmx2 Szeroko\u015b\u0107 w biodrach 53 [&hellip;]<\/p>","protected":false},"featured_media":12884,"comment_status":"open","ping_status":"closed","template":"","meta":[],"product_brand":[],"product_cat":[110,31,33],"product_tag":[],"class_list":{"0":"post-12881","1":"product","2":"type-product","3":"status-publish","4":"has-post-thumbnail","6":"product_cat-spodenki","7":"product_cat-spodnice","8":"product_cat-wyprzedaz","10":"first","11":"instock","12":"shipping-taxable","13":"purchasable","14":"product-type-variable"},"_links":{"self":[{"href":"https:\/\/classysassybutik.pl\/en\/wp-json\/wp\/v2\/product\/12881","targetHints":{"allow":["GET"]}}],"collection":[{"href":"https:\/\/classysassybutik.pl\/en\/wp-json\/wp\/v2\/product"}],"about":[{"href":"https:\/\/classysassybutik.pl\/en\/wp-json\/wp\/v2\/types\/product"}],"replies":[{"embeddable":true,"href":"https:\/\/classysassybutik.pl\/en\/wp-json\/wp\/v2\/comments?post=12881"}],"wp:featuredmedia":[{"embeddable":true,"href":"https:\/\/classysassybutik.pl\/en\/wp-json\/wp\/v2\/media\/12884"}],"wp:attachment":[{"href":"https:\/\/classysassybutik.pl\/en\/wp-json\/wp\/v2\/media?parent=12881"}],"wp:term":[{"taxonomy":"product_brand","embeddable":true,"href":"https:\/\/classysassybutik.pl\/en\/wp-json\/wp\/v2\/product_brand?post=12881"},{"taxonomy":"product_cat","embeddable":true,"href":"https:\/\/classysassybutik.pl\/en\/wp-json\/wp\/v2\/product_cat?post=12881"},{"taxonomy":"product_tag","embeddable":true,"href":"https:\/\/classysassybutik.pl\/en\/wp-json\/wp\/v2\/product_tag?post=12881"}],"curies":[{"name":"wp","href":"https:\/\/api.w.org\/{rel}","templated":true}]}}