{"id":12988,"date":"2025-12-08T09:48:35","date_gmt":"2025-12-08T08:48:35","guid":{"rendered":"https:\/\/classysassybutik.pl\/?post_type=product&#038;p=12988"},"modified":"2025-12-14T16:10:33","modified_gmt":"2025-12-14T15:10:33","slug":"sukienka-maxi-z-polgolfem-bordowa-la-milla","status":"publish","type":"product","link":"https:\/\/classysassybutik.pl\/en\/product\/sukienka-maxi-z-polgolfem-bordowa-la-milla\/","title":{"rendered":"Sukienka Maxi z P\u00f3\u0142golfem Bordowa La Milla"},"content":{"rendered":"<p>wymiary dla S<\/p>\n<p>d\u0142ugo\u015b\u0107 136 cm<\/p>\n<p>biust: 40 \u2013 46 cm x 2<\/p>\n<p>pas 35-41 cm x 2<\/p>\n<p>biodra 43-49 cm<\/p>\n<p>r\u0119kaw od pachy 61 cm<\/p>\n<p>&nbsp;<\/p>\n<p>wymiary dla M<\/p>\n<p>d\u0142ugo\u015b\u0107 137 cm<\/p>\n<p>biust: 43 \u2013 49 cm x 2<\/p>\n<p>pas 38-44 cm x 2<\/p>\n<p>biodra 44-52 cm<\/p>\n<p>r\u0119kaw od pachy 62<\/p>\n<p>&nbsp;<\/p>\n<p>Sk\u0142ad: 80% poliester 20% elastan<\/p>","protected":false},"excerpt":{"rendered":"<p>wymiary dla S d\u0142ugo\u015b\u0107 136 cm biust: 40 \u2013 46 cm x 2 pas 35-41 cm x 2 biodra 43-49 cm r\u0119kaw od pachy 61 cm &nbsp; wymiary dla M d\u0142ugo\u015b\u0107 137 cm biust: 43 \u2013 49 cm x 2 pas 38-44 cm x 2 biodra 44-52 cm r\u0119kaw od pachy 62 &nbsp; Sk\u0142ad: 80% [&hellip;]<\/p>","protected":false},"featured_media":12990,"comment_status":"open","ping_status":"closed","template":"","meta":[],"product_brand":[],"product_cat":[20],"product_tag":[],"class_list":{"0":"post-12988","1":"product","2":"type-product","3":"status-publish","4":"has-post-thumbnail","6":"product_cat-sukienki","8":"first","9":"instock","10":"sale","11":"shipping-taxable","12":"purchasable","13":"product-type-variable"},"_links":{"self":[{"href":"https:\/\/classysassybutik.pl\/en\/wp-json\/wp\/v2\/product\/12988","targetHints":{"allow":["GET"]}}],"collection":[{"href":"https:\/\/classysassybutik.pl\/en\/wp-json\/wp\/v2\/product"}],"about":[{"href":"https:\/\/classysassybutik.pl\/en\/wp-json\/wp\/v2\/types\/product"}],"replies":[{"embeddable":true,"href":"https:\/\/classysassybutik.pl\/en\/wp-json\/wp\/v2\/comments?post=12988"}],"wp:featuredmedia":[{"embeddable":true,"href":"https:\/\/classysassybutik.pl\/en\/wp-json\/wp\/v2\/media\/12990"}],"wp:attachment":[{"href":"https:\/\/classysassybutik.pl\/en\/wp-json\/wp\/v2\/media?parent=12988"}],"wp:term":[{"taxonomy":"product_brand","embeddable":true,"href":"https:\/\/classysassybutik.pl\/en\/wp-json\/wp\/v2\/product_brand?post=12988"},{"taxonomy":"product_cat","embeddable":true,"href":"https:\/\/classysassybutik.pl\/en\/wp-json\/wp\/v2\/product_cat?post=12988"},{"taxonomy":"product_tag","embeddable":true,"href":"https:\/\/classysassybutik.pl\/en\/wp-json\/wp\/v2\/product_tag?post=12988"}],"curies":[{"name":"wp","href":"https:\/\/api.w.org\/{rel}","templated":true}]}}