{"id":13053,"date":"2025-12-12T14:13:02","date_gmt":"2025-12-12T13:13:02","guid":{"rendered":"https:\/\/classysassybutik.pl\/?post_type=product&#038;p=13053"},"modified":"2026-01-08T14:22:15","modified_gmt":"2026-01-08T13:22:15","slug":"spodnica-maxi-koronka-bezowa","status":"publish","type":"product","link":"https:\/\/classysassybutik.pl\/en\/product\/spodnica-maxi-koronka-bezowa\/","title":{"rendered":"Sp\u00f3dnica Maxi Koronka Be\u017cowa"},"content":{"rendered":"<p>Elegancja w codziennym wydaniu<\/p>\n<p>Koronkowa sp\u00f3dnica w duecie z T-shirtem lub oversizowym swetrem to po\u0142\u0105czenie wygody i klasy.<\/p>\n<p>Idealny look na jesienne spacery, spotkania w mie\u015bcie czy stylowy dzie\u0144 w pracy.<\/p>\n<p>&nbsp;<\/p>\n<p>Universal size<\/p>\n<p>szeroko\u015b\u0107 w pasie: 68-88 cm<\/p>\n<p>szeroko\u015b\u0107 w biodrach: 92-112 cm<\/p>\n<p>d\u0142ugo\u015b\u0107 ca\u0142kowita: 90 cm<\/p>\n<p>Sk\u0142ad: 75% poliamid 25%elastan<\/p>\n<p>&nbsp;<\/p>\n<p>POLSKI PRODUCENT<\/p>\n<p>&nbsp;<\/p>\n<p>Produkt mierzony na p\u0142asko, bez rozci\u0105gania. Podane wymiary mog\u0105 r\u00f3\u017cni\u0107 si\u0119 +\/- 2 cm<\/p>","protected":false},"excerpt":{"rendered":"<p>Elegancja w codziennym wydaniu Koronkowa sp\u00f3dnica w duecie z T-shirtem lub oversizowym swetrem to po\u0142\u0105czenie wygody i klasy. Idealny look na jesienne spacery, spotkania w mie\u015bcie czy stylowy dzie\u0144 w pracy. &nbsp; Rozmiar Uniwersalny szeroko\u015b\u0107 w pasie: 68-88 cm szeroko\u015b\u0107 w biodrach: 92-112 cm d\u0142ugo\u015b\u0107 ca\u0142kowita: 90 cm Sk\u0142ad: 75% poliamid 25%elastan &nbsp; POLSKI PRODUCENT [&hellip;]<\/p>","protected":false},"featured_media":13054,"comment_status":"open","ping_status":"closed","template":"","meta":[],"product_brand":[],"product_cat":[31],"product_tag":[],"class_list":{"0":"post-13053","1":"product","2":"type-product","3":"status-publish","4":"has-post-thumbnail","6":"product_cat-spodnice","8":"first","9":"instock","10":"sale","11":"shipping-taxable","12":"purchasable","13":"product-type-simple"},"_links":{"self":[{"href":"https:\/\/classysassybutik.pl\/en\/wp-json\/wp\/v2\/product\/13053","targetHints":{"allow":["GET"]}}],"collection":[{"href":"https:\/\/classysassybutik.pl\/en\/wp-json\/wp\/v2\/product"}],"about":[{"href":"https:\/\/classysassybutik.pl\/en\/wp-json\/wp\/v2\/types\/product"}],"replies":[{"embeddable":true,"href":"https:\/\/classysassybutik.pl\/en\/wp-json\/wp\/v2\/comments?post=13053"}],"wp:featuredmedia":[{"embeddable":true,"href":"https:\/\/classysassybutik.pl\/en\/wp-json\/wp\/v2\/media\/13054"}],"wp:attachment":[{"href":"https:\/\/classysassybutik.pl\/en\/wp-json\/wp\/v2\/media?parent=13053"}],"wp:term":[{"taxonomy":"product_brand","embeddable":true,"href":"https:\/\/classysassybutik.pl\/en\/wp-json\/wp\/v2\/product_brand?post=13053"},{"taxonomy":"product_cat","embeddable":true,"href":"https:\/\/classysassybutik.pl\/en\/wp-json\/wp\/v2\/product_cat?post=13053"},{"taxonomy":"product_tag","embeddable":true,"href":"https:\/\/classysassybutik.pl\/en\/wp-json\/wp\/v2\/product_tag?post=13053"}],"curies":[{"name":"wp","href":"https:\/\/api.w.org\/{rel}","templated":true}]}}