{"id":13058,"date":"2025-12-12T14:21:58","date_gmt":"2025-12-12T13:21:58","guid":{"rendered":"https:\/\/classysassybutik.pl\/?post_type=product&#038;p=13058"},"modified":"2025-12-12T14:21:59","modified_gmt":"2025-12-12T13:21:59","slug":"spodnie-koronkowe-szwedy-czekoladowe","status":"publish","type":"product","link":"https:\/\/classysassybutik.pl\/en\/product\/spodnie-koronkowe-szwedy-czekoladowe\/","title":{"rendered":"Spodnie Koronkowe Szwedy Czekoladowe"},"content":{"rendered":"<p>Sk\u0142ad 75% Poliamid 25% Elastan<\/p>\n<p>Elegancki i zmys\u0142owy ton. Koronka w roli g\u0142\u00f3wnej to must have tego sezonu. Szerokie spodnie z transparentnej koronki to odwa\u017cny wyb\u00f3r, kt\u00f3ry \u0142\u0105czy kobieco\u015b\u0107 i nowoczesny charakter.<\/p>\n<p>Universal size<\/p>\n<p>Dimensions<\/p>\n<p>Szeroko\u015b\u0107 w pasie 30-50 cm<\/p>\n<p>Szeroko\u015b\u0107 w biodrach 44-54 cm<\/p>\n<p>D\u0142ugo\u015b\u0107 ca\u0142kowita 111cm<\/p>\n<p style=\"text-align: left;\">Wymiary podawane na p\u0142asko +\/-2cm. Wymiary od\/do s\u0105 podane do rozci\u0105gni\u0119cia<\/p>","protected":false},"excerpt":{"rendered":"<p>Sk\u0142ad 75% Poliamid 25% Elastan Elegancki i zmys\u0142owy ton. Koronka w roli g\u0142\u00f3wnej to must have tego sezonu. Szerokie spodnie z transparentnej koronki to odwa\u017cny wyb\u00f3r, kt\u00f3ry \u0142\u0105czy kobieco\u015b\u0107 i nowoczesny charakter. Rozmiar Uniwersalny Wymiary Szeroko\u015b\u0107 w pasie 30-50 cm Szeroko\u015b\u0107 w biodrach 44-54 cm D\u0142ugo\u015b\u0107 ca\u0142kowita 111cm Wymiary podawane na p\u0142asko +\/-2cm. Wymiary od\/do [&hellip;]<\/p>","protected":false},"featured_media":13061,"comment_status":"open","ping_status":"closed","template":"","meta":[],"product_brand":[],"product_cat":[16],"product_tag":[],"class_list":{"0":"post-13058","1":"product","2":"type-product","3":"status-publish","4":"has-post-thumbnail","6":"product_cat-swetry","8":"first","9":"instock","10":"shipping-taxable","11":"purchasable","12":"product-type-simple"},"_links":{"self":[{"href":"https:\/\/classysassybutik.pl\/en\/wp-json\/wp\/v2\/product\/13058","targetHints":{"allow":["GET"]}}],"collection":[{"href":"https:\/\/classysassybutik.pl\/en\/wp-json\/wp\/v2\/product"}],"about":[{"href":"https:\/\/classysassybutik.pl\/en\/wp-json\/wp\/v2\/types\/product"}],"replies":[{"embeddable":true,"href":"https:\/\/classysassybutik.pl\/en\/wp-json\/wp\/v2\/comments?post=13058"}],"wp:featuredmedia":[{"embeddable":true,"href":"https:\/\/classysassybutik.pl\/en\/wp-json\/wp\/v2\/media\/13061"}],"wp:attachment":[{"href":"https:\/\/classysassybutik.pl\/en\/wp-json\/wp\/v2\/media?parent=13058"}],"wp:term":[{"taxonomy":"product_brand","embeddable":true,"href":"https:\/\/classysassybutik.pl\/en\/wp-json\/wp\/v2\/product_brand?post=13058"},{"taxonomy":"product_cat","embeddable":true,"href":"https:\/\/classysassybutik.pl\/en\/wp-json\/wp\/v2\/product_cat?post=13058"},{"taxonomy":"product_tag","embeddable":true,"href":"https:\/\/classysassybutik.pl\/en\/wp-json\/wp\/v2\/product_tag?post=13058"}],"curies":[{"name":"wp","href":"https:\/\/api.w.org\/{rel}","templated":true}]}}