{"id":13186,"date":"2025-12-17T09:12:05","date_gmt":"2025-12-17T08:12:05","guid":{"rendered":"https:\/\/classysassybutik.pl\/?post_type=product&#038;p=13186"},"modified":"2026-01-08T14:21:41","modified_gmt":"2026-01-08T13:21:41","slug":"bluza-la-club-la-milla-biala","status":"publish","type":"product","link":"https:\/\/classysassybutik.pl\/en\/product\/bluza-la-club-la-milla-biala\/","title":{"rendered":"Bluza La Club La Milla Bia\u0142a"},"content":{"rendered":"<p>Mi\u0119kka, komfortowa bluza 100% bawe\u0142na z przyjemnym, otulaj\u0105cym od spodu meszkiem. Lu\u017any, oversize\u2019owy kr\u00f3j + obni\u017cona linia ramion \u2014 idealna do leggins\u00f3w, dres\u00f3w i jeans\u00f3w.<\/p>\n<p>&nbsp;<\/p>\n<p>Z przodu i z ty\u0142u haftowane logo LAML w eleganckim stylu \u201eSTYLISH CLUB\u201d \u2013 wykonane z trwa\u0142ej nici, wyczuwalny pod palcem haft.<\/p>\n<p>&nbsp;<\/p>\n<p>POLISH PRODUCT<\/p>\n<p>&nbsp;<\/p>\n<p>ROZMIAR UNIWERSALNY<\/p>\n<p>&nbsp;<\/p>\n<p>SK\u0141AD: 100% bawe\u0142na<\/p>\n<p>&nbsp;<\/p>\n<p>DIMENSIONS:<\/p>\n<p>68 cm pachy x2<\/p>\n<p>62 cm d\u0142ugo\u015b\u0107 mierzona od ramienia<\/p>\n<p>50 cm d\u0142ugo\u015b\u0107 r\u0119kawa mierzone od pachy<\/p>","protected":false},"excerpt":{"rendered":"<p>Mi\u0119kka, komfortowa bluza 100% bawe\u0142na z przyjemnym, otulaj\u0105cym od spodu meszkiem. Lu\u017any, oversize\u2019owy kr\u00f3j + obni\u017cona linia ramion \u2014 idealna do leggins\u00f3w, dres\u00f3w i jeans\u00f3w. &nbsp; Z przodu i z ty\u0142u haftowane logo LAML w eleganckim stylu \u201eSTYLISH CLUB\u201d \u2013 wykonane z trwa\u0142ej nici, wyczuwalny pod palcem haft. &nbsp; PRODUKT POLSKI &nbsp; ROZMIAR UNIWERSALNY &nbsp; [&hellip;]<\/p>","protected":false},"featured_media":13190,"comment_status":"open","ping_status":"closed","template":"","meta":[],"product_brand":[],"product_cat":[27,94],"product_tag":[],"class_list":{"0":"post-13186","1":"product","2":"type-product","3":"status-publish","4":"has-post-thumbnail","6":"product_cat-bluzy","7":"product_cat-nowosci","9":"first","10":"instock","11":"sale","12":"shipping-taxable","13":"purchasable","14":"product-type-simple"},"_links":{"self":[{"href":"https:\/\/classysassybutik.pl\/en\/wp-json\/wp\/v2\/product\/13186","targetHints":{"allow":["GET"]}}],"collection":[{"href":"https:\/\/classysassybutik.pl\/en\/wp-json\/wp\/v2\/product"}],"about":[{"href":"https:\/\/classysassybutik.pl\/en\/wp-json\/wp\/v2\/types\/product"}],"replies":[{"embeddable":true,"href":"https:\/\/classysassybutik.pl\/en\/wp-json\/wp\/v2\/comments?post=13186"}],"wp:featuredmedia":[{"embeddable":true,"href":"https:\/\/classysassybutik.pl\/en\/wp-json\/wp\/v2\/media\/13190"}],"wp:attachment":[{"href":"https:\/\/classysassybutik.pl\/en\/wp-json\/wp\/v2\/media?parent=13186"}],"wp:term":[{"taxonomy":"product_brand","embeddable":true,"href":"https:\/\/classysassybutik.pl\/en\/wp-json\/wp\/v2\/product_brand?post=13186"},{"taxonomy":"product_cat","embeddable":true,"href":"https:\/\/classysassybutik.pl\/en\/wp-json\/wp\/v2\/product_cat?post=13186"},{"taxonomy":"product_tag","embeddable":true,"href":"https:\/\/classysassybutik.pl\/en\/wp-json\/wp\/v2\/product_tag?post=13186"}],"curies":[{"name":"wp","href":"https:\/\/api.w.org\/{rel}","templated":true}]}}