{"id":13212,"date":"2025-12-18T09:14:21","date_gmt":"2025-12-18T08:14:21","guid":{"rendered":"https:\/\/classysassybutik.pl\/?post_type=product&#038;p=13212"},"modified":"2025-12-18T09:14:23","modified_gmt":"2025-12-18T08:14:23","slug":"marynarka-wigilia-gepard-la-milla","status":"publish","type":"product","link":"https:\/\/classysassybutik.pl\/en\/product\/marynarka-wigilia-gepard-la-milla\/","title":{"rendered":"Marynarka Wigilia Gepard La Milla"},"content":{"rendered":"<p>95% viscose, 5% elastane<\/p>\n<p>&nbsp;<\/p>\n<p>Wykonanie z dba\u0142o\u015bci\u0105 o najmniejsze detale oraz z mi\u0142ej tkaniny. G\u0142adkie wyko\u0144czenie. D\u0142u\u017cszy kr\u00f3j. Poduszki na ramionach. Zapi\u0119cie regulowane przy pomocy guzik\u00f3w. Ponadczasowy design.<\/p>\n<p>&nbsp;<\/p>\n<p>Dimensions:<\/p>\n<p>D\u0142ugo\u015b\u0107 ca\u0142kowita: 79 cm<\/p>\n<p>Bust circumference: 104 cm<\/p>\n<p>Obw\u00f3d w pasie: 96 cm<\/p>\n<p>D\u0142ugo\u015b\u0107 r\u0119kawa od ramienia: 71 cm<\/p>\n<p>D\u0142ugo\u015b\u0107 r\u0119kawa od pachy: 53 cm<\/p>\n<p>&nbsp;<\/p>\n<p>Clothes measured flat! Individual measurements may vary +\/- 2 cm.<\/p>\n<p>&nbsp;<\/p>\n<p>Polish product.<\/p>","protected":false},"excerpt":{"rendered":"<p>95% wiskoza, 5% elastan &nbsp; Wykonanie z dba\u0142o\u015bci\u0105 o najmniejsze detale oraz z mi\u0142ej tkaniny. G\u0142adkie wyko\u0144czenie. D\u0142u\u017cszy kr\u00f3j. Poduszki na ramionach. Zapi\u0119cie regulowane przy pomocy guzik\u00f3w. Ponadczasowy design. &nbsp; Wymiary: D\u0142ugo\u015b\u0107 ca\u0142kowita: 79 cm Obw\u00f3d w biu\u015bcie: 104 cm Obw\u00f3d w pasie: 96 cm D\u0142ugo\u015b\u0107 r\u0119kawa od ramienia: 71 cm D\u0142ugo\u015b\u0107 r\u0119kawa od pachy: [&hellip;]<\/p>","protected":false},"featured_media":13215,"comment_status":"open","ping_status":"closed","template":"","meta":[],"product_brand":[],"product_cat":[16],"product_tag":[],"class_list":{"0":"post-13212","1":"product","2":"type-product","3":"status-publish","4":"has-post-thumbnail","6":"product_cat-swetry","8":"first","9":"instock","10":"shipping-taxable","11":"purchasable","12":"product-type-simple"},"_links":{"self":[{"href":"https:\/\/classysassybutik.pl\/en\/wp-json\/wp\/v2\/product\/13212","targetHints":{"allow":["GET"]}}],"collection":[{"href":"https:\/\/classysassybutik.pl\/en\/wp-json\/wp\/v2\/product"}],"about":[{"href":"https:\/\/classysassybutik.pl\/en\/wp-json\/wp\/v2\/types\/product"}],"replies":[{"embeddable":true,"href":"https:\/\/classysassybutik.pl\/en\/wp-json\/wp\/v2\/comments?post=13212"}],"wp:featuredmedia":[{"embeddable":true,"href":"https:\/\/classysassybutik.pl\/en\/wp-json\/wp\/v2\/media\/13215"}],"wp:attachment":[{"href":"https:\/\/classysassybutik.pl\/en\/wp-json\/wp\/v2\/media?parent=13212"}],"wp:term":[{"taxonomy":"product_brand","embeddable":true,"href":"https:\/\/classysassybutik.pl\/en\/wp-json\/wp\/v2\/product_brand?post=13212"},{"taxonomy":"product_cat","embeddable":true,"href":"https:\/\/classysassybutik.pl\/en\/wp-json\/wp\/v2\/product_cat?post=13212"},{"taxonomy":"product_tag","embeddable":true,"href":"https:\/\/classysassybutik.pl\/en\/wp-json\/wp\/v2\/product_tag?post=13212"}],"curies":[{"name":"wp","href":"https:\/\/api.w.org\/{rel}","templated":true}]}}