{"id":13456,"date":"2026-01-13T08:50:30","date_gmt":"2026-01-13T07:50:30","guid":{"rendered":"https:\/\/classysassybutik.pl\/?post_type=product&#038;p=13456"},"modified":"2026-01-13T08:50:31","modified_gmt":"2026-01-13T07:50:31","slug":"legginsy-z-haftowanym-napisem-la-milla-czarne","status":"publish","type":"product","link":"https:\/\/classysassybutik.pl\/en\/product\/legginsy-z-haftowanym-napisem-la-milla-czarne\/","title":{"rendered":"Legginsy z Haftowanym Napisem La Milla Czarne"},"content":{"rendered":"<p>Czarne legginsy Lamilla to idealne po\u0142\u0105czenie wygody, funkcjonalno\u015bci i efektownego wygl\u0105du. Wykonane z elastycznego, przyjemnego materia\u0142u z ociepleniem, zapewniaj\u0105 perfekcyjne dopasowanie do sylwetki oraz pe\u0142n\u0105 swobod\u0119 ruch\u00f3w w ch\u0142odne dni. Uroku dodaje subtelne logo La Milla wyszywane nad kolanami. Legginsy Lamilla wspaniale modeluj\u0105 nogi, optycznie wysmuklaj\u0105c sylwetk\u0119, a ich klasyczny, czarny kolor pozwala na \u0142atwe \u0142\u0105czenie ich z ulubionymi bluzami, swetrami czy kurtkami. Idealne do codziennych stylizacji, na miasto, na spacer, a nawet do pracy w lu\u017aniejszym wydaniu.<\/p>\n<p>&nbsp;<\/p>\n<p>Sk\u0142ad materia\u0142u: 95% bawe\u0142na, 5% elastan<\/p>\n<p>&nbsp;<\/p>\n<p>S dimensions:<\/p>\n<p>pas 32cm<\/p>\n<p>d\u0142ugo\u015b\u0107 ca\u0142kowita 96cm<\/p>\n<p>&nbsp;<\/p>\n<p>Dimensions M:<\/p>\n<p>pas 36cm<\/p>\n<p>d\u0142ugo\u015b\u0107 ca\u0142kowita 97cm<\/p>\n<p>&nbsp;<\/p>\n<p>L dimensions:<\/p>\n<p>pas 39cm<\/p>\n<p>d\u0142ugo\u015b\u0107 ca\u0142kowita 98cm<\/p>\n<p>&nbsp;<\/p>\n<p>Ubrania mierzone z zewn\u0105trz na p\u0142asko. Poszczeg\u00f3lne wymiary mog\u0105 r\u00f3\u017cni\u0107 si\u0119 +\/- 2 cm.<\/p>\n<p>Producent Polski La Milla<\/p>","protected":false},"excerpt":{"rendered":"<p>Czarne legginsy Lamilla to idealne po\u0142\u0105czenie wygody, funkcjonalno\u015bci i efektownego wygl\u0105du. Wykonane z elastycznego, przyjemnego materia\u0142u z ociepleniem, zapewniaj\u0105 perfekcyjne dopasowanie do sylwetki oraz pe\u0142n\u0105 swobod\u0119 ruch\u00f3w w ch\u0142odne dni. Uroku dodaje subtelne logo La Milla wyszywane nad kolanami. Legginsy Lamilla wspaniale modeluj\u0105 nogi, optycznie wysmuklaj\u0105c sylwetk\u0119, a ich klasyczny, czarny kolor pozwala na \u0142atwe [&hellip;]<\/p>","protected":false},"featured_media":13457,"comment_status":"open","ping_status":"closed","template":"","meta":[],"product_brand":[],"product_cat":[111,94],"product_tag":[],"class_list":{"0":"post-13456","1":"product","2":"type-product","3":"status-publish","4":"has-post-thumbnail","6":"product_cat-legginsy","7":"product_cat-nowosci","9":"first","10":"instock","11":"shipping-taxable","12":"purchasable","13":"product-type-variable"},"_links":{"self":[{"href":"https:\/\/classysassybutik.pl\/en\/wp-json\/wp\/v2\/product\/13456","targetHints":{"allow":["GET"]}}],"collection":[{"href":"https:\/\/classysassybutik.pl\/en\/wp-json\/wp\/v2\/product"}],"about":[{"href":"https:\/\/classysassybutik.pl\/en\/wp-json\/wp\/v2\/types\/product"}],"replies":[{"embeddable":true,"href":"https:\/\/classysassybutik.pl\/en\/wp-json\/wp\/v2\/comments?post=13456"}],"wp:featuredmedia":[{"embeddable":true,"href":"https:\/\/classysassybutik.pl\/en\/wp-json\/wp\/v2\/media\/13457"}],"wp:attachment":[{"href":"https:\/\/classysassybutik.pl\/en\/wp-json\/wp\/v2\/media?parent=13456"}],"wp:term":[{"taxonomy":"product_brand","embeddable":true,"href":"https:\/\/classysassybutik.pl\/en\/wp-json\/wp\/v2\/product_brand?post=13456"},{"taxonomy":"product_cat","embeddable":true,"href":"https:\/\/classysassybutik.pl\/en\/wp-json\/wp\/v2\/product_cat?post=13456"},{"taxonomy":"product_tag","embeddable":true,"href":"https:\/\/classysassybutik.pl\/en\/wp-json\/wp\/v2\/product_tag?post=13456"}],"curies":[{"name":"wp","href":"https:\/\/api.w.org\/{rel}","templated":true}]}}