{"id":13467,"date":"2026-01-13T08:54:07","date_gmt":"2026-01-13T07:54:07","guid":{"rendered":"https:\/\/classysassybutik.pl\/?post_type=product&#038;p=13467"},"modified":"2026-02-24T06:16:43","modified_gmt":"2026-02-24T05:16:43","slug":"koszula-nola-paski-rozowo-biale","status":"publish","type":"product","link":"https:\/\/classysassybutik.pl\/en\/product\/koszula-nola-paski-rozowo-biale\/","title":{"rendered":"Koszula Nola Paski R\u00f3\u017cowo-Bia\u0142e"},"content":{"rendered":"<p>Koszula o asymetrycznym kroju, zapinana na guziki z klasycznym ko\u0142nierzykiem, nadaj\u0105cym jej elegancki charakter. D\u0142ugie, podwijane r\u0119kawy zako\u0144czone mankietami podkre\u015blaj\u0105 stylowy wygl\u0105d. Dzi\u0119ki nietypowemu fasonowi \u015bwietnie sprawdzi si\u0119 zar\u00f3wno w eleganckich, jak i casualowych stylizacjach.<\/p>\n<p>Universal size<\/p>\n<p>Imported product<\/p>","protected":false},"excerpt":{"rendered":"<p>Koszula o asymetrycznym kroju, zapinana na guziki z klasycznym ko\u0142nierzykiem, nadaj\u0105cym jej elegancki charakter. D\u0142ugie, podwijane r\u0119kawy zako\u0144czone mankietami podkre\u015blaj\u0105 stylowy wygl\u0105d. Dzi\u0119ki nietypowemu fasonowi \u015bwietnie sprawdzi si\u0119 zar\u00f3wno w eleganckich, jak i casualowych stylizacjach. Rozmiar uniwersalny Produkt importowany<\/p>","protected":false},"featured_media":13469,"comment_status":"open","ping_status":"closed","template":"","meta":[],"product_brand":[],"product_cat":[114,94],"product_tag":[],"class_list":{"0":"post-13467","1":"product","2":"type-product","3":"status-publish","4":"has-post-thumbnail","6":"product_cat-koszula","7":"product_cat-nowosci","9":"first","10":"instock","11":"sale","12":"shipping-taxable","13":"purchasable","14":"product-type-simple"},"_links":{"self":[{"href":"https:\/\/classysassybutik.pl\/en\/wp-json\/wp\/v2\/product\/13467","targetHints":{"allow":["GET"]}}],"collection":[{"href":"https:\/\/classysassybutik.pl\/en\/wp-json\/wp\/v2\/product"}],"about":[{"href":"https:\/\/classysassybutik.pl\/en\/wp-json\/wp\/v2\/types\/product"}],"replies":[{"embeddable":true,"href":"https:\/\/classysassybutik.pl\/en\/wp-json\/wp\/v2\/comments?post=13467"}],"wp:featuredmedia":[{"embeddable":true,"href":"https:\/\/classysassybutik.pl\/en\/wp-json\/wp\/v2\/media\/13469"}],"wp:attachment":[{"href":"https:\/\/classysassybutik.pl\/en\/wp-json\/wp\/v2\/media?parent=13467"}],"wp:term":[{"taxonomy":"product_brand","embeddable":true,"href":"https:\/\/classysassybutik.pl\/en\/wp-json\/wp\/v2\/product_brand?post=13467"},{"taxonomy":"product_cat","embeddable":true,"href":"https:\/\/classysassybutik.pl\/en\/wp-json\/wp\/v2\/product_cat?post=13467"},{"taxonomy":"product_tag","embeddable":true,"href":"https:\/\/classysassybutik.pl\/en\/wp-json\/wp\/v2\/product_tag?post=13467"}],"curies":[{"name":"wp","href":"https:\/\/api.w.org\/{rel}","templated":true}]}}