{"id":13479,"date":"2026-01-13T15:23:55","date_gmt":"2026-01-13T14:23:55","guid":{"rendered":"https:\/\/classysassybutik.pl\/?post_type=product&#038;p=13479"},"modified":"2026-01-13T15:24:34","modified_gmt":"2026-01-13T14:24:34","slug":"legginsy-prazek-la-milla-ecru","status":"publish","type":"product","link":"https:\/\/classysassybutik.pl\/en\/product\/legginsy-prazek-la-milla-ecru\/","title":{"rendered":"Legginsy Pr\u0105\u017cek La Milla Ecru"},"content":{"rendered":"<p>Klasyczne legginsy od La Milla to must-have w ka\u017cdej kobiecej szafie. Wykonane z elastycznego materia\u0142u, idealnie dopasowuj\u0105 si\u0119 do sylwetki, podkre\u015blaj\u0105c jej atuty. G\u0142adki fason bez zb\u0119dnych zdobie\u0144 sprawia, \u017ce s\u0105 niezwykle uniwersalne \u2013 doskona\u0142e do codziennych stylizacji, jak i na trening, spacer czy relaks w domu.<\/p>\n<p>Sk\u0142ad: 95% Bawe\u0142na,5% Elastan<\/p>\n<p>Polish manufacturer<\/p>","protected":false},"excerpt":{"rendered":"<p>Klasyczne legginsy od La Milla to must-have w ka\u017cdej kobiecej szafie. Wykonane z elastycznego materia\u0142u, idealnie dopasowuj\u0105 si\u0119 do sylwetki, podkre\u015blaj\u0105c jej atuty. G\u0142adki fason bez zb\u0119dnych zdobie\u0144 sprawia, \u017ce s\u0105 niezwykle uniwersalne \u2013 doskona\u0142e do codziennych stylizacji, jak i na trening, spacer czy relaks w domu. Sk\u0142ad: 95% Bawe\u0142na,5% Elastan Producent Polski<\/p>","protected":false},"featured_media":13480,"comment_status":"open","ping_status":"closed","template":"","meta":[],"product_brand":[],"product_cat":[111],"product_tag":[],"class_list":{"0":"post-13479","1":"product","2":"type-product","3":"status-publish","4":"has-post-thumbnail","6":"product_cat-legginsy","8":"first","9":"instock","10":"sale","11":"shipping-taxable","12":"purchasable","13":"product-type-variable"},"_links":{"self":[{"href":"https:\/\/classysassybutik.pl\/en\/wp-json\/wp\/v2\/product\/13479","targetHints":{"allow":["GET"]}}],"collection":[{"href":"https:\/\/classysassybutik.pl\/en\/wp-json\/wp\/v2\/product"}],"about":[{"href":"https:\/\/classysassybutik.pl\/en\/wp-json\/wp\/v2\/types\/product"}],"replies":[{"embeddable":true,"href":"https:\/\/classysassybutik.pl\/en\/wp-json\/wp\/v2\/comments?post=13479"}],"wp:featuredmedia":[{"embeddable":true,"href":"https:\/\/classysassybutik.pl\/en\/wp-json\/wp\/v2\/media\/13480"}],"wp:attachment":[{"href":"https:\/\/classysassybutik.pl\/en\/wp-json\/wp\/v2\/media?parent=13479"}],"wp:term":[{"taxonomy":"product_brand","embeddable":true,"href":"https:\/\/classysassybutik.pl\/en\/wp-json\/wp\/v2\/product_brand?post=13479"},{"taxonomy":"product_cat","embeddable":true,"href":"https:\/\/classysassybutik.pl\/en\/wp-json\/wp\/v2\/product_cat?post=13479"},{"taxonomy":"product_tag","embeddable":true,"href":"https:\/\/classysassybutik.pl\/en\/wp-json\/wp\/v2\/product_tag?post=13479"}],"curies":[{"name":"wp","href":"https:\/\/api.w.org\/{rel}","templated":true}]}}