{"id":13503,"date":"2026-01-14T16:03:02","date_gmt":"2026-01-14T15:03:02","guid":{"rendered":"https:\/\/classysassybutik.pl\/?post_type=product&#038;p=13503"},"modified":"2026-02-24T06:15:36","modified_gmt":"2026-02-24T05:15:36","slug":"koszula-rozowa-w-paski-la-milla","status":"publish","type":"product","link":"https:\/\/classysassybutik.pl\/en\/product\/koszula-rozowa-w-paski-la-milla\/","title":{"rendered":"Koszula R\u00f3\u017cowa w Paski La Milla"},"content":{"rendered":"<p>Material composition:<\/p>\n<p>100% Bawe\u0142na<\/p>\n<p>&nbsp;<\/p>\n<p>Dimensions:<\/p>\n<p>D\u0142ugo\u015b\u0107 ca\u0142kowita \u2013 75 cm<\/p>\n<p>Szeroko\u015b\u0107 w ramionach \u2013 64 cm<\/p>\n<p>Szeroko\u015b\u0107 od pachy do pachy \u2013 65 cm<\/p>\n<p>Szeroko\u015b\u0107 w talii \u2013 65 cm<\/p>\n<p>D\u0142ugo\u015b\u0107 r\u0119kawa od pachy \u2013 50 cm<\/p>\n<p>&nbsp;<\/p>\n<p>Clothes measured flat! Individual measurements may vary +\/- 2 cm.<\/p>\n<p>&nbsp;<\/p>\n<p>Polish product.<\/p>","protected":false},"excerpt":{"rendered":"<p>Sk\u0142ad materia\u0142u: 100% Bawe\u0142na &nbsp; Wymiary: D\u0142ugo\u015b\u0107 ca\u0142kowita \u2013 75 cm Szeroko\u015b\u0107 w ramionach \u2013 64 cm Szeroko\u015b\u0107 od pachy do pachy \u2013 65 cm Szeroko\u015b\u0107 w talii \u2013 65 cm D\u0142ugo\u015b\u0107 r\u0119kawa od pachy \u2013 50 cm &nbsp; Ubrania mierzone na p\u0142asko! Poszczeg\u00f3lne wymiary mog\u0105 r\u00f3\u017cni\u0107 si\u0119 +\/- 2 cm. &nbsp; Produkt polski.<\/p>","protected":false},"featured_media":13505,"comment_status":"open","ping_status":"closed","template":"","meta":[],"product_brand":[],"product_cat":[114,94],"product_tag":[],"class_list":{"0":"post-13503","1":"product","2":"type-product","3":"status-publish","4":"has-post-thumbnail","6":"product_cat-koszula","7":"product_cat-nowosci","9":"first","10":"instock","11":"sale","12":"shipping-taxable","13":"purchasable","14":"product-type-simple"},"_links":{"self":[{"href":"https:\/\/classysassybutik.pl\/en\/wp-json\/wp\/v2\/product\/13503","targetHints":{"allow":["GET"]}}],"collection":[{"href":"https:\/\/classysassybutik.pl\/en\/wp-json\/wp\/v2\/product"}],"about":[{"href":"https:\/\/classysassybutik.pl\/en\/wp-json\/wp\/v2\/types\/product"}],"replies":[{"embeddable":true,"href":"https:\/\/classysassybutik.pl\/en\/wp-json\/wp\/v2\/comments?post=13503"}],"wp:featuredmedia":[{"embeddable":true,"href":"https:\/\/classysassybutik.pl\/en\/wp-json\/wp\/v2\/media\/13505"}],"wp:attachment":[{"href":"https:\/\/classysassybutik.pl\/en\/wp-json\/wp\/v2\/media?parent=13503"}],"wp:term":[{"taxonomy":"product_brand","embeddable":true,"href":"https:\/\/classysassybutik.pl\/en\/wp-json\/wp\/v2\/product_brand?post=13503"},{"taxonomy":"product_cat","embeddable":true,"href":"https:\/\/classysassybutik.pl\/en\/wp-json\/wp\/v2\/product_cat?post=13503"},{"taxonomy":"product_tag","embeddable":true,"href":"https:\/\/classysassybutik.pl\/en\/wp-json\/wp\/v2\/product_tag?post=13503"}],"curies":[{"name":"wp","href":"https:\/\/api.w.org\/{rel}","templated":true}]}}