{"id":13516,"date":"2026-01-14T16:10:41","date_gmt":"2026-01-14T15:10:41","guid":{"rendered":"https:\/\/classysassybutik.pl\/?post_type=product&#038;p=13516"},"modified":"2026-02-01T12:19:07","modified_gmt":"2026-02-01T11:19:07","slug":"koszula-rozowa-z-krawatem-la-milla","status":"publish","type":"product","link":"https:\/\/classysassybutik.pl\/en\/product\/koszula-rozowa-z-krawatem-la-milla\/","title":{"rendered":"Koszula R\u00f3\u017cowa z Krawatem La Milla"},"content":{"rendered":"<p data-start=\"186\" data-end=\"399\">Klasyka w zupe\u0142nie nowym stylu &#8211; koszula\u00a0<strong data-start=\"229\" data-end=\"241\">La Milla<\/strong>\u00a0to po\u0142\u0105czenie ponadczasowej elegancji i najnowszych trend\u00f3w. Model o lekko oversize\u2019owym kroju, wykonany z wysokogatunkowej, przyjemnej w dotyku bawe\u0142ny. Ca\u0142o\u015b\u0107 dope\u0142nia efektowny\u00a0<strong data-start=\"427\" data-end=\"476\">czarny krawat z metalowym emblematem La Milla<\/strong>, kt\u00f3ry nadaje stylizacji charakteru i szyku w klimacie \u201efashion office look\u201d.<\/p>\n<p data-start=\"558\" data-end=\"775\">Koszul\u0119 mo\u017cna stylizowa\u0107 na wiele sposob\u00f3w \u2014 z eleganck\u0105 sp\u00f3dnic\u0105 i marynark\u0105 lub w wersji nowoczesnej, ze spodenkami i botkami.<br data-start=\"686\" data-end=\"689\" \/>To must-have w szafie ka\u017cdej kobiety, kt\u00f3ra ceni klas\u0119 i odrobin\u0119 modowego pazura.<\/p>\n<p data-start=\"558\" data-end=\"775\"><strong>Composition:<\/strong>\u00a0100% cotton<\/p>\n<p data-start=\"558\" data-end=\"775\"><strong>Dimensions:\u00a0<\/strong><\/p>\n<p data-start=\"558\" data-end=\"775\">D\u0142ugo\u015b\u0107 ca\u0142kowita: 68 cm<br \/>\nBust circumference: 126 cm<\/p>\n<p><strong>Produkt mierzony na p\u0142asko. Wymiary mog\u0105 r\u00f3\u017cni\u0107 si\u0119 +\/-2 cm.<br \/>\n<\/strong><strong>Polish-made product.<\/strong><\/p>","protected":false},"excerpt":{"rendered":"<p>Klasyka w zupe\u0142nie nowym stylu &#8211; koszula La Milla to po\u0142\u0105czenie ponadczasowej elegancji i najnowszych trend\u00f3w. Model o lekko oversize\u2019owym kroju, wykonany z wysokogatunkowej, przyjemnej w dotyku bawe\u0142ny. Ca\u0142o\u015b\u0107 dope\u0142nia efektowny czarny krawat z metalowym emblematem La Milla, kt\u00f3ry nadaje stylizacji charakteru i szyku.<\/p>\n<p>&nbsp;<\/p>\n<p>Koszul\u0119 mo\u017cna stylizowa\u0107 na wiele sposob\u00f3w \u2014 z eleganck\u0105 sp\u00f3dnic\u0105 i marynark\u0105 lub w wersji nowoczesnej, ze spodenkami i botkami.<\/p>\n<p>To must-have w szafie ka\u017cdej kobiety, kt\u00f3ra ceni klas\u0119 i odrobin\u0119 modowego pazura.<\/p>\n<p>&nbsp;<\/p>\n<p>Sk\u0142ad: 100% bawe\u0142na<\/p>\n<p>&nbsp;<\/p>\n<p>Dimensions:<\/p>\n<p>D\u0142ugo\u015b\u0107 ca\u0142kowita: 68 cm<\/p>\n<p>Bust circumference: 126 cm<\/p>\n<p>&nbsp;<\/p>\n<p>Produkt mierzony na p\u0142asko. Wymiary mog\u0105 r\u00f3\u017cni\u0107 si\u0119 +\/-2 cm.<\/p>\n<p>Polish-made product.<\/p>","protected":false},"featured_media":13519,"comment_status":"open","ping_status":"closed","template":"","meta":[],"product_brand":[],"product_cat":[114,94],"product_tag":[],"class_list":{"0":"post-13516","1":"product","2":"type-product","3":"status-publish","4":"has-post-thumbnail","6":"product_cat-koszula","7":"product_cat-nowosci","9":"first","10":"instock","11":"shipping-taxable","12":"purchasable","13":"product-type-simple"},"_links":{"self":[{"href":"https:\/\/classysassybutik.pl\/en\/wp-json\/wp\/v2\/product\/13516","targetHints":{"allow":["GET"]}}],"collection":[{"href":"https:\/\/classysassybutik.pl\/en\/wp-json\/wp\/v2\/product"}],"about":[{"href":"https:\/\/classysassybutik.pl\/en\/wp-json\/wp\/v2\/types\/product"}],"replies":[{"embeddable":true,"href":"https:\/\/classysassybutik.pl\/en\/wp-json\/wp\/v2\/comments?post=13516"}],"wp:featuredmedia":[{"embeddable":true,"href":"https:\/\/classysassybutik.pl\/en\/wp-json\/wp\/v2\/media\/13519"}],"wp:attachment":[{"href":"https:\/\/classysassybutik.pl\/en\/wp-json\/wp\/v2\/media?parent=13516"}],"wp:term":[{"taxonomy":"product_brand","embeddable":true,"href":"https:\/\/classysassybutik.pl\/en\/wp-json\/wp\/v2\/product_brand?post=13516"},{"taxonomy":"product_cat","embeddable":true,"href":"https:\/\/classysassybutik.pl\/en\/wp-json\/wp\/v2\/product_cat?post=13516"},{"taxonomy":"product_tag","embeddable":true,"href":"https:\/\/classysassybutik.pl\/en\/wp-json\/wp\/v2\/product_tag?post=13516"}],"curies":[{"name":"wp","href":"https:\/\/api.w.org\/{rel}","templated":true}]}}