{"id":13543,"date":"2026-01-14T16:27:27","date_gmt":"2026-01-14T15:27:27","guid":{"rendered":"https:\/\/classysassybutik.pl\/?post_type=product&#038;p=13543"},"modified":"2026-04-11T15:49:55","modified_gmt":"2026-04-11T13:49:55","slug":"tshirt-pudrowy-roz-vogue","status":"publish","type":"product","link":"https:\/\/classysassybutik.pl\/en\/product\/tshirt-pudrowy-roz-vogue\/","title":{"rendered":"Tshirt Pudrowy R\u00f3\u017c Vogue"},"content":{"rendered":"<p>Oversize\u2019owa koszulka z ozdobnym nadrukiem to co\u015b wi\u0119cej ni\u017c tylko basic. To ten element garderoby, po kt\u00f3ry si\u0119gasz bez zastanowienia \u2014 kiedy chcesz czu\u0107 si\u0119 swobodnie, ale wygl\u0105da\u0107 dobrze. Lu\u017any kr\u00f3j otula cia\u0142o bez opinania, a mi\u0119kki, przyjemny w dotyku materia\u0142 daje komfort, za kt\u00f3rym si\u0119 t\u0119skni przez ca\u0142y dzie\u0144. Nadruk przyci\u0105ga spojrzenia, dodaje charakteru i sprawia, \u017ce stylizacja robi si\u0119\u2026 kompletna. Za\u0142\u00f3\u017c j\u0105 do leggins\u00f3w, dres\u00f3w, oversize\u2019owej marynarki albo po prostu do ulubionych jeans\u00f3w. To nie jest zwyk\u0142y t-shirt. To Twoja codzienno\u015b\u0107 w wersji stylowej.<\/p>\n<p>&nbsp;<\/p>\n<p>universal size<\/p>\n<p>szeroko\u015b\u0107 w biu\u015bcie 138 cm<\/p>\n<p>d\u0142ugo\u015b\u0107 ca\u0142kowita 63 cm<\/p>\n<p>d\u0142ugo\u015b\u0107 r\u0119kawa 21 cm<\/p>\n<p>Produkt mierzony na p\u0142asko, bez rozci\u0105gania. Podane wymiary mog\u0105 r\u00f3\u017cni\u0107 si\u0119 +\/- 2 cm.<\/p>","protected":false},"excerpt":{"rendered":"<p>Oversize\u2019owa koszulka z ozdobnym nadrukiem to co\u015b wi\u0119cej ni\u017c tylko basic. To ten element garderoby, po kt\u00f3ry si\u0119gasz bez zastanowienia \u2014 kiedy chcesz czu\u0107 si\u0119 swobodnie, ale wygl\u0105da\u0107 dobrze. Lu\u017any kr\u00f3j otula cia\u0142o bez opinania, a mi\u0119kki, przyjemny w dotyku materia\u0142 daje komfort, za kt\u00f3rym si\u0119 t\u0119skni przez ca\u0142y dzie\u0144. Nadruk przyci\u0105ga spojrzenia, dodaje charakteru [&hellip;]<\/p>","protected":false},"featured_media":13545,"comment_status":"open","ping_status":"closed","template":"","meta":[],"product_brand":[],"product_cat":[94,22],"product_tag":[],"class_list":{"0":"post-13543","1":"product","2":"type-product","3":"status-publish","4":"has-post-thumbnail","6":"product_cat-nowosci","7":"product_cat-tshirty","9":"first","10":"instock","11":"sale","12":"shipping-taxable","13":"purchasable","14":"product-type-simple"},"_links":{"self":[{"href":"https:\/\/classysassybutik.pl\/en\/wp-json\/wp\/v2\/product\/13543","targetHints":{"allow":["GET"]}}],"collection":[{"href":"https:\/\/classysassybutik.pl\/en\/wp-json\/wp\/v2\/product"}],"about":[{"href":"https:\/\/classysassybutik.pl\/en\/wp-json\/wp\/v2\/types\/product"}],"replies":[{"embeddable":true,"href":"https:\/\/classysassybutik.pl\/en\/wp-json\/wp\/v2\/comments?post=13543"}],"wp:featuredmedia":[{"embeddable":true,"href":"https:\/\/classysassybutik.pl\/en\/wp-json\/wp\/v2\/media\/13545"}],"wp:attachment":[{"href":"https:\/\/classysassybutik.pl\/en\/wp-json\/wp\/v2\/media?parent=13543"}],"wp:term":[{"taxonomy":"product_brand","embeddable":true,"href":"https:\/\/classysassybutik.pl\/en\/wp-json\/wp\/v2\/product_brand?post=13543"},{"taxonomy":"product_cat","embeddable":true,"href":"https:\/\/classysassybutik.pl\/en\/wp-json\/wp\/v2\/product_cat?post=13543"},{"taxonomy":"product_tag","embeddable":true,"href":"https:\/\/classysassybutik.pl\/en\/wp-json\/wp\/v2\/product_tag?post=13543"}],"curies":[{"name":"wp","href":"https:\/\/api.w.org\/{rel}","templated":true}]}}