{"id":13559,"date":"2026-01-14T16:44:13","date_gmt":"2026-01-14T15:44:13","guid":{"rendered":"https:\/\/classysassybutik.pl\/?post_type=product&#038;p=13559"},"modified":"2026-04-11T15:49:40","modified_gmt":"2026-04-11T13:49:40","slug":"komplet-dresowy-lou-mietowy","status":"publish","type":"product","link":"https:\/\/classysassybutik.pl\/en\/product\/komplet-dresowy-lou-mietowy\/","title":{"rendered":"Komplet Dresowy Lou Mi\u0119towy"},"content":{"rendered":"<p dir=\"ltr\">\nMi\u0119towy kolor nadaje ca\u0142o\u015bci elegancki i modny wygl\u0105d. Ten dres to doskona\u0142y wyb\u00f3r dla kobiet ceni\u0105cych sobie nie tylko wygod\u0119, ale r\u00f3wnie\u017c modny wygl\u0105d.<\/p>\n<p dir=\"ltr\">Idealny na co dzie\u0144, na spotkania z przyjaci\u00f3\u0142mi czy leniwe weekendy. Zestawiaj go z ulubionymi sneakersami lub botkami, aby stworzy\u0107 niepowtarzalny, casualowy look.<\/p>\n<p dir=\"ltr\">Postaw na polsk\u0105 mark\u0119 Me Gusta i ciesz si\u0119 jako\u015bci\u0105 oraz stylem, kt\u00f3re zachwyc\u0105 ka\u017cdego!<\/p>\n<p dir=\"ltr\"><b>Composition: 95% cotton 5% elastane<\/b><br \/>\n<b>Kolor: r\u00f3\u017cowy<\/b><br \/>\n<b>Polska marka: Me Gusta<\/b><\/p>\n<p dir=\"ltr\"><b>Rozmiar: Uniwersalny<\/b><\/p>\n<p dir=\"ltr\">Wymiary: +\/- 1 cm<\/p>\n<p dir=\"ltr\"><b>PANTS<\/b><\/p>\n<p dir=\"ltr\">szeroko\u015b\u0107 w pasie\/naddaje si\u0119 do: 33\/45 x2<\/p>\n<p dir=\"ltr\">szeroko\u015b\u0107 okolice bioder: 49 x2<\/p>\n<p dir=\"ltr\">d\u0142ugo\u015b\u0107 ca\u0142kowita: 105<\/p>\n<p dir=\"ltr\">d\u0142ugo\u015b\u0107 nogawki wew.: 79<\/p>\n<p dir=\"ltr\"><b>BLUFF<\/b><\/p>\n<p dir=\"ltr\">szeroko\u015b\u0107 pod pachami: 69 x2<\/p>\n<p dir=\"ltr\">szeroko\u015b\u0107 do\u0142em: 55 x2<\/p>\n<p dir=\"ltr\">d\u0142ugo\u015b\u0107 ca\u0142kowita: 52<\/p>\n<p dir=\"ltr\">d\u0142ugo\u015b\u0107 r\u0119kawa od dekoltu: 80<\/p>","protected":false},"excerpt":{"rendered":"<p>Mi\u0119towy kolor nadaje ca\u0142o\u015bci elegancki i modny wygl\u0105d. Ten dres to doskona\u0142y wyb\u00f3r dla kobiet ceni\u0105cych sobie nie tylko wygod\u0119, ale r\u00f3wnie\u017c modny wygl\u0105d. Idealny na co dzie\u0144, na spotkania z przyjaci\u00f3\u0142mi czy leniwe weekendy. Zestawiaj go z ulubionymi sneakersami lub botkami, aby stworzy\u0107 niepowtarzalny, casualowy look. Postaw na polsk\u0105 mark\u0119 Me Gusta i ciesz [&hellip;]<\/p>","protected":false},"featured_media":13560,"comment_status":"open","ping_status":"closed","template":"","meta":[],"product_brand":[],"product_cat":[21,94],"product_tag":[],"class_list":{"0":"post-13559","1":"product","2":"type-product","3":"status-publish","4":"has-post-thumbnail","6":"product_cat-komplety","7":"product_cat-nowosci","9":"first","10":"instock","11":"sale","12":"shipping-taxable","13":"purchasable","14":"product-type-simple"},"_links":{"self":[{"href":"https:\/\/classysassybutik.pl\/en\/wp-json\/wp\/v2\/product\/13559","targetHints":{"allow":["GET"]}}],"collection":[{"href":"https:\/\/classysassybutik.pl\/en\/wp-json\/wp\/v2\/product"}],"about":[{"href":"https:\/\/classysassybutik.pl\/en\/wp-json\/wp\/v2\/types\/product"}],"replies":[{"embeddable":true,"href":"https:\/\/classysassybutik.pl\/en\/wp-json\/wp\/v2\/comments?post=13559"}],"wp:featuredmedia":[{"embeddable":true,"href":"https:\/\/classysassybutik.pl\/en\/wp-json\/wp\/v2\/media\/13560"}],"wp:attachment":[{"href":"https:\/\/classysassybutik.pl\/en\/wp-json\/wp\/v2\/media?parent=13559"}],"wp:term":[{"taxonomy":"product_brand","embeddable":true,"href":"https:\/\/classysassybutik.pl\/en\/wp-json\/wp\/v2\/product_brand?post=13559"},{"taxonomy":"product_cat","embeddable":true,"href":"https:\/\/classysassybutik.pl\/en\/wp-json\/wp\/v2\/product_cat?post=13559"},{"taxonomy":"product_tag","embeddable":true,"href":"https:\/\/classysassybutik.pl\/en\/wp-json\/wp\/v2\/product_tag?post=13559"}],"curies":[{"name":"wp","href":"https:\/\/api.w.org\/{rel}","templated":true}]}}