{"id":13579,"date":"2026-01-15T19:44:09","date_gmt":"2026-01-15T18:44:09","guid":{"rendered":"https:\/\/classysassybutik.pl\/?post_type=product&#038;p=13579"},"modified":"2026-04-06T10:06:06","modified_gmt":"2026-04-06T08:06:06","slug":"spodnie-jeansowe-sally","status":"publish","type":"product","link":"https:\/\/classysassybutik.pl\/en\/product\/spodnie-jeansowe-sally\/","title":{"rendered":"Spodnie Jeansowe Sally"},"content":{"rendered":"<div class=\"\">\n<p><a id=\"__BVID__106___BV_tab_button__\" class=\"nav-link active\" role=\"tab\" href=\"https:\/\/varlesca.pl\/ubrania\/spodnie-callum-jeans-jasnoniebieskie,p-46413#\" target=\"_self\" aria-selected=\"true\" aria-setsize=\"2\" aria-posinset=\"1\" aria-controls=\"__BVID__106\" rel=\"noopener\"><\/a><b>Composition<\/b>: 72% bawe\u0142na, 26% poliester, 2% elastan<\/p>\n<\/div>\n<div id=\"__BVID__105__BV_tab_container_\" class=\"tab-content\">\n<div id=\"__BVID__106\" class=\"tab-pane no-underline active\" role=\"tabpanel\" aria-hidden=\"false\" aria-labelledby=\"__BVID__106___BV_tab_button__\">\n<p>Spodnie Sally to doskona\u0142a baza stylizacji. \u015awietnie sprawdzi si\u0119 w zestawieniu z ulubionym t-shirtem, koszul\u0105 czy sweterkiem. To zdecydowany Must Have w kobiecej garderobie.<\/p>\n<p>&#8211; jeansowe wyko\u0144czenie<br \/>\n&#8211; wysoki stan<br \/>\n&#8211; zapi\u0119cie na guzik<br \/>\n&#8211; szerokie nogawki<\/p>\n<p><b>XS dimensions:<\/b><\/p>\n<p>D\u0142ugo\u015b\u0107 ca\u0142kowita: 104 cm<br \/>\nLeg length: 73 cm<br \/>\nState height: 31 cm<br \/>\nWaist circumference: from 66 cm to 72 cm<br \/>\nHip circumference: 104 cm<\/p>\n<p><b>S dimensions:<\/b><\/p>\n<p>D\u0142ugo\u015b\u0107 ca\u0142kowita: 104 cm<br \/>\nLeg length: 73 cm<br \/>\nState height: 31 cm<br \/>\nObw\u00f3d w pasie: od 70 cm do 76 cm<br \/>\nHip circumference: 108 cm<\/p>\n<p><b>Dimensions M:<\/b><\/p>\n<p>D\u0142ugo\u015b\u0107 ca\u0142kowita: 105 cm<br \/>\nLeg length: 74 cm<br \/>\nState height: 31 cm<br \/>\nObw\u00f3d w pasie: od 74 cm do 80 cm<br \/>\nHip circumference: 112 cm<\/p>\n<p><b>L dimensions:<\/b><\/p>\n<p>D\u0142ugo\u015b\u0107 ca\u0142kowita: 105 cm<br \/>\nLeg length: 74 cm<br \/>\nState height: 31 cm<br \/>\nWaist circumference: 78 cm to 84 cm<br \/>\nHip circumference: 116 cm<\/p>\n<p><b>Clothes measured flat! Individual measurements may vary +\/- 2 cm.<\/b><\/p>\n<p>Produkt z importu.<\/p>\n<\/div>\n<\/div>","protected":false},"excerpt":{"rendered":"<p>Sk\u0142ad: 72% bawe\u0142na, 26% poliester, 2% elastan Spodnie Sally to doskona\u0142a baza stylizacji. \u015awietnie sprawdzi si\u0119 w zestawieniu z ulubionym t-shirtem, koszul\u0105 czy sweterkiem. To zdecydowany Must Have w kobiecej garderobie. &#8211; jeansowe wyko\u0144czenie &#8211; wysoki stan &#8211; zapi\u0119cie na guzik &#8211; szerokie nogawki Wymiary XS: D\u0142ugo\u015b\u0107 ca\u0142kowita: 104 cm D\u0142ugo\u015b\u0107 nogawki: 73 cm Wysoko\u015b\u0107 [&hellip;]<\/p>","protected":false},"featured_media":13580,"comment_status":"open","ping_status":"closed","template":"","meta":[],"product_brand":[],"product_cat":[94,30],"product_tag":[],"class_list":{"0":"post-13579","1":"product","2":"type-product","3":"status-publish","4":"has-post-thumbnail","6":"product_cat-nowosci","7":"product_cat-spodnie","9":"first","10":"instock","11":"sale","12":"shipping-taxable","13":"purchasable","14":"product-type-variable"},"_links":{"self":[{"href":"https:\/\/classysassybutik.pl\/en\/wp-json\/wp\/v2\/product\/13579","targetHints":{"allow":["GET"]}}],"collection":[{"href":"https:\/\/classysassybutik.pl\/en\/wp-json\/wp\/v2\/product"}],"about":[{"href":"https:\/\/classysassybutik.pl\/en\/wp-json\/wp\/v2\/types\/product"}],"replies":[{"embeddable":true,"href":"https:\/\/classysassybutik.pl\/en\/wp-json\/wp\/v2\/comments?post=13579"}],"wp:featuredmedia":[{"embeddable":true,"href":"https:\/\/classysassybutik.pl\/en\/wp-json\/wp\/v2\/media\/13580"}],"wp:attachment":[{"href":"https:\/\/classysassybutik.pl\/en\/wp-json\/wp\/v2\/media?parent=13579"}],"wp:term":[{"taxonomy":"product_brand","embeddable":true,"href":"https:\/\/classysassybutik.pl\/en\/wp-json\/wp\/v2\/product_brand?post=13579"},{"taxonomy":"product_cat","embeddable":true,"href":"https:\/\/classysassybutik.pl\/en\/wp-json\/wp\/v2\/product_cat?post=13579"},{"taxonomy":"product_tag","embeddable":true,"href":"https:\/\/classysassybutik.pl\/en\/wp-json\/wp\/v2\/product_tag?post=13579"}],"curies":[{"name":"wp","href":"https:\/\/api.w.org\/{rel}","templated":true}]}}