{"id":13612,"date":"2026-01-20T09:18:28","date_gmt":"2026-01-20T08:18:28","guid":{"rendered":"https:\/\/classysassybutik.pl\/?post_type=product&#038;p=13612"},"modified":"2026-01-20T09:18:29","modified_gmt":"2026-01-20T08:18:29","slug":"crop-top-limonka","status":"publish","type":"product","link":"https:\/\/classysassybutik.pl\/en\/product\/crop-top-limonka\/","title":{"rendered":"Crop Top Limonka"},"content":{"rendered":"<p>Koszulka cropp bawe\u0142na z elastanem, z poduszkami w ramionach. \u015awietna baza do wszystkich stylizacji. Niezast\u0105piony element szafy. Bardzo dobra jako\u015b\u0107, gruby, mi\u0119sisty, pracuj\u0105cy materia\u0142. Rozmiar uniwersalny oversize.<\/p>\n<p>Polska produkcja.<\/p>\n<p>&nbsp;<\/p>\n<p>Rozmiary w cm (+\/- 2cm):<\/p>\n<p>d\u0142ugo\u015b\u0107: 49<\/p>\n<p>szeroko\u015b\u0107 pod pachami: 49 x2<\/p>\n<p>d\u0142ugo\u015b\u0107 r\u0119kawka: 23<\/p>\n<p>&nbsp;<\/p>\n<p>Material composition:<\/p>\n<p>bawe\u0142na: 95%<\/p>\n<p>elastan: 5%<\/p>","protected":false},"excerpt":{"rendered":"<p>Koszulka cropp bawe\u0142na z elastanem, z poduszkami w ramionach. \u015awietna baza do wszystkich stylizacji. Niezast\u0105piony element szafy. Bardzo dobra jako\u015b\u0107, gruby, mi\u0119sisty, pracuj\u0105cy materia\u0142. Rozmiar uniwersalny oversize. Polska produkcja. &nbsp; Rozmiary w cm (+\/- 2cm): d\u0142ugo\u015b\u0107: 49 szeroko\u015b\u0107 pod pachami: 49 x2 d\u0142ugo\u015b\u0107 r\u0119kawka: 23 &nbsp; Sk\u0142ad materia\u0142u: bawe\u0142na: 95% elastan: 5%<\/p>","protected":false},"featured_media":13613,"comment_status":"open","ping_status":"closed","template":"","meta":[],"product_brand":[],"product_cat":[94,22],"product_tag":[],"class_list":{"0":"post-13612","1":"product","2":"type-product","3":"status-publish","4":"has-post-thumbnail","6":"product_cat-nowosci","7":"product_cat-tshirty","9":"first","10":"instock","11":"shipping-taxable","12":"purchasable","13":"product-type-simple"},"_links":{"self":[{"href":"https:\/\/classysassybutik.pl\/en\/wp-json\/wp\/v2\/product\/13612","targetHints":{"allow":["GET"]}}],"collection":[{"href":"https:\/\/classysassybutik.pl\/en\/wp-json\/wp\/v2\/product"}],"about":[{"href":"https:\/\/classysassybutik.pl\/en\/wp-json\/wp\/v2\/types\/product"}],"replies":[{"embeddable":true,"href":"https:\/\/classysassybutik.pl\/en\/wp-json\/wp\/v2\/comments?post=13612"}],"wp:featuredmedia":[{"embeddable":true,"href":"https:\/\/classysassybutik.pl\/en\/wp-json\/wp\/v2\/media\/13613"}],"wp:attachment":[{"href":"https:\/\/classysassybutik.pl\/en\/wp-json\/wp\/v2\/media?parent=13612"}],"wp:term":[{"taxonomy":"product_brand","embeddable":true,"href":"https:\/\/classysassybutik.pl\/en\/wp-json\/wp\/v2\/product_brand?post=13612"},{"taxonomy":"product_cat","embeddable":true,"href":"https:\/\/classysassybutik.pl\/en\/wp-json\/wp\/v2\/product_cat?post=13612"},{"taxonomy":"product_tag","embeddable":true,"href":"https:\/\/classysassybutik.pl\/en\/wp-json\/wp\/v2\/product_tag?post=13612"}],"curies":[{"name":"wp","href":"https:\/\/api.w.org\/{rel}","templated":true}]}}